{"id":4349,"date":"2026-01-06T15:18:31","date_gmt":"2026-01-06T07:18:31","guid":{"rendered":"https:\/\/minghanggroup.com\/?post_type=product&#038;p=4349"},"modified":"2026-01-06T15:18:32","modified_gmt":"2026-01-06T07:18:32","slug":"custom-square-perfume-bottles-with-marble-lids-bulk","status":"publish","type":"product","link":"https:\/\/minghanggroup.com\/pt\/produto\/custom-square-perfume-bottles-with-marble-lids-bulk\/","title":{"rendered":"Frascos de perfume quadrados personalizados de 30ml, 50ml e 100ml com tampas de m\u00e1rmore (em atacado)"},"content":{"rendered":"<p>Seu frasco de perfume quadrado deve fazer com que os clientes parem no meio da prateleira. Fabricamos frascos de perfume de vidro com estilo vintage para venda por atacado, projetados para embalagens de fragr\u00e2ncias que realmente chamam a aten\u00e7\u00e3o \u2014 onde cada frasco de perfume de vidro se torna a assinatura da sua marca.<\/p>\n<h2>Caracter\u00edsticas do produto<\/h2>\n<ul>\n<li><strong>Eleg\u00e2ncia quadrada moderna:<\/strong> Linhas minimalistas combinadas com charme vintage: a embalagem do seu perfume \u00e9 simplesmente irresist\u00edvel.<\/li>\n<li><strong>Personaliza\u00e7\u00e3o de tampas de m\u00e1rmore:<\/strong> Escolha tampas laranja, brancas ou marrons que combinem com a hist\u00f3ria do seu perfume personalizado.<\/li>\n<li><strong>Clareza do vidro cristalino:<\/strong> Revele a verdadeira ess\u00eancia da sua fragr\u00e2ncia com este frasco de vidro de alta qualidade.<\/li>\n<\/ul>\n<h2>Especifica\u00e7\u00f5es principais<\/h2>\n<table style=\"border-collapse: collapse; width: 80%; margin-left: auto; margin-right: auto;\" border=\"0\" width=\"288\" cellspacing=\"0\" cellpadding=\"0\">\n<tbody>\n<tr style=\"height: 13.50pt;\">\n<td style=\"height: 13.5pt; width: 54pt; text-align: center;\" width=\"72\" height=\"18\">Capacidade<\/td>\n<td style=\"width: 54pt; text-align: center;\" width=\"72\">Dimens\u00f5es (mm)<\/td>\n<td style=\"width: 54pt; text-align: center;\" width=\"72\">Forma<\/td>\n<td style=\"width: 54pt; text-align: center;\" width=\"72\">Op\u00e7\u00f5es de limite<\/td>\n<\/tr>\n<tr style=\"height: 13.50pt;\">\n<td style=\"height: 13.5pt; text-align: center;\" height=\"18\">30 ml \/ 1 oz<\/td>\n<td style=\"text-align: center;\">37 x 37 x 76<\/td>\n<td class=\"et2\" style=\"text-align: center;\" rowspan=\"3\">Quadrado<\/td>\n<td class=\"et2\" style=\"text-align: center;\" rowspan=\"3\">M\u00e1rmore (laranja\/branco\/marrom)<\/td>\n<\/tr>\n<tr style=\"height: 13.50pt;\">\n<td style=\"height: 13.5pt; text-align: center;\" height=\"18\">50ml<\/td>\n<td style=\"text-align: center;\">41 x 41 x 85<\/td>\n<\/tr>\n<tr style=\"height: 13.50pt;\">\n<td style=\"height: 13.5pt; text-align: center;\" height=\"18\">100ml \/ 3,4 oz<\/td>\n<td style=\"text-align: center;\">52 x 52 x 130<\/td>\n<\/tr>\n<\/tbody>\n<\/table>\n<h2>Caso de sucesso<\/h2>\n<p>Nossos frascos de perfume de vidro com tampas de m\u00e1rmore e estilo quadrado vintage foram usados \u200b\u200bpor uma marca de fragr\u00e2ncias de luxo especializada em perfumes sofisticados. O logotipo da marca foi gravado diretamente no frasco para criar uma apar\u00eancia mais uniforme. As tampas de m\u00e1rmore receberam banho de ouro e o frasco era feito de vidro \u00e2mbar de alta qualidade, conferindo-lhe um toque de luxo.<\/p>\n<p>A marca alcan\u00e7ou um crescimento de vendas de 40% no primeiro trimestre ap\u00f3s o lan\u00e7amento e obteve uma boa resposta do mercado. Consequentemente, j\u00e1 realizaram tr\u00eas pedidos repetidos em seis meses, resultando em um crescimento de 60% nas vendas.<\/p>\n<h2>Suas op\u00e7\u00f5es de personaliza\u00e7\u00e3o<\/h2>\n<ol>\n<li><strong>Personaliza\u00e7\u00e3o do bon\u00e9:<\/strong> Escolha entre uma variedade de acabamentos para a tampa: m\u00e1rmore, dourado, folheado ou fosco, que se adequar\u00e3o \u00e0 est\u00e9tica da sua marca. A cor e o tecido da tampa podem ser confeccionados com um acabamento de alta qualidade.<\/li>\n<li><strong>Grava\u00e7\u00e3o do logotipo:<\/strong> Personalize suas garrafas com seu logotipo gravado ou impresso no vidro. Isso proporciona exclusividade (al\u00e9m de destacar a marca na prateleira).<\/li>\n<li><strong>Personaliza\u00e7\u00e3o de cores:<\/strong> Personalize a cor do vidro de sua prefer\u00eancia e tenha uma marca exclusiva. Voc\u00ea pode optar por vidro colorido, fosco ou transparente para destacar sua fragr\u00e2ncia.<\/li>\n<\/ol>","protected":false},"excerpt":{"rendered":"<p>Descubra nosso frasco de perfume quadrado premium com tampa de m\u00e1rmore. Esses frascos de perfume vintage em vidro s\u00e3o ideais para marcas, oferecemos pedidos personalizados em grandes quantidades e envio r\u00e1pido.<\/p>","protected":false},"featured_media":4388,"template":"","meta":{"postBodyCss":"","postBodyMargin":[],"postBodyPadding":[],"postBodyBackground":{"backgroundType":"classic","gradient":""}},"product_brand":[],"product_cat":[15,16,62],"product_tag":[],"class_list":{"0":"post-4349","1":"product","2":"type-product","3":"status-publish","4":"has-post-thumbnail","6":"product_cat-glass-containers","7":"product_cat-glass-bottles","8":"product_cat-perfume-bottles","10":"first","11":"instock","12":"shipping-taxable","13":"product-type-simple"},"jetpack_sharing_enabled":true,"_links":{"self":[{"href":"https:\/\/minghanggroup.com\/pt\/wp-json\/wp\/v2\/product\/4349","targetHints":{"allow":["GET"]}}],"collection":[{"href":"https:\/\/minghanggroup.com\/pt\/wp-json\/wp\/v2\/product"}],"about":[{"href":"https:\/\/minghanggroup.com\/pt\/wp-json\/wp\/v2\/types\/product"}],"wp:featuredmedia":[{"embeddable":true,"href":"https:\/\/minghanggroup.com\/pt\/wp-json\/wp\/v2\/media\/4388"}],"wp:attachment":[{"href":"https:\/\/minghanggroup.com\/pt\/wp-json\/wp\/v2\/media?parent=4349"}],"wp:term":[{"taxonomy":"product_brand","embeddable":true,"href":"https:\/\/minghanggroup.com\/pt\/wp-json\/wp\/v2\/product_brand?post=4349"},{"taxonomy":"product_cat","embeddable":true,"href":"https:\/\/minghanggroup.com\/pt\/wp-json\/wp\/v2\/product_cat?post=4349"},{"taxonomy":"product_tag","embeddable":true,"href":"https:\/\/minghanggroup.com\/pt\/wp-json\/wp\/v2\/product_tag?post=4349"}],"curies":[{"name":"wp","href":"https:\/\/api.w.org\/{rel}","templated":true}]}}