{"id":4344,"date":"2026-01-06T13:54:45","date_gmt":"2026-01-06T05:54:45","guid":{"rendered":"https:\/\/minghanggroup.com\/?post_type=product&#038;p=4344"},"modified":"2026-01-06T14:59:09","modified_gmt":"2026-01-06T06:59:09","slug":"glass-perfume-spray-bottle-with-clear-mountain-base-bulk","status":"publish","type":"product","link":"https:\/\/minghanggroup.com\/pt\/produto\/glass-perfume-spray-bottle-with-clear-mountain-base-bulk\/","title":{"rendered":"Frasco de vidro para perfume com spray, 30ml, 50ml e 100ml, com base transparente, em embalagem a granel."},"content":{"rendered":"<p>Esses frascos de perfume vazios s\u00e3o feitos de vidro transparente e polido com uma tampa de metal preto fosco. A base da estrutura transparente em forma de montanha est\u00e1 delicadamente incorporada ao corpo de vidro, resultando em um toque de beleza serena \u2013 um detalhe realmente marcante.<\/p>\n<h2>Caracter\u00edsticas do produto<\/h2>\n<ul>\n<li><strong>Escultura de montanha transparente e requintada:<\/strong> O corpo da garrafa, em formato de montanha, \u00e9 feito de material transparente que adiciona detalhes texturais delicados e distintos \u00e0 garrafa, sem torn\u00e1-la visualmente desagrad\u00e1vel.<\/li>\n<li><strong>Esquema de cores minimalista em preto:<\/strong> A estrutura de vidro transparente com a parte superior de metal preto confere uma impress\u00e3o elegante e moderna.<\/li>\n<li><strong>Tr\u00eas op\u00e7\u00f5es de tamanho:<\/strong> 30ml, 50ml e 100ml s\u00e3o os tr\u00eas tamanhos que melhor se adequam \u00e0s necessidades de diferentes tipos de produtos, variando entre tamanhos de amostra e produtos em tamanho normal.<\/li>\n<\/ul>\n<h2 style=\"text-align: left;\">Especifica\u00e7\u00f5es principais<\/h2>\n<table class=\"aligncenter\" style=\"border-collapse: collapse; width: 416.27pt;\" border=\"0\" width=\"555\" cellspacing=\"0\" cellpadding=\"0\">\n<tbody>\n<tr style=\"height: 13.50pt;\">\n<td style=\"height: 13.50pt; width: 117.75pt;\" width=\"157\" height=\"18\">Especifica\u00e7\u00e3o<\/td>\n<td style=\"width: 298.50pt;\" width=\"398\">Detalhes<\/td>\n<\/tr>\n<tr style=\"height: 13.50pt;\">\n<td style=\"height: 13.50pt;\" height=\"18\">Capacidade<\/td>\n<td>30ml \/ 50ml \/ 100ml<\/td>\n<\/tr>\n<tr style=\"height: 13.50pt;\">\n<td style=\"height: 13.50pt;\" height=\"18\">Dimens\u00f5es<\/td>\n<td>46\u00d773mm \/ 51\u00d780mm \/ 59\u00d794mm<\/td>\n<\/tr>\n<tr style=\"height: 13.50pt;\">\n<td style=\"height: 13.50pt;\" height=\"18\">Material<\/td>\n<td>Vidro transparente, tampa de metal preta<\/td>\n<\/tr>\n<tr style=\"height: 13.50pt;\">\n<td style=\"height: 13.50pt;\" height=\"18\">Formato de garrafa<\/td>\n<td>Cilindro com base escultural<\/td>\n<\/tr>\n<tr style=\"height: 13.50pt;\">\n<td style=\"height: 13.50pt;\" height=\"18\">Escopo de personaliza\u00e7\u00e3o<\/td>\n<td>Design da escultura, cor do vidro, acabamento<\/td>\n<\/tr>\n<tr style=\"height: 13.50pt;\">\n<td style=\"height: 13.50pt;\" height=\"18\">Artesanato<\/td>\n<td>Encapsulamento em vidro, usinagem de precis\u00e3o em metal<\/td>\n<\/tr>\n<tr style=\"height: 13.50pt;\">\n<td style=\"height: 13.50pt;\" height=\"18\">Finalidade do produto<\/td>\n<td>Frascos de perfume de vidro com spray, frascos de perfume vazios<\/td>\n<\/tr>\n<tr style=\"height: 13.50pt;\">\n<td style=\"height: 13.50pt;\" height=\"18\">Ind\u00fastrias adequadas<\/td>\n<td>Perfumaria Contempor\u00e2nea, Est\u00fadios de Perfumes Personalizados<\/td>\n<\/tr>\n<\/tbody>\n<\/table>\n<h2>Hist\u00f3ria de sucesso<\/h2>\n<p>Nosso frasco de perfume spray de vidro de 100ml foi escolhido por um est\u00fadio de fragr\u00e2ncias minimalistas unissex localizado em Nova York, e o corpo do frasco foi personalizado com vidro fosco. O design interno especial triplicou a intera\u00e7\u00e3o com o cliente. O produto mais vendido era o refil de 50ml, com uma taxa de reposi\u00e7\u00e3o de 70%. Essa consist\u00eancia da marca e as avalia\u00e7\u00f5es positivas dos clientes impressionaram o est\u00fadio, que encomendou mais 250.000 frascos para dar suporte \u00e0 nova linha e \u00e0 parceria de atacado.<\/p>\n<h2>Personaliza\u00e7\u00e3o de frascos de perfume de vidro com spray<\/h2>\n<ul>\n<li>Cores Esculpidas: Fornece informa\u00e7\u00f5es detalhadas sobre a cor da resina transparente (cinza esfuma\u00e7ado, azul, \u00e2mbar) para alcan\u00e7ar pequenas diferen\u00e7as tonais.<\/li>\n<li>Cores do vidro: Os tubos externos podem ser feitos com vidro transparente, colorido ou fosco, com op\u00e7\u00f5es de efeito totalmente em vidro ou degrad\u00ea.<\/li>\n<li>Grava\u00e7\u00e3o a laser em vidro: Grava padr\u00f5es, coordenadas ou textos muito minimalistas em uma superf\u00edcie de vidro lisa.<\/li>\n<li>Serigrafia: Este m\u00e9todo consiste em imprimir um logotipo ou uma imagem simples em um local discreto na garrafa de vidro.<\/li>\n<\/ul>","protected":false},"excerpt":{"rendered":"<p>Frasco de perfume em vidro com spray, projetado para versatilidade e um toque de luxo. Estes frascos de perfume vazios est\u00e3o prontos para envio com entrega r\u00e1pida em todo o mundo.<\/p>","protected":false},"featured_media":4352,"template":"","meta":{"postBodyCss":"","postBodyMargin":[],"postBodyPadding":[],"postBodyBackground":{"backgroundType":"classic","gradient":""}},"product_brand":[],"product_cat":[15,16,62],"product_tag":[],"class_list":{"0":"post-4344","1":"product","2":"type-product","3":"status-publish","4":"has-post-thumbnail","6":"product_cat-glass-containers","7":"product_cat-glass-bottles","8":"product_cat-perfume-bottles","10":"first","11":"instock","12":"shipping-taxable","13":"product-type-simple"},"jetpack_sharing_enabled":true,"_links":{"self":[{"href":"https:\/\/minghanggroup.com\/pt\/wp-json\/wp\/v2\/product\/4344","targetHints":{"allow":["GET"]}}],"collection":[{"href":"https:\/\/minghanggroup.com\/pt\/wp-json\/wp\/v2\/product"}],"about":[{"href":"https:\/\/minghanggroup.com\/pt\/wp-json\/wp\/v2\/types\/product"}],"wp:featuredmedia":[{"embeddable":true,"href":"https:\/\/minghanggroup.com\/pt\/wp-json\/wp\/v2\/media\/4352"}],"wp:attachment":[{"href":"https:\/\/minghanggroup.com\/pt\/wp-json\/wp\/v2\/media?parent=4344"}],"wp:term":[{"taxonomy":"product_brand","embeddable":true,"href":"https:\/\/minghanggroup.com\/pt\/wp-json\/wp\/v2\/product_brand?post=4344"},{"taxonomy":"product_cat","embeddable":true,"href":"https:\/\/minghanggroup.com\/pt\/wp-json\/wp\/v2\/product_cat?post=4344"},{"taxonomy":"product_tag","embeddable":true,"href":"https:\/\/minghanggroup.com\/pt\/wp-json\/wp\/v2\/product_tag?post=4344"}],"curies":[{"name":"wp","href":"https:\/\/api.w.org\/{rel}","templated":true}]}}