{"id":4338,"date":"2026-01-06T13:16:46","date_gmt":"2026-01-06T05:16:46","guid":{"rendered":"https:\/\/minghanggroup.com\/?post_type=product&#038;p=4338"},"modified":"2026-01-06T13:46:44","modified_gmt":"2026-01-06T05:46:44","slug":"green-glass-crystal-perfume-bottles-with-mountain-base-bulk","status":"publish","type":"product","link":"https:\/\/minghanggroup.com\/pt\/produto\/green-glass-crystal-perfume-bottles-with-mountain-base-bulk\/","title":{"rendered":"Frascos de perfume de cristal verde de 30ml, 50ml e 100ml com base em formato de montanha (em atacado)"},"content":{"rendered":"<p>Esses frascos de perfume verdes s\u00e3o feitos de vidro transparente e liso, com uma tampa met\u00e1lica verde brilhante e moderna. Um motivo de montanha verde decora a base, assim como a tampa.<\/p>\n<h2>Caracter\u00edsticas do produto<\/h2>\n<ul>\n<li><strong>Entro il 2026, il locale<\/strong> Est\u00e3o dispon\u00edveis em tr\u00eas tamanhos para se adequarem ao uso di\u00e1rio e port\u00e1til, bem como a outros tipos de armazenamento de perfumes.<\/li>\n<li><strong>Escultura da Montanha Verde:<\/strong> A escultura realista da montanha verde no interior da garrafa \u00e9 ousada, natural e art\u00edstica.<\/li>\n<li><strong>Design em blocos de cor verde escuro:<\/strong> A tampa verde transparente e os detalhes internos no vidro transparente conferem \u00e0 marca uma identidade memor\u00e1vel e cheia de energia.<\/li>\n<\/ul>\n<h2 style=\"text-align: left;\">Especifica\u00e7\u00f5es principais<\/h2>\n<table class=\"aligncenter\" style=\"border-collapse: collapse; width: 416.27pt;\" border=\"0\" width=\"555\" cellspacing=\"0\" cellpadding=\"0\">\n<tbody>\n<tr style=\"height: 13.50pt;\">\n<td style=\"height: 13.50pt; width: 117.75pt;\" width=\"157\" height=\"18\">Capacidade<\/td>\n<td style=\"width: 298.50pt;\" width=\"398\">30ml \/ 50ml \/ 100ml<\/td>\n<\/tr>\n<tr style=\"height: 13.50pt;\">\n<td style=\"height: 13.50pt;\" height=\"18\">Dimens\u00f5es<\/td>\n<td>46\u00d773mm \/ 51\u00d780mm \/ 59\u00d794mm<\/td>\n<\/tr>\n<tr style=\"height: 13.50pt;\">\n<td style=\"height: 13.50pt;\" height=\"18\">Material<\/td>\n<td>Vidro transparente, tampa de metal verde<\/td>\n<\/tr>\n<tr style=\"height: 13.50pt;\">\n<td style=\"height: 13.50pt;\" height=\"18\">Formato de garrafa<\/td>\n<td>Cilindro com base escultural<\/td>\n<\/tr>\n<tr style=\"height: 13.50pt;\">\n<td style=\"height: 13.50pt;\" height=\"18\">Escopo de personaliza\u00e7\u00e3o<\/td>\n<td>Cor\/Tonalidade do Vidro, Grava\u00e7\u00e3o, Pintura em Spray<\/td>\n<\/tr>\n<tr style=\"height: 13.50pt;\">\n<td style=\"height: 13.50pt;\" height=\"18\">Artesanato<\/td>\n<td>Encapsulamento em vidro, conforma\u00e7\u00e3o e revestimento de metais de precis\u00e3o<\/td>\n<\/tr>\n<tr style=\"height: 13.50pt;\">\n<td style=\"height: 13.50pt;\" height=\"18\">Finalidade do produto<\/td>\n<td>Frascos de perfume de cristal, frascos de perfume de vidro a granel<\/td>\n<\/tr>\n<tr style=\"height: 13.50pt;\">\n<td style=\"height: 13.50pt;\" height=\"18\">Ind\u00fastrias adequadas<\/td>\n<td>Marcas contempor\u00e2neas de perfumaria, bem-estar e spa<\/td>\n<\/tr>\n<\/tbody>\n<\/table>\n<h2>Hist\u00f3ria de sucesso<\/h2>\n<p>Nosso frasco de perfume verde de 100ml foi escolhido por uma marca australiana voltada para a sustentabilidade e a natureza, que personalizou o motivo de montanha no interior do frasco para se assemelhar aos Alpes Australianos. A filosofia da marca \u00e9 melhor representada pelo verde vibrante, o que resultou em um aumento de 500% no engajamento nas redes sociais. O belo design do frasco tamb\u00e9m ajudou o produto a conquistar mais de 200 lojas de luxo de bem-estar e estilo de vida. A marca ficou bastante satisfeita com a receptividade no mercado e, por isso, encomendou mais 300.000 frascos para impulsionar seu crescimento no mercado norte-americano.<\/p>\n<h2>Personaliza\u00e7\u00e3o de frascos de perfume de cristal<\/h2>\n<ul>\n<li>Personalize a cor e a forma da escultura de interiores: Forne\u00e7a esculturas de v\u00e1rias cores (azul, \u00e2mbar) ou formas (floresta, recife de coral).<\/li>\n<li>Garrafa de vitral: Vidros coloridos (por exemplo, verde-mar, azul-\u00e1gua) podem ser usados \u200b\u200bpara harmonizar ou contrastar com a escultura interna.<\/li>\n<li>Grava\u00e7\u00e3o a laser em vidro: Decore a superf\u00edcie do vidro com padr\u00f5es, marcas ou coordenadas.<\/li>\n<li>Textura da tampa: \u00c9 poss\u00edvel adicionar ranhuras verticais ou um padr\u00e3o serrilhado \u00e0 tampa para proporcionar melhor ader\u00eancia ou torn\u00e1-la visualmente mais atraente.<\/li>\n<\/ul>","protected":false},"excerpt":{"rendered":"<p>Frasco de perfume em cristal transparente com corpo cil\u00edndrico e base em um vibrante tom verde que remete a uma montanha. Este frasco de perfume verde oferece um toque de luxo, direto da f\u00e1brica.<\/p>","protected":false},"featured_media":4340,"template":"","meta":{"postBodyCss":"","postBodyMargin":[],"postBodyPadding":[],"postBodyBackground":{"backgroundType":"classic","gradient":""}},"product_brand":[],"product_cat":[15,16,62],"product_tag":[],"class_list":{"0":"post-4338","1":"product","2":"type-product","3":"status-publish","4":"has-post-thumbnail","6":"product_cat-glass-containers","7":"product_cat-glass-bottles","8":"product_cat-perfume-bottles","10":"first","11":"instock","12":"shipping-taxable","13":"product-type-simple"},"jetpack_sharing_enabled":true,"_links":{"self":[{"href":"https:\/\/minghanggroup.com\/pt\/wp-json\/wp\/v2\/product\/4338","targetHints":{"allow":["GET"]}}],"collection":[{"href":"https:\/\/minghanggroup.com\/pt\/wp-json\/wp\/v2\/product"}],"about":[{"href":"https:\/\/minghanggroup.com\/pt\/wp-json\/wp\/v2\/types\/product"}],"wp:featuredmedia":[{"embeddable":true,"href":"https:\/\/minghanggroup.com\/pt\/wp-json\/wp\/v2\/media\/4340"}],"wp:attachment":[{"href":"https:\/\/minghanggroup.com\/pt\/wp-json\/wp\/v2\/media?parent=4338"}],"wp:term":[{"taxonomy":"product_brand","embeddable":true,"href":"https:\/\/minghanggroup.com\/pt\/wp-json\/wp\/v2\/product_brand?post=4338"},{"taxonomy":"product_cat","embeddable":true,"href":"https:\/\/minghanggroup.com\/pt\/wp-json\/wp\/v2\/product_cat?post=4338"},{"taxonomy":"product_tag","embeddable":true,"href":"https:\/\/minghanggroup.com\/pt\/wp-json\/wp\/v2\/product_tag?post=4338"}],"curies":[{"name":"wp","href":"https:\/\/api.w.org\/{rel}","templated":true}]}}