{"id":4337,"date":"2026-01-06T17:07:46","date_gmt":"2026-01-06T09:07:46","guid":{"rendered":"https:\/\/minghanggroup.com\/?post_type=product&#038;p=4337"},"modified":"2026-01-06T17:07:48","modified_gmt":"2026-01-06T09:07:48","slug":"glass-customized-perfume-bottles-with-lids-wholesale","status":"publish","type":"product","link":"https:\/\/minghanggroup.com\/pt\/produto\/glass-customized-perfume-bottles-with-lids-wholesale\/","title":{"rendered":"Frascos de vidro personalizados para perfumes de 100ml com tampas - Atacado"},"content":{"rendered":"<p>Seu frasco de perfume personalizado deve fazer com que os clientes parem e olhem fixamente. Fabricamos frascos de vidro premium para perfumes, no atacado, projetados para embalagens de fragr\u00e2ncias que realmente vendem \u2014 onde cada frasco de vidro se torna a arma secreta da sua marca.<\/p>\n<h2>Caracter\u00edsticas do produto<\/h2>\n<ul>\n<li><strong>Eleg\u00e2ncia octogonal: <\/strong>Este formato n\u00e3o convencional reflete a luz de uma maneira muito singular; a embalagem do seu perfume se torna um item de destaque em qualquer prateleira.<\/li>\n<li><strong>Bon\u00e9 Black Gold de Luxo: <\/strong>Essa tampa elegante? D\u00e1 um toque sofisticado imediato \u00e0 sua garrafa de vidro \u2014 definitivamente n\u00e3o \u00e9 uma c\u00f3pia barata.<\/li>\n<li><strong>Conforto ergon\u00f4mico: <\/strong>Feito para sua m\u00e3o: \u00f3tima ader\u00eancia, aplica\u00e7\u00e3o simples em spray e sem vazamentos.<\/li>\n<\/ul>\n<h2>Especifica\u00e7\u00f5es principais<\/h2>\n<table style=\"border-collapse: collapse; width: 80%; margin-left: auto; margin-right: auto;\" border=\"0\" width=\"288\" cellspacing=\"0\" cellpadding=\"0\">\n<tbody>\n<tr style=\"height: 13.50pt;\">\n<td style=\"height: 13.5pt; width: 54pt; text-align: center;\" width=\"72\" height=\"18\">Capacidade<\/td>\n<td style=\"width: 54pt; text-align: center;\" width=\"72\">Forma<\/td>\n<td style=\"width: 54pt; text-align: center;\" width=\"72\">Dimens\u00f5es (mm)<\/td>\n<td style=\"width: 54pt; text-align: center;\" width=\"72\">Uso<\/td>\n<\/tr>\n<tr style=\"height: 13.50pt;\">\n<td style=\"height: 13.5pt; text-align: center;\" height=\"18\">100ml \/ 3,4oz<\/td>\n<td style=\"text-align: center;\">Octogonal<\/td>\n<td style=\"text-align: center;\">75 x 34 x 89<\/td>\n<td style=\"text-align: center;\">Perfumes, col\u00f4nias, sprays corporais<\/td>\n<\/tr>\n<\/tbody>\n<\/table>\n<h2>Caso de sucesso<\/h2>\n<p>Uma das marcas de perfumes de luxo mudou completamente a forma como embala seus produtos ao escolher nossos frascos de perfume personalizados. Os frascos exibem um elegante formato octogonal com tampa prateada e padr\u00f5es exclusivos impressos em serigrafia, al\u00e9m de um logotipo da marca personalizado e detalhado tamb\u00e9m impresso em serigrafia.<\/p>\n<p>Esses frascos de perfume especiais tamb\u00e9m conferiram ao produto uma imagem sofisticada e, consequentemente, as vendas cresceram 30% no primeiro trimestre ap\u00f3s o lan\u00e7amento. A marca conquistou cinco novas lojas de departamento de luxo com essa nova embalagem, e estas optaram por encomendar novos frascos de perfume personalizados para o pr\u00f3ximo trimestre.<\/p>\n<h2>Suas op\u00e7\u00f5es de personaliza\u00e7\u00e3o<\/h2>\n<ol>\n<li><strong>Personaliza\u00e7\u00e3o de bon\u00e9s:<\/strong> Escolha entre diversos materiais para as tampas, como dourado, prateado, preto brilhante ou fosco, para combinar com a eleg\u00e2ncia e o toque de luxo da marca.<\/li>\n<li><strong>Cor da garrafa:<\/strong> Selecione um vidro transparente ou fosco para adicionar um toque de sofistica\u00e7\u00e3o e eleg\u00e2ncia. Voc\u00ea tamb\u00e9m pode optar por vidro colorido, caso deseje um design diferenciado e que chame a aten\u00e7\u00e3o.<\/li>\n<li><strong>Detalhes em ouro\/prata:<\/strong> Detalhes em ouro\/prata podem ser adicionados ao logotipo, \u00e0 tampa ou ao frasco, conferindo-lhe um toque ainda mais luxuoso e sofisticado. Essa caracter\u00edstica \u00e9 ideal para o desenvolvimento de uma linha de fragr\u00e2ncias premium de alta qualidade.<\/li>\n<\/ol>","protected":false},"excerpt":{"rendered":"<p>Descubra frascos de perfume personalizados, concebidos para fragr\u00e2ncias de luxo. Os nossos frascos de vidro para col\u00f3nia s\u00e3o ideais para personaliza\u00e7\u00e3o em grandes quantidades e entrega r\u00e1pida.<\/p>","protected":false},"featured_media":4348,"template":"","meta":{"postBodyCss":"","postBodyMargin":[],"postBodyPadding":[],"postBodyBackground":{"backgroundType":"classic","gradient":""}},"product_brand":[],"product_cat":[15,16,62],"product_tag":[],"class_list":{"0":"post-4337","1":"product","2":"type-product","3":"status-publish","4":"has-post-thumbnail","6":"product_cat-glass-containers","7":"product_cat-glass-bottles","8":"product_cat-perfume-bottles","10":"first","11":"instock","12":"shipping-taxable","13":"product-type-simple"},"jetpack_sharing_enabled":true,"_links":{"self":[{"href":"https:\/\/minghanggroup.com\/pt\/wp-json\/wp\/v2\/product\/4337","targetHints":{"allow":["GET"]}}],"collection":[{"href":"https:\/\/minghanggroup.com\/pt\/wp-json\/wp\/v2\/product"}],"about":[{"href":"https:\/\/minghanggroup.com\/pt\/wp-json\/wp\/v2\/types\/product"}],"wp:featuredmedia":[{"embeddable":true,"href":"https:\/\/minghanggroup.com\/pt\/wp-json\/wp\/v2\/media\/4348"}],"wp:attachment":[{"href":"https:\/\/minghanggroup.com\/pt\/wp-json\/wp\/v2\/media?parent=4337"}],"wp:term":[{"taxonomy":"product_brand","embeddable":true,"href":"https:\/\/minghanggroup.com\/pt\/wp-json\/wp\/v2\/product_brand?post=4337"},{"taxonomy":"product_cat","embeddable":true,"href":"https:\/\/minghanggroup.com\/pt\/wp-json\/wp\/v2\/product_cat?post=4337"},{"taxonomy":"product_tag","embeddable":true,"href":"https:\/\/minghanggroup.com\/pt\/wp-json\/wp\/v2\/product_tag?post=4337"}],"curies":[{"name":"wp","href":"https:\/\/api.w.org\/{rel}","templated":true}]}}