{"id":4331,"date":"2026-01-06T10:40:23","date_gmt":"2026-01-06T02:40:23","guid":{"rendered":"https:\/\/minghanggroup.com\/?post_type=product&#038;p=4331"},"modified":"2026-01-06T11:57:38","modified_gmt":"2026-01-06T03:57:38","slug":"empty-bottles-for-perfume-with-silver-mountain-base-bulk","status":"publish","type":"product","link":"https:\/\/minghanggroup.com\/pt\/produto\/empty-bottles-for-perfume-with-silver-mountain-base-bulk\/","title":{"rendered":"Frascos vazios de perfume de 30ml, 50ml e 100ml com base Silver Mountain (em grande quantidade)"},"content":{"rendered":"<p>Esses frascos de perfume s\u00e3o feitos de vidro liso e transparente, com uma tampa de metal prateado fosco e uma base de metal com um desenho de montanha, o que lhes confere uma eleg\u00e2ncia simples.<\/p>\n<h2>Caracter\u00edsticas do produto<\/h2>\n<ul>\n<li><strong>Detalhe da base da Montanha de Prata:<\/strong> O padr\u00e3o prateado que lembra montanhas no interior da garrafa confere um toque art\u00edstico especial, not\u00e1vel e marcante.<\/li>\n<li><strong>Garrafa de vidro Prateada Refrescante:<\/strong> A cor prateada, combinada com a transpar\u00eancia do frasco de vidro, confere ao produto uma apar\u00eancia contempor\u00e2nea, sofisticada e unissex.<\/li>\n<li><strong>Tr\u00eas tamanhos ideais:<\/strong> Selecione um tamanho de teste de 30ml, um tamanho para uso di\u00e1rio de 50ml ou um tamanho de luxo de 100ml.<\/li>\n<\/ul>\n<h2 style=\"text-align: left;\">Especifica\u00e7\u00f5es principais<\/h2>\n<table class=\"aligncenter\" style=\"border-collapse: collapse; width: 416.27pt;\" border=\"0\" width=\"555\" cellspacing=\"0\" cellpadding=\"0\">\n<tbody>\n<tr style=\"height: 13.50pt;\">\n<td style=\"height: 13.50pt; width: 117.75pt;\" width=\"157\" height=\"18\">Especifica\u00e7\u00e3o<\/td>\n<td style=\"width: 298.50pt;\" width=\"398\">Detalhes<\/td>\n<\/tr>\n<tr style=\"height: 13.50pt;\">\n<td style=\"height: 13.50pt;\" height=\"18\">Capacidade<\/td>\n<td>30ml \/ 50ml \/ 100ml<\/td>\n<\/tr>\n<tr style=\"height: 13.50pt;\">\n<td style=\"height: 13.50pt;\" height=\"18\">Dimens\u00f5es<\/td>\n<td>46\u00d773mm \/ 51\u00d780mm \/ 59\u00d794mm<\/td>\n<\/tr>\n<tr style=\"height: 13.50pt;\">\n<td style=\"height: 13.50pt;\" height=\"18\">Material<\/td>\n<td>Vidro transparente, tampa de metal prateado<\/td>\n<\/tr>\n<tr style=\"height: 13.50pt;\">\n<td style=\"height: 13.50pt;\" height=\"18\">Formato de garrafa<\/td>\n<td>Cilindro com base escultural<\/td>\n<\/tr>\n<tr style=\"height: 13.50pt;\">\n<td style=\"height: 13.50pt;\" height=\"18\">Escopo de personaliza\u00e7\u00e3o<\/td>\n<td>Design da escultura, cor\/tonalidade do vidro, acabamento met\u00e1lico<\/td>\n<\/tr>\n<tr style=\"height: 13.50pt;\">\n<td style=\"height: 13.50pt;\" height=\"18\">Artesanato<\/td>\n<td>Encapsulamento em vidro, usinagem de precis\u00e3o em metal<\/td>\n<\/tr>\n<tr style=\"height: 13.50pt;\">\n<td style=\"height: 13.50pt;\" height=\"18\">Finalidade do produto<\/td>\n<td>Frascos de vidro vazios para perfume, frascos de perfume a granel<\/td>\n<\/tr>\n<tr style=\"height: 13.50pt;\">\n<td style=\"height: 13.50pt;\" height=\"18\">Ind\u00fastrias adequadas<\/td>\n<td>Perfumaria Contempor\u00e2nea, Marcas de Estilo de Vida<\/td>\n<\/tr>\n<\/tbody>\n<\/table>\n<h2>Hist\u00f3ria de sucesso<\/h2>\n<p>Uma marca n\u00f3rdica de estilo de vida minimalista comprou nossos frascos de perfume de vidro vazios de 50 ml e criou uma escultura interna que remete \u00e0s montanhas rochosas dos fiordes n\u00f3rdicos. A cor, cinza-prateada, combina perfeitamente com a marca. O visual diferenciado resultou em um aumento de 300% no compartilhamento nas redes sociais. O frasco de 50 ml teve \u00f3tima aceita\u00e7\u00e3o nas lojas duty-free dos aeroportos, com uma taxa de convers\u00e3o 200 vezes maior do que a de qualquer outra empresa. T\u00e3o satisfeita ficou a marca que fez um novo pedido de 250.000 frascos para usar em suas outras duas fragr\u00e2ncias.<\/p>\n<h2>Frascos de vidro vazios para personaliza\u00e7\u00e3o de perfumes<\/h2>\n<ul>\n<li>Na parte inferior, selecione o acabamento interno e a cor da tampa: prata tradicional, cinza-escuro ou cromado escovado.<\/li>\n<li>D\u00ea cor ao copo: Selecione um copo de cor clara, como um cinza fum\u00ea ou azul claro, para encher a garrafa com o objetivo de mudar o ambiente que ela transmite.<\/li>\n<li>Garrafa fosca: Ser\u00e1 uma garrafa fosca, por\u00e9m, se voc\u00ea desejar um visual suave, moderno e opaco, deve fosquear a garrafa inteira.<\/li>\n<li>Tampa texturizada: Caso a tampa deva proporcionar uma experi\u00eancia t\u00e1til, voc\u00ea pode optar por um acabamento escovado, fosco ou levemente texturizado.<\/li>\n<\/ul>","protected":false},"excerpt":{"rendered":"<p>Frascos de perfume em vidro transparente com uma base refinada em formato de montanha prateada. Estes frascos de perfume vazios oferecem eleg\u00e2ncia moderna, diretamente da f\u00e1brica.<\/p>","protected":false},"featured_media":4336,"template":"","meta":{"postBodyCss":"","postBodyMargin":[],"postBodyPadding":[],"postBodyBackground":{"backgroundType":"classic","gradient":""}},"product_brand":[],"product_cat":[15,16,62],"product_tag":[],"class_list":{"0":"post-4331","1":"product","2":"type-product","3":"status-publish","4":"has-post-thumbnail","6":"product_cat-glass-containers","7":"product_cat-glass-bottles","8":"product_cat-perfume-bottles","10":"first","11":"instock","12":"shipping-taxable","13":"product-type-simple"},"jetpack_sharing_enabled":true,"_links":{"self":[{"href":"https:\/\/minghanggroup.com\/pt\/wp-json\/wp\/v2\/product\/4331","targetHints":{"allow":["GET"]}}],"collection":[{"href":"https:\/\/minghanggroup.com\/pt\/wp-json\/wp\/v2\/product"}],"about":[{"href":"https:\/\/minghanggroup.com\/pt\/wp-json\/wp\/v2\/types\/product"}],"wp:featuredmedia":[{"embeddable":true,"href":"https:\/\/minghanggroup.com\/pt\/wp-json\/wp\/v2\/media\/4336"}],"wp:attachment":[{"href":"https:\/\/minghanggroup.com\/pt\/wp-json\/wp\/v2\/media?parent=4331"}],"wp:term":[{"taxonomy":"product_brand","embeddable":true,"href":"https:\/\/minghanggroup.com\/pt\/wp-json\/wp\/v2\/product_brand?post=4331"},{"taxonomy":"product_cat","embeddable":true,"href":"https:\/\/minghanggroup.com\/pt\/wp-json\/wp\/v2\/product_cat?post=4331"},{"taxonomy":"product_tag","embeddable":true,"href":"https:\/\/minghanggroup.com\/pt\/wp-json\/wp\/v2\/product_tag?post=4331"}],"curies":[{"name":"wp","href":"https:\/\/api.w.org\/{rel}","templated":true}]}}