{"id":4321,"date":"2026-01-06T10:43:01","date_gmt":"2026-01-06T02:43:01","guid":{"rendered":"https:\/\/minghanggroup.com\/?post_type=product&#038;p=4321"},"modified":"2026-01-06T17:05:38","modified_gmt":"2026-01-06T09:05:38","slug":"rectangle-1-ounce-perfume-bottles-for-brand-packaging-bulk","status":"publish","type":"product","link":"https:\/\/minghanggroup.com\/pt\/produto\/rectangle-1-ounce-perfume-bottles-for-brand-packaging-bulk\/","title":{"rendered":"Frascos retangulares de perfume de 30 ml (1 on\u00e7a) para embalagens de marcas (em grande quantidade)"},"content":{"rendered":"<p>Seu frasco de perfume retangular deve fazer com que os clientes parem e olhem. Criamos solu\u00e7\u00f5es premium de frascos de perfume de 30 ml, projetadas para o sucesso da embalagem de fragr\u00e2ncias \u2014 onde cada frasco de vidro se torna a assinatura da sua marca.<\/p>\n<h2>Caracter\u00edsticas do produto<\/h2>\n<ul>\n<li><strong>Silhueta retangular moderna:<\/strong> Os frascos de perfume retangulares s\u00e3o definidos por linhas limpas, tornando-se um \u00edcone instant\u00e2neo em qualquer prateleira.<\/li>\n<li><strong>1 on\u00e7a, tamanho perfeito:<\/strong> Na medida certa para amostras ou uso di\u00e1rio, os frascos de perfume de 30 ml s\u00e3o uma \u00f3tima op\u00e7\u00e3o.<\/li>\n<li><strong>Adequado para diversos produtos de fragr\u00e2ncia:<\/strong> O uso deste produto n\u00e3o se limita apenas a perfumes, mas tamb\u00e9m a \u00f3leos de aromaterapia e outros produtos, proporcionando aplica\u00e7\u00f5es flex\u00edveis e diversificadas.<\/li>\n<\/ul>\n<h2>Especifica\u00e7\u00f5es principais<\/h2>\n<table style=\"border-collapse: collapse; width: 80%; margin-left: AUTO; margin-right: AUTO;\" border=\"0\" width=\"288\" cellspacing=\"0\" cellpadding=\"0\">\n<tbody>\n<tr style=\"height: 13.50pt;\">\n<td style=\"height: 13.5pt; width: 54pt; text-align: center;\" width=\"72\" height=\"18\">Capacidade<\/td>\n<td style=\"width: 54pt; text-align: center;\" width=\"72\">Forma<\/td>\n<td style=\"width: 54pt; text-align: center;\" width=\"72\">Dimens\u00f5es (mm)<\/td>\n<td style=\"width: 54pt; text-align: center;\" width=\"72\">Op\u00e7\u00f5es de superf\u00edcie<\/td>\n<\/tr>\n<tr style=\"height: 13.50pt;\">\n<td style=\"height: 13.5pt; text-align: center;\" height=\"18\">30ml (1 oz)<\/td>\n<td style=\"text-align: center;\">Ret\u00e2ngulo<\/td>\n<td style=\"text-align: center;\">37 x 25 x 95<\/td>\n<td style=\"text-align: center;\">Vidro fosco, serigrafia, estampagem a quente<\/td>\n<\/tr>\n<\/tbody>\n<\/table>\n<h2>Caso de sucesso<\/h2>\n<p>Uma das marcas de perfumes mais exclusivas e especiais, sempre famosa por suas fragr\u00e2ncias incrivelmente atraentes e f\u00f3rmulas suaves e equilibradas, buscava uma embalagem que conferisse ainda mais luxo ao seu produto. A marca escolheu nossos frascos de vidro retangulares de 30ml para acondicionar seu perfume e optou por um acabamento fosco e uma tampa prateada met\u00e1lica para um toque de eleg\u00e2ncia. Como servi\u00e7o adicional, a marca incluiu a grava\u00e7\u00e3o do seu logotipo no frasco, criando um produto estiloso, atraente e sofisticado que reflete seu posicionamento premium no mercado.<\/p>\n<p>As vendas cresceram 35% no primeiro trimestre ap\u00f3s a reformula\u00e7\u00e3o, e o feedback dos clientes tem sido muito positivo. Eles se tornaram clientes fi\u00e9is, com pedidos que ultrapassam 100.000 unidades anualmente.<\/p>\n<h2>Suas op\u00e7\u00f5es de personaliza\u00e7\u00e3o<\/h2>\n<ol>\n<li><strong>Acabamento fosco ou transparente:<\/strong> Escolha um acabamento em vidro fosco ou transparente para conferir uma apar\u00eancia sofisticada e elegante, permitindo que a cor da fragr\u00e2ncia seja o destaque. O aspecto fosco proporciona uma sensa\u00e7\u00e3o mais t\u00e1til e luxuosa, enquanto o acabamento transparente oferece eleg\u00e2ncia e pureza.<\/li>\n<li><strong>Tampas de cores personalizadas:<\/strong> Escolha entre uma variedade de cores de tampa met\u00e1lica, como dourado, prateado ou ros\u00e9, para combinar n\u00e3o s\u00f3 com a identidade visual da fragr\u00e2ncia, mas tamb\u00e9m para transmitir a atmosfera de um tema espec\u00edfico. \u00c9 um pequeno detalhe pessoal que, ao elevar o design geral e o charme do produto, faz o cliente se sentir especial.<\/li>\n<li><strong>Impress\u00e3o em serigrafia:<\/strong> Considere adicionar seda decorativa, ilustra\u00e7\u00f5es serigrafadas ou personagens a um frasco, aumentando assim seu valor visual como obra de arte. \u00c9 uma forma de expressar, de maneira sutil e discreta, a personalidade da marca, com designs relacionados que, juntamente com a identidade da fragr\u00e2ncia, formam o conceito de uma marca coesa.<\/li>\n<\/ol>","protected":false},"excerpt":{"rendered":"<p>Esses frascos de perfume de 30 ml s\u00e3o perfeitos para personaliza\u00e7\u00e3o da marca. Envio direto da f\u00e1brica e entrega r\u00e1pida dos frascos retangulares para perfume, ideais para necessidades comerciais.<\/p>","protected":false},"featured_media":4329,"template":"","meta":{"postBodyCss":"","postBodyMargin":[],"postBodyPadding":[],"postBodyBackground":{"backgroundType":"classic","gradient":""}},"product_brand":[],"product_cat":[15,16,62],"product_tag":[],"class_list":{"0":"post-4321","1":"product","2":"type-product","3":"status-publish","4":"has-post-thumbnail","6":"product_cat-glass-containers","7":"product_cat-glass-bottles","8":"product_cat-perfume-bottles","10":"first","11":"instock","12":"shipping-taxable","13":"product-type-simple"},"jetpack_sharing_enabled":true,"_links":{"self":[{"href":"https:\/\/minghanggroup.com\/pt\/wp-json\/wp\/v2\/product\/4321","targetHints":{"allow":["GET"]}}],"collection":[{"href":"https:\/\/minghanggroup.com\/pt\/wp-json\/wp\/v2\/product"}],"about":[{"href":"https:\/\/minghanggroup.com\/pt\/wp-json\/wp\/v2\/types\/product"}],"wp:featuredmedia":[{"embeddable":true,"href":"https:\/\/minghanggroup.com\/pt\/wp-json\/wp\/v2\/media\/4329"}],"wp:attachment":[{"href":"https:\/\/minghanggroup.com\/pt\/wp-json\/wp\/v2\/media?parent=4321"}],"wp:term":[{"taxonomy":"product_brand","embeddable":true,"href":"https:\/\/minghanggroup.com\/pt\/wp-json\/wp\/v2\/product_brand?post=4321"},{"taxonomy":"product_cat","embeddable":true,"href":"https:\/\/minghanggroup.com\/pt\/wp-json\/wp\/v2\/product_cat?post=4321"},{"taxonomy":"product_tag","embeddable":true,"href":"https:\/\/minghanggroup.com\/pt\/wp-json\/wp\/v2\/product_tag?post=4321"}],"curies":[{"name":"wp","href":"https:\/\/api.w.org\/{rel}","templated":true}]}}