{"id":4320,"date":"2026-01-06T08:49:17","date_gmt":"2026-01-06T00:49:17","guid":{"rendered":"https:\/\/minghanggroup.com\/?post_type=product&#038;p=4320"},"modified":"2026-01-06T11:40:53","modified_gmt":"2026-01-06T03:40:53","slug":"custom-golden-perfume-bottle-with-mountain-base","status":"publish","type":"product","link":"https:\/\/minghanggroup.com\/pt\/produto\/custom-golden-perfume-bottle-with-mountain-base\/","title":{"rendered":"Frascos de perfume dourados personalizados de 30ml, 50ml e 100ml com base em formato de montanha (em atacado)"},"content":{"rendered":"<p>Esses frascos de perfume dourados s\u00e3o feitos de vidro transparente (com formato cil\u00edndrico) e uma tampa de metal dourado polido. O detalhe mais marcante \u00e9 a escultura dourada em forma de montanha na base, que confere um toque de requinte e eleg\u00e2ncia.<\/p>\n<h2>Caracter\u00edsticas do produto<\/h2>\n<ul>\n<li><strong>Escultura Montanha Dourada Suspensa:<\/strong> A escultura dourada da montanha dentro da garrafa proporciona uma sensa\u00e7\u00e3o art\u00edstica perfeita e grandiosa.<\/li>\n<li><strong>Formato cl\u00e1ssico de garrafa cil\u00edndrica:<\/strong> \u00c9 notavelmente est\u00e1vel e apresenta uma textura de alta qualidade, sendo assim a melhor escolha para exibir uma imagem de marca refinada.<\/li>\n<li><strong>Esquema de cores douradas:<\/strong> O vidro transparente e a decora\u00e7\u00e3o na tampa e na base ser\u00e3o dourados, formando uma bela combina\u00e7\u00e3o de cores que transmite eleg\u00e2ncia e luxo discreto.<\/li>\n<\/ul>\n<h2 style=\"text-align: left;\">Especifica\u00e7\u00f5es principais<\/h2>\n<table class=\"aligncenter\" style=\"border-collapse: collapse; width: 465.77pt;\" border=\"0\" width=\"621\" cellspacing=\"0\" cellpadding=\"0\">\n<tbody>\n<tr style=\"height: 13.50pt;\">\n<td style=\"height: 13.50pt; width: 117.75pt;\" width=\"157\" height=\"18\">Especifica\u00e7\u00e3o<\/td>\n<td style=\"width: 348.00pt;\" width=\"464\">Detalhes<\/td>\n<\/tr>\n<tr style=\"height: 13.50pt;\">\n<td style=\"height: 13.50pt;\" height=\"18\">Capacidade<\/td>\n<td>30ml \/ 50ml \/ 100ml<\/td>\n<\/tr>\n<tr style=\"height: 13.50pt;\">\n<td style=\"height: 13.50pt;\" height=\"18\">Dimens\u00f5es<\/td>\n<td>46\u00d773mm \/ 51\u00d780mm \/ 59\u00d794mm<\/td>\n<\/tr>\n<tr style=\"height: 13.50pt;\">\n<td style=\"height: 13.50pt;\" height=\"18\">Material<\/td>\n<td>Vidro transparente, tampa de metal dourado<\/td>\n<\/tr>\n<tr style=\"height: 13.50pt;\">\n<td style=\"height: 13.50pt;\" height=\"18\">Formato de garrafa<\/td>\n<td>Cilindro com base escultural encapsulada<\/td>\n<\/tr>\n<tr style=\"height: 13.50pt;\">\n<td style=\"height: 13.50pt;\" height=\"18\">Escopo de personaliza\u00e7\u00e3o<\/td>\n<td>Design de escultura, cor\/tonalidade do vidro, acabamento met\u00e1lico, impress\u00e3o<\/td>\n<\/tr>\n<tr style=\"height: 13.50pt;\">\n<td style=\"height: 13.50pt;\" height=\"18\">Artesanato<\/td>\n<td>Encapsulamento de vidro de precis\u00e3o, fundi\u00e7\u00e3o e galvanoplastia de metais<\/td>\n<\/tr>\n<tr style=\"height: 13.50pt;\">\n<td style=\"height: 13.50pt;\" height=\"18\">Finalidade do produto<\/td>\n<td>Frascos de perfume personalizados, frascos de perfume dourados de luxo<\/td>\n<\/tr>\n<tr style=\"height: 13.50pt;\">\n<td style=\"height: 13.50pt;\" height=\"18\">Ind\u00fastrias adequadas<\/td>\n<td>Artigos de luxo, alta perfumaria, hospitalidade exclusiva<\/td>\n<\/tr>\n<\/tbody>\n<\/table>\n<h2>Caso de sucesso: Lan\u00e7amento do produto principal de um grupo de luxo do Oriente M\u00e9dio<\/h2>\n<p>Uma das empresas de luxo mais renomadas dos Emirados \u00c1rabes Unidos escolheu nosso frasco de perfume dourado de 100 ml e encomendou uma escultura interna inspirada nas montanhas Hajar. Com alta qualidade e acabamento impec\u00e1vel, o frasco \u00e9 vendido a um pre\u00e7o 400% superior ao custo de produ\u00e7\u00e3o. O frasco de 50 ml representou mais de 40% das vendas totais no varejo de viagens, tornando-se um sucesso de vendas nas lojas duty-free dos aeroportos. Impressionado com a r\u00e1pida penetra\u00e7\u00e3o da marca no mercado, o cliente firmou um contrato de exclusividade de 5 anos e encomendou mais 800.000 frascos.<\/p>\n<h2>Op\u00e7\u00f5es de personaliza\u00e7\u00e3o de frascos de perfume<\/h2>\n<ul>\n<li>Escultura e Metal da Tampa: Tanto o interior da escultura quanto a tampa (ouro rosa, ouro antigo, platina) podem ser feitos em diferentes metais ou revestimentos.<\/li>\n<li>Garrafa de Vitral: O vidro est\u00e1 dispon\u00edvel em diferentes cores (\u00e2mbar, azul cobalto e verde esmeralda) para criar um contraste ou complementar a garrafa dourada.<\/li>\n<li>Grava\u00e7\u00e3o a laser em vidro: Os padr\u00f5es, nomes ou coordenadas gravados na superf\u00edcie do vidro ficam sobre a escultura.<\/li>\n<li>Efeito de vidro fosco: adicionam um toque fosco ao vidro para facilitar a percep\u00e7\u00e3o visual da escultura, conferindo-lhe um aspecto suave e elegante.<\/li>\n<\/ul>\n<p>&nbsp;<\/p>","protected":false},"excerpt":{"rendered":"<p>Frascos de perfume personalizados com detalhes dourados esculpidos e tampas de spray met\u00e1licas. Frasco de perfume dourado premium para marcas, desconto para pedidos em grande quantidade. Envio r\u00e1pido.<\/p>","protected":false},"featured_media":4322,"template":"","meta":{"postBodyCss":"","postBodyMargin":[],"postBodyPadding":[],"postBodyBackground":{"backgroundType":"classic","gradient":""}},"product_brand":[],"product_cat":[15,16,62],"product_tag":[],"class_list":{"0":"post-4320","1":"product","2":"type-product","3":"status-publish","4":"has-post-thumbnail","6":"product_cat-glass-containers","7":"product_cat-glass-bottles","8":"product_cat-perfume-bottles","10":"first","11":"instock","12":"shipping-taxable","13":"product-type-simple"},"jetpack_sharing_enabled":true,"_links":{"self":[{"href":"https:\/\/minghanggroup.com\/pt\/wp-json\/wp\/v2\/product\/4320","targetHints":{"allow":["GET"]}}],"collection":[{"href":"https:\/\/minghanggroup.com\/pt\/wp-json\/wp\/v2\/product"}],"about":[{"href":"https:\/\/minghanggroup.com\/pt\/wp-json\/wp\/v2\/types\/product"}],"wp:featuredmedia":[{"embeddable":true,"href":"https:\/\/minghanggroup.com\/pt\/wp-json\/wp\/v2\/media\/4322"}],"wp:attachment":[{"href":"https:\/\/minghanggroup.com\/pt\/wp-json\/wp\/v2\/media?parent=4320"}],"wp:term":[{"taxonomy":"product_brand","embeddable":true,"href":"https:\/\/minghanggroup.com\/pt\/wp-json\/wp\/v2\/product_brand?post=4320"},{"taxonomy":"product_cat","embeddable":true,"href":"https:\/\/minghanggroup.com\/pt\/wp-json\/wp\/v2\/product_cat?post=4320"},{"taxonomy":"product_tag","embeddable":true,"href":"https:\/\/minghanggroup.com\/pt\/wp-json\/wp\/v2\/product_tag?post=4320"}],"curies":[{"name":"wp","href":"https:\/\/api.w.org\/{rel}","templated":true}]}}