{"id":4307,"date":"2026-01-05T14:59:24","date_gmt":"2026-01-05T06:59:24","guid":{"rendered":"https:\/\/minghanggroup.com\/?post_type=product&#038;p=4307"},"modified":"2026-01-05T15:49:42","modified_gmt":"2026-01-05T07:49:42","slug":"red-containers-perfume-glass-with-mountain-base-bulk","status":"publish","type":"product","link":"https:\/\/minghanggroup.com\/pt\/produto\/red-containers-perfume-glass-with-mountain-base-bulk\/","title":{"rendered":"Frascos de vidro vermelhos para perfume, 30ml, 50ml e 100ml, com base em formato de montanha (a granel)"},"content":{"rendered":"<p>Este frasco de perfume vermelho, de design elegante, possui um corpo cil\u00edndrico liso em vidro transparente, complementado por uma tampa met\u00e1lica vermelha e um ornamento vermelho em forma de montanha na base, que lhe conferem uma beleza exclusiva.<\/p>\n<h2>Caracter\u00edsticas do produto<\/h2>\n<ul>\n<li><strong>V\u00e1rios tamanhos:<\/strong> Existem tr\u00eas tamanhos nos quais voc\u00ea pode armazenar seus perfumes, dependendo das suas necessidades di\u00e1rias, viagens e outras ocasi\u00f5es.<\/li>\n<li><strong>Escultura integrada da Montanha Vermelha:<\/strong> A paisagem montanhosa interior \u00e9 em 3D, o que lhe confere um efeito art\u00edstico especial e a torna um elemento visual distintivo.<\/li>\n<li><strong>Esquema de cores vermelhas:<\/strong> A decora\u00e7\u00e3o da tampa e da base em vermelho contrasta fortemente com a transpar\u00eancia da garrafa, formando uma imagem v\u00edvida e inesquec\u00edvel.<\/li>\n<\/ul>\n<h2 style=\"text-align: left;\">Especifica\u00e7\u00f5es principais<\/h2>\n<table class=\"aligncenter\" style=\"border-collapse: collapse; width: 529.52pt;\" border=\"0\" width=\"706\" cellspacing=\"0\" cellpadding=\"0\">\n<tbody>\n<tr style=\"height: 13.50pt;\">\n<td style=\"height: 13.50pt; width: 119.25pt;\" width=\"159\" height=\"18\">Especifica\u00e7\u00e3o<\/td>\n<td style=\"width: 410.25pt;\" width=\"547\">Detalhes<\/td>\n<\/tr>\n<tr style=\"height: 13.50pt;\">\n<td style=\"height: 13.50pt;\" height=\"18\">Capacidade<\/td>\n<td>30ml, 50ml, 100ml<\/td>\n<\/tr>\n<tr style=\"height: 13.50pt;\">\n<td style=\"height: 13.50pt;\" height=\"18\">Dimens\u00f5es<\/td>\n<td>73\u00d746 mm, 80\u00d751 mm, 94\u00d759 mm<\/td>\n<\/tr>\n<tr style=\"height: 13.50pt;\">\n<td style=\"height: 13.50pt;\" height=\"18\">Material<\/td>\n<td>Vidro transparente + componentes met\u00e1licos com acabamento vermelho<\/td>\n<\/tr>\n<tr style=\"height: 13.50pt;\">\n<td style=\"height: 13.50pt;\" height=\"18\">Formato de garrafa<\/td>\n<td>Cil\u00edndrico com decora\u00e7\u00e3o interna vermelha na base da montanha.<\/td>\n<\/tr>\n<tr style=\"height: 13.50pt;\">\n<td style=\"height: 13.50pt;\" height=\"18\">Escopo de personaliza\u00e7\u00e3o<\/td>\n<td>Tonalidade do vidro, acabamento, profundidade do contorno da base, bomba, detalhes internos de cor<\/td>\n<\/tr>\n<tr style=\"height: 13.50pt;\">\n<td style=\"height: 13.50pt;\" height=\"18\">Artesanato<\/td>\n<td>Fus\u00e3o de vidro colorido, revestimento de metal<\/td>\n<\/tr>\n<tr style=\"height: 13.50pt;\">\n<td style=\"height: 13.50pt;\" height=\"18\">Finalidade do produto<\/td>\n<td>Frascos de perfume de alta qualidade em vidro, frascos de perfume vermelhos personalizados.<\/td>\n<\/tr>\n<tr style=\"height: 13.50pt;\">\n<td style=\"height: 13.50pt;\" height=\"18\">Ind\u00fastrias adequadas<\/td>\n<td>Perfumaria de nicho, marcas de beleza, comodidades para hot\u00e9is<\/td>\n<\/tr>\n<\/tbody>\n<\/table>\n<h2>Caso de sucesso: Colabora\u00e7\u00e3o art\u00edstica com uma marca japonesa de estilo de vida<\/h2>\n<p>Uma renomada marca japonesa de estilo de vida, que se inspira na natureza para criar seus designs, decidiu usar nosso frasco de perfume vermelho de 100ml como novo produto e encomendou uma escultura interna do Monte Fuji. O design art\u00edstico exclusivo da obra resultou em um aumento de 700% no compartilhamento nas redes sociais em compara\u00e7\u00e3o com outros produtos da marca. O design diferenciado do frasco tamb\u00e9m contribuiu para um aumento de 78% na taxa de recompra. A marca ficou t\u00e3o satisfeita com a demanda do mercado e com a intera\u00e7\u00e3o com os clientes que encomendou mais 300.000 frascos para dar continuidade \u00e0 pr\u00f3xima fase de sua linha de produtos.<\/p>\n<h2>Personaliza\u00e7\u00e3o de recipientes de vidro para perfumes<\/h2>\n<ul>\n<li>Escultura de Interiores Personalizada: Projete uma paisagem interior exclusiva (paisagem urbana, floresta, animais, estrutura abstrata).<\/li>\n<li>Cores da escultura e da tampa: Selecione a arte interior e as cores da tampa com base em um esquema de cores espec\u00edfico da marca ou em um esquema de cores espec\u00edfico da esta\u00e7\u00e3o.<\/li>\n<li>Grava\u00e7\u00e3o a laser em vidro: Esmalte, nome ou desenho na superf\u00edcie do vidro acima da escultura.<\/li>\n<li>Garrafa de Vidro Fosco: Borrife a superf\u00edcie da garrafa de vidro para que a escultura interna pare\u00e7a mais on\u00edrica e et\u00e9rea.<\/li>\n<\/ul>","protected":false},"excerpt":{"rendered":"<p>Frasco de perfume elegante em vidro transparente com detalhes em vermelho vibrante. Este frasco de perfume vermelho oferece grande apelo visual e \u00e9 fornecido diretamente da f\u00e1brica.<\/p>","protected":false},"featured_media":4311,"template":"","meta":{"postBodyCss":"","postBodyMargin":[],"postBodyPadding":[],"postBodyBackground":{"backgroundType":"classic","gradient":""}},"product_brand":[],"product_cat":[15,16,62],"product_tag":[],"class_list":{"0":"post-4307","1":"product","2":"type-product","3":"status-publish","4":"has-post-thumbnail","6":"product_cat-glass-containers","7":"product_cat-glass-bottles","8":"product_cat-perfume-bottles","10":"first","11":"instock","12":"shipping-taxable","13":"product-type-simple"},"jetpack_sharing_enabled":true,"_links":{"self":[{"href":"https:\/\/minghanggroup.com\/pt\/wp-json\/wp\/v2\/product\/4307","targetHints":{"allow":["GET"]}}],"collection":[{"href":"https:\/\/minghanggroup.com\/pt\/wp-json\/wp\/v2\/product"}],"about":[{"href":"https:\/\/minghanggroup.com\/pt\/wp-json\/wp\/v2\/types\/product"}],"wp:featuredmedia":[{"embeddable":true,"href":"https:\/\/minghanggroup.com\/pt\/wp-json\/wp\/v2\/media\/4311"}],"wp:attachment":[{"href":"https:\/\/minghanggroup.com\/pt\/wp-json\/wp\/v2\/media?parent=4307"}],"wp:term":[{"taxonomy":"product_brand","embeddable":true,"href":"https:\/\/minghanggroup.com\/pt\/wp-json\/wp\/v2\/product_brand?post=4307"},{"taxonomy":"product_cat","embeddable":true,"href":"https:\/\/minghanggroup.com\/pt\/wp-json\/wp\/v2\/product_cat?post=4307"},{"taxonomy":"product_tag","embeddable":true,"href":"https:\/\/minghanggroup.com\/pt\/wp-json\/wp\/v2\/product_tag?post=4307"}],"curies":[{"name":"wp","href":"https:\/\/api.w.org\/{rel}","templated":true}]}}