{"id":4306,"date":"2026-01-05T16:46:51","date_gmt":"2026-01-05T08:46:51","guid":{"rendered":"https:\/\/minghanggroup.com\/?post_type=product&#038;p=4306"},"modified":"2026-01-05T16:59:12","modified_gmt":"2026-01-05T08:59:12","slug":"glass-empty-perfume-bottles-with-vertical-texture-wholesale","status":"publish","type":"product","link":"https:\/\/minghanggroup.com\/pt\/produto\/glass-empty-perfume-bottles-with-vertical-texture-wholesale\/","title":{"rendered":"Frascos de perfume vazios de vidro de 40ml com textura vertical para atacado"},"content":{"rendered":"<p>Seus frascos de perfume vazios de vidro devem fazer com que os clientes parem e olhem. Fabricamos frascos de perfume de vidro premium no atacado, projetados para o sucesso da embalagem de fragr\u00e2ncias \u2014 onde cada frasco se torna o ponto focal da sua marca.<\/p>\n<h2>Caracter\u00edsticas do produto<\/h2>\n<ul>\n<li><strong>Eleg\u00e2ncia com textura canelada: <\/strong>As nervuras verticais n\u00e3o s\u00f3 conferem um toque de luxo ao objeto, como tamb\u00e9m o tornam visualmente atraente, refletindo a luz.<\/li>\n<li><strong>Contraste ousado na tampa vermelha: <\/strong>Aquela calota esf\u00e9rica vermelha brilhante? O vidro transl\u00facido a torna imediatamente um destaque visual.<\/li>\n<li><strong>Tamanho vers\u00e1til de 40ml: <\/strong>Ideal para fragr\u00e2ncias masculinas\/femininas, sprays corporais ou \u00f3leos essenciais.<\/li>\n<\/ul>\n<h2>Especifica\u00e7\u00f5es principais<\/h2>\n<table style=\"border-collapse: collapse; width: 80%; margin-left: auto; margin-right: auto;\" border=\"0\" width=\"360\" cellspacing=\"0\" cellpadding=\"0\">\n<tbody>\n<tr style=\"height: 13.50pt;\">\n<td style=\"height: 13.5pt; width: 54pt; text-align: center;\" width=\"72\" height=\"18\">Capacidade<\/td>\n<td style=\"width: 54pt; text-align: center;\" width=\"72\">Forma<\/td>\n<td style=\"width: 54pt; text-align: center;\" width=\"72\">Dimens\u00f5es<\/td>\n<td style=\"width: 54pt; text-align: center;\" width=\"72\">Di\u00e2metro<\/td>\n<td style=\"width: 54pt; text-align: center;\" width=\"72\">Usos<\/td>\n<\/tr>\n<tr style=\"height: 13.50pt;\">\n<td style=\"height: 13.5pt; text-align: center;\" height=\"18\">40ml<\/td>\n<td style=\"text-align: center;\">Cilindro com nervuras<\/td>\n<td style=\"text-align: center;\">50x50mm<\/td>\n<td style=\"text-align: center;\">15 mm<\/td>\n<td style=\"text-align: center;\">Perfumes masculinos\/femininos, sprays corporais<\/td>\n<\/tr>\n<\/tbody>\n<\/table>\n<h2>Caso de sucesso<\/h2>\n<p>Uma marca de perfumes de luxo escolheu nosso mercado para apresentar sua nova cole\u00e7\u00e3o em frascos de vidro com tampas esf\u00e9ricas vermelhas. As duas estrat\u00e9gias criativas utilizadas pela marca para promover sua imagem foram a personaliza\u00e7\u00e3o com a marca em relevo na base dos frascos e o uso de vidro \u00e2mbar para proteger o perfume dos raios UV.<\/p>\n<p>A marca alcan\u00e7ou um crescimento de 30% no volume de vendas em apenas dois meses, e essa hist\u00f3ria de sucesso se tornou um dos assuntos mais comentados entre os consumidores.<\/p>\n<h2>Suas op\u00e7\u00f5es de personaliza\u00e7\u00e3o<\/h2>\n<ol>\n<li><strong>Logotipos em relevo ou baixo-relevo:<\/strong> Voc\u00ea pode gravar um logotipo em relevo ou baixo-relevo na garrafa para comunicar o aspecto luxuoso ao cliente, tanto visual quanto fisicamente, e assim diferenciar sua marca das demais na prateleira.<\/li>\n<li><strong>Serigrafia decorativa:<\/strong> Selecione a serigrafia detalhada para deixar a garrafa com uma apar\u00eancia atraente e adicione gr\u00e1ficos, padr\u00f5es ou textos excepcionais, que, indiretamente, divulgam sua marca.<\/li>\n<li><strong>Caixas e embalagens para presentes personalizadas:<\/strong> As caixas ou embalagens externas personalizadas podem ser criadas para dar um toque pessoal \u00e0s edi\u00e7\u00f5es especiais ou ofertas de presentes, uma solu\u00e7\u00e3o ideal para vendas sazonais ou para promover sua linha de luxo.<\/li>\n<\/ol>","protected":false},"excerpt":{"rendered":"<p>Explore nossas op\u00e7\u00f5es de frascos de perfume de vidro no atacado. Direto da f\u00e1brica, amostras gr\u00e1tis e personaliza\u00e7\u00e3o dispon\u00edvel para empresas.<\/p>","protected":false},"featured_media":4316,"template":"","meta":{"postBodyCss":"","postBodyMargin":[],"postBodyPadding":[],"postBodyBackground":{"backgroundType":"classic","gradient":""}},"product_brand":[],"product_cat":[15,16,62],"product_tag":[],"class_list":{"0":"post-4306","1":"product","2":"type-product","3":"status-publish","4":"has-post-thumbnail","6":"product_cat-glass-containers","7":"product_cat-glass-bottles","8":"product_cat-perfume-bottles","10":"first","11":"instock","12":"shipping-taxable","13":"product-type-simple"},"jetpack_sharing_enabled":true,"_links":{"self":[{"href":"https:\/\/minghanggroup.com\/pt\/wp-json\/wp\/v2\/product\/4306","targetHints":{"allow":["GET"]}}],"collection":[{"href":"https:\/\/minghanggroup.com\/pt\/wp-json\/wp\/v2\/product"}],"about":[{"href":"https:\/\/minghanggroup.com\/pt\/wp-json\/wp\/v2\/types\/product"}],"wp:featuredmedia":[{"embeddable":true,"href":"https:\/\/minghanggroup.com\/pt\/wp-json\/wp\/v2\/media\/4316"}],"wp:attachment":[{"href":"https:\/\/minghanggroup.com\/pt\/wp-json\/wp\/v2\/media?parent=4306"}],"wp:term":[{"taxonomy":"product_brand","embeddable":true,"href":"https:\/\/minghanggroup.com\/pt\/wp-json\/wp\/v2\/product_brand?post=4306"},{"taxonomy":"product_cat","embeddable":true,"href":"https:\/\/minghanggroup.com\/pt\/wp-json\/wp\/v2\/product_cat?post=4306"},{"taxonomy":"product_tag","embeddable":true,"href":"https:\/\/minghanggroup.com\/pt\/wp-json\/wp\/v2\/product_tag?post=4306"}],"curies":[{"name":"wp","href":"https:\/\/api.w.org\/{rel}","templated":true}]}}