{"id":4297,"date":"2026-01-05T13:41:08","date_gmt":"2026-01-05T05:41:08","guid":{"rendered":"https:\/\/minghanggroup.com\/?post_type=product&#038;p=4297"},"modified":"2026-01-05T14:19:43","modified_gmt":"2026-01-05T06:19:43","slug":"perfume-glass-spray-bottles-with-gold-lids-bulk","status":"publish","type":"product","link":"https:\/\/minghanggroup.com\/pt\/produto\/perfume-glass-spray-bottles-with-gold-lids-bulk\/","title":{"rendered":"Frascos de vidro para perfume de 75 ml com tampas douradas (em grande quantidade)"},"content":{"rendered":"<p>Trata-se de um frasco de perfume de 75 ml (transparente, com linhas suaves e arredondadas e base pesada) com tampa met\u00e1lica dourada e anel decorativo dourado no gargalo.<\/p>\n<h2>Caracter\u00edsticas do produto<\/h2>\n<ul>\n<li><strong>Carroceria curva e aerodin\u00e2mica:<\/strong> A refra\u00e7\u00e3o da luz \u00e9 suave e arredondada, conferindo ao corpo uma sensa\u00e7\u00e3o macia, que \u00e9 ainda mais complementada pelas bordas esculpidas.<\/li>\n<li><strong>Tampa met\u00e1lica assim\u00e9trica dourada:<\/strong> A tampa dourada, com seu design exclusivo, confere um toque de estilo sofisticado e exala luxo.<\/li>\n<li><strong>Anel decorativo em metal dourado:<\/strong> O anel met\u00e1lico entre a garrafa e a tampa confere um toque de sofistica\u00e7\u00e3o e eleg\u00e2ncia aos detalhes.<\/li>\n<\/ul>\n<h2 style=\"text-align: left;\">Especifica\u00e7\u00f5es principais<\/h2>\n<table class=\"aligncenter\" style=\"border-collapse: collapse; width: 421.52pt;\" border=\"0\" width=\"562\" cellspacing=\"0\" cellpadding=\"0\">\n<tbody>\n<tr style=\"height: 13.50pt;\">\n<td style=\"height: 13.50pt; width: 119.25pt;\" width=\"159\" height=\"18\">Especifica\u00e7\u00e3o<\/td>\n<td style=\"width: 302.25pt;\" width=\"403\">Detalhes<\/td>\n<\/tr>\n<tr style=\"height: 13.50pt;\">\n<td style=\"height: 13.50pt;\" height=\"18\">Capacidade<\/td>\n<td>75 ml (2,5 oz)<\/td>\n<\/tr>\n<tr style=\"height: 13.50pt;\">\n<td style=\"height: 13.50pt;\" height=\"18\">Dimens\u00f5es<\/td>\n<td>39 \u00d7 76 \u00d7 94 mm<\/td>\n<\/tr>\n<tr style=\"height: 13.50pt;\">\n<td style=\"height: 13.50pt;\" height=\"18\">Material<\/td>\n<td>Vidro transparente + componentes met\u00e1licos<\/td>\n<\/tr>\n<tr style=\"height: 13.50pt;\">\n<td style=\"height: 13.50pt;\" height=\"18\">Formato de garrafa<\/td>\n<td>Redondo com base espessa<\/td>\n<\/tr>\n<tr style=\"height: 13.50pt;\">\n<td style=\"height: 13.50pt;\" height=\"18\">Escopo de personaliza\u00e7\u00e3o<\/td>\n<td>Cor\/Acabamento do Vidro, Grava\u00e7\u00e3o\/Impress\u00e3o<\/td>\n<\/tr>\n<tr style=\"height: 13.50pt;\">\n<td style=\"height: 13.50pt;\" height=\"18\">Artesanato<\/td>\n<td>Moldagem de vidro curvo, revestimento met\u00e1lico e montagem.<\/td>\n<\/tr>\n<tr style=\"height: 13.50pt;\">\n<td style=\"height: 13.50pt;\" height=\"18\">Finalidade do produto<\/td>\n<td>Frascos de perfume de vidro com spray, frascos de perfume redondos<\/td>\n<\/tr>\n<tr style=\"height: 13.50pt;\">\n<td style=\"height: 13.50pt;\" height=\"18\">Ind\u00fastrias adequadas<\/td>\n<td>Perfumaria de Nicho, Marcas de Beleza, Varejo de Luxo<\/td>\n<\/tr>\n<\/tbody>\n<\/table>\n<h2>Caso de Sucesso: O perfume mais vendido de uma marca de estilo de vida californiana<\/h2>\n<p>Uma das marcas de estilo de vida mais famosas da Calif\u00f3rnia procurou nossa empresa para criar um frasco de perfume de 75 ml (2,5 oz) com corpo de vidro rosa claro. O design elegante e ergon\u00f4mico desses frascos de perfume com spray de vidro provou ser um grande sucesso, com 85% das avalia\u00e7\u00f5es dos clientes dando ao produto uma alta classifica\u00e7\u00e3o devido \u00e0 facilidade de manuseio. Seu design atraente justifica um pre\u00e7o 60% superior ao de outros produtos similares. A marca ficou muito satisfeita com o desempenho e a aceita\u00e7\u00e3o do produto no mercado e, por isso, encomendou mais 500.000 frascos para facilitar a introdu\u00e7\u00e3o do novo produto nos canais de varejo em todo o pa\u00eds.<\/p>\n<h2>Personaliza\u00e7\u00e3o de frascos de perfume de vidro com spray<\/h2>\n<ul>\n<li>Cores\/Efeitos do Vidro: Transparente, colorido (champanhe, vidro do mar) ou fosco (efeitos degrad\u00ea dispon\u00edveis).<\/li>\n<li>Acabamentos met\u00e1licos personalizados: Existem diversos acabamentos met\u00e1licos que podem ser aplicados \u00e0 tampa e ao gargalo (dourado, ouro rosa, cromado, preto).<\/li>\n<li>Grava\u00e7\u00e3o a laser de contorno: padr\u00f5es mais detalhados, nomes de marcas ou logotipos s\u00e3o gravados em linhas de contorno em relevo.<\/li>\n<li>Serigrafia: Lindos desenhos ou logotipos s\u00e3o impressos em uma superf\u00edcie de vidro uniformemente curvada.<\/li>\n<li>Bicos de pulveriza\u00e7\u00e3o personalizados: O frasco possui linhas fluidas que s\u00e3o complementadas por formatos de bicos de pulveriza\u00e7\u00e3o com design exclusivo.<\/li>\n<\/ul>","protected":false},"excerpt":{"rendered":"<p>Frascos de perfume de luxo em vidro redondo com spray, silhueta fluida e detalhes dourados. Frasco de 75 ml (2,5 oz) dispon\u00edvel com desconto para compras em grande quantidade e amostras gr\u00e1tis.<\/p>","protected":false},"featured_media":4301,"template":"","meta":{"postBodyCss":"","postBodyMargin":[],"postBodyPadding":[],"postBodyBackground":{"backgroundType":"classic","gradient":""}},"product_brand":[],"product_cat":[15,16,62],"product_tag":[],"class_list":{"0":"post-4297","1":"product","2":"type-product","3":"status-publish","4":"has-post-thumbnail","6":"product_cat-glass-containers","7":"product_cat-glass-bottles","8":"product_cat-perfume-bottles","10":"first","11":"instock","12":"shipping-taxable","13":"product-type-simple"},"jetpack_sharing_enabled":true,"_links":{"self":[{"href":"https:\/\/minghanggroup.com\/pt\/wp-json\/wp\/v2\/product\/4297","targetHints":{"allow":["GET"]}}],"collection":[{"href":"https:\/\/minghanggroup.com\/pt\/wp-json\/wp\/v2\/product"}],"about":[{"href":"https:\/\/minghanggroup.com\/pt\/wp-json\/wp\/v2\/types\/product"}],"wp:featuredmedia":[{"embeddable":true,"href":"https:\/\/minghanggroup.com\/pt\/wp-json\/wp\/v2\/media\/4301"}],"wp:attachment":[{"href":"https:\/\/minghanggroup.com\/pt\/wp-json\/wp\/v2\/media?parent=4297"}],"wp:term":[{"taxonomy":"product_brand","embeddable":true,"href":"https:\/\/minghanggroup.com\/pt\/wp-json\/wp\/v2\/product_brand?post=4297"},{"taxonomy":"product_cat","embeddable":true,"href":"https:\/\/minghanggroup.com\/pt\/wp-json\/wp\/v2\/product_cat?post=4297"},{"taxonomy":"product_tag","embeddable":true,"href":"https:\/\/minghanggroup.com\/pt\/wp-json\/wp\/v2\/product_tag?post=4297"}],"curies":[{"name":"wp","href":"https:\/\/api.w.org\/{rel}","templated":true}]}}