{"id":4296,"date":"2026-01-05T14:28:22","date_gmt":"2026-01-05T06:28:22","guid":{"rendered":"https:\/\/minghanggroup.com\/?post_type=product&#038;p=4296"},"modified":"2026-01-05T17:06:56","modified_gmt":"2026-01-05T09:06:56","slug":"rectangular-custom-100ml-empty-perfume-bottles-wholesale","status":"publish","type":"product","link":"https:\/\/minghanggroup.com\/pt\/produto\/rectangular-custom-100ml-empty-perfume-bottles-wholesale\/","title":{"rendered":"Frascos de perfume retangulares personalizados vazios de 100ml no atacado"},"content":{"rendered":"<p>Seus frascos de perfume vazios de 100 ml devem atrair a aten\u00e7\u00e3o dos clientes. Fabricamos frascos de perfume vazios premium para venda no atacado, projetados para o sucesso da embalagem de fragr\u00e2ncias \u2014 onde cada frasco de vidro se torna a assinatura da sua marca.<\/p>\n<h2>Caracter\u00edsticas do produto<\/h2>\n<ul>\n<li><strong>Design elegante: <\/strong>A silhueta retangular, limpa e simples, juntamente com a tampa dourada, proporciona uma est\u00e9tica chique e cl\u00e1ssica, ideal para fragr\u00e2ncias sofisticadas e de alta qualidade.<\/li>\n<li><strong>Tampa dourada premium: <\/strong>A tampa dourada met\u00e1lica contribui para a atmosfera opulenta do frasco, tornando-o uma combina\u00e7\u00e3o perfeita tanto para linhas de fragr\u00e2ncias modernas quanto para as cl\u00e1ssicas.<\/li>\n<li><strong>Op\u00e7\u00f5es personaliz\u00e1veis: <\/strong>Voc\u00ea pode personalizar este produto com um logotipo em relevo, serigrafia ou impress\u00e3o em tela, e escolhendo uma cor personalizada para a garrafa e a tampa.<\/li>\n<\/ul>\n<h2>Especifica\u00e7\u00f5es principais<\/h2>\n<table style=\"border-collapse: collapse; width: 80%; margin-left: auto; margin-right: auto;\" border=\"0\" width=\"360\" cellspacing=\"0\" cellpadding=\"0\">\n<tbody>\n<tr style=\"height: 13.50pt;\">\n<td style=\"height: 13.5pt; width: 54pt; text-align: center;\" width=\"72\" height=\"18\">Capacidade<\/td>\n<td style=\"width: 54pt; text-align: center;\" width=\"72\">Dimens\u00f5es (mm)<\/td>\n<td style=\"width: 54pt; text-align: center;\" width=\"72\">Forma<\/td>\n<td style=\"width: 54pt; text-align: center;\" width=\"72\">Recurso principal<\/td>\n<td style=\"width: 54pt; text-align: center;\" width=\"72\">Op\u00e7\u00f5es de superf\u00edcie<\/td>\n<\/tr>\n<tr style=\"height: 13.50pt;\">\n<td style=\"height: 13.5pt; text-align: center;\" height=\"18\">100ml \/ 3,4oz<\/td>\n<td style=\"text-align: center;\">55 x 30 x 118<\/td>\n<td style=\"text-align: center;\">Retangular<\/td>\n<td style=\"text-align: center;\">Tampa esf\u00e9rica + atomizador<\/td>\n<td style=\"text-align: center;\">Jateamento de areia, serigrafia, douramento, decalques<\/td>\n<\/tr>\n<\/tbody>\n<\/table>\n<h2>Caso de sucesso<\/h2>\n<p>A empresa de perfumes desejava elevar o n\u00edvel de suas embalagens para que estivessem \u00e0 altura da qualidade dos perfumes que produzia. Seu novo lan\u00e7amento consistia em experimentar com nossos frascos de perfume vazios de 100 ml com tampas douradas. Para aprimorar ainda mais a embalagem, eles gravaram o logotipo em relevo nos frascos e aplicaram uma textura fosca ao corpo do frasco para conferir uma apar\u00eancia moderna e elegante. Os frascos tamb\u00e9m foram projetados com um padr\u00e3o serigrafado de alta qualidade para atrair e agradar os clientes visualmente.<\/p>\n<p>A marca registrou um crescimento de vendas de 35% no seu primeiro m\u00eas de opera\u00e7\u00e3o. A empresa tem se empenhado em continuar comprando grandes quantidades de garrafas personalizadas, e essa se tornou a embalagem de todos os seus lan\u00e7amentos subsequentes.<\/p>\n<h2>Suas op\u00e7\u00f5es de personaliza\u00e7\u00e3o<\/h2>\n<ol>\n<li><strong>Logotipos em relevo\/baixo-relevo: <\/strong>Eleve a identidade visual da sua marca a um novo patamar, criando um logotipo em relevo ou baixo-relevo na garrafa.<\/li>\n<li><strong>Serigrafia: Impress\u00e3o em seda <\/strong>Decore o frasco usando seda, serigrafia para adicionar detalhes intrincados, palavras ou gr\u00e1ficos para destacar a singularidade da fragr\u00e2ncia.<\/li>\n<li><strong>Varia\u00e7\u00f5es de bon\u00e9: <\/strong>Permitir a escolha de diferentes materiais e acabamentos para a tampa (dourado, prateado ou fosco) que combinem com o design da garrafa.<\/li>\n<\/ol>","protected":false},"excerpt":{"rendered":"<p>Descubra nossa sele\u00e7\u00e3o de frascos de perfume vazios de 100 ml com design retangular para revenda. Dispon\u00edveis para atacado, com op\u00e7\u00f5es de personaliza\u00e7\u00e3o e pre\u00e7os direto da f\u00e1brica.<\/p>","protected":false},"featured_media":4305,"template":"","meta":{"postBodyCss":"","postBodyMargin":[],"postBodyPadding":[],"postBodyBackground":{"backgroundType":"classic","gradient":""}},"product_brand":[],"product_cat":[16,15,62],"product_tag":[],"class_list":{"0":"post-4296","1":"product","2":"type-product","3":"status-publish","4":"has-post-thumbnail","6":"product_cat-glass-bottles","7":"product_cat-glass-containers","8":"product_cat-perfume-bottles","10":"first","11":"instock","12":"shipping-taxable","13":"product-type-simple"},"jetpack_sharing_enabled":true,"_links":{"self":[{"href":"https:\/\/minghanggroup.com\/pt\/wp-json\/wp\/v2\/product\/4296","targetHints":{"allow":["GET"]}}],"collection":[{"href":"https:\/\/minghanggroup.com\/pt\/wp-json\/wp\/v2\/product"}],"about":[{"href":"https:\/\/minghanggroup.com\/pt\/wp-json\/wp\/v2\/types\/product"}],"wp:featuredmedia":[{"embeddable":true,"href":"https:\/\/minghanggroup.com\/pt\/wp-json\/wp\/v2\/media\/4305"}],"wp:attachment":[{"href":"https:\/\/minghanggroup.com\/pt\/wp-json\/wp\/v2\/media?parent=4296"}],"wp:term":[{"taxonomy":"product_brand","embeddable":true,"href":"https:\/\/minghanggroup.com\/pt\/wp-json\/wp\/v2\/product_brand?post=4296"},{"taxonomy":"product_cat","embeddable":true,"href":"https:\/\/minghanggroup.com\/pt\/wp-json\/wp\/v2\/product_cat?post=4296"},{"taxonomy":"product_tag","embeddable":true,"href":"https:\/\/minghanggroup.com\/pt\/wp-json\/wp\/v2\/product_tag?post=4296"}],"curies":[{"name":"wp","href":"https:\/\/api.w.org\/{rel}","templated":true}]}}