{"id":4287,"date":"2026-01-05T13:35:46","date_gmt":"2026-01-05T05:35:46","guid":{"rendered":"https:\/\/minghanggroup.com\/?post_type=product&#038;p=4287"},"modified":"2026-01-05T16:51:56","modified_gmt":"2026-01-05T08:51:56","slug":"glass-unique-fragrance-bottles-for-packaging-bulk","status":"publish","type":"product","link":"https:\/\/minghanggroup.com\/pt\/produto\/glass-unique-fragrance-bottles-for-packaging-bulk\/","title":{"rendered":"Frascos de vidro exclusivos para fragr\u00e2ncias, de 30ml e 100ml, para embalagens a granel."},"content":{"rendered":"<p>Seus frascos de fragr\u00e2ncia exclusivos devem despertar admira\u00e7\u00e3o e encantar os clientes. Criamos solu\u00e7\u00f5es premium em frascos de col\u00f4nia de 100 ml, projetadas para o sucesso da embalagem de fragr\u00e2ncias \u2014 onde cada frasco de perfume de vidro se torna o ponto de partida para conversas sobre sua marca.<\/p>\n<h2>Caracter\u00edsticas do produto<\/h2>\n<ul>\n<li><strong>Design geom\u00e9trico preciso:<\/strong> O uso de linhas limpas e cortes precisos proporciona um impacto visual imediato \u00e0 embalagem do seu perfume.<\/li>\n<li><strong>Detalhe de luxo em dourado na tampa:<\/strong> A tampa quadrada dourada, marca registrada da garrafa, confere um toque de sofistica\u00e7\u00e3o moderna ao vidro.<\/li>\n<li><strong>Versatilidade de tamanho e dupla face:<\/strong> \u00c9 poss\u00edvel criar conjuntos completos de embalagens para fragr\u00e2ncias combinando frascos de 30ml para amostras com frascos de col\u00f4nia de 100ml (3,4 oz).<\/li>\n<\/ul>\n<h2>Especifica\u00e7\u00f5es principais<\/h2>\n<table style=\"border-collapse: collapse; width: 80%; margin-left: auto; margin-right: auto;\" border=\"0\" width=\"288\" cellspacing=\"0\" cellpadding=\"0\">\n<tbody>\n<tr style=\"height: 13.50pt;\">\n<td style=\"height: 13.5pt; width: 54pt; text-align: center;\" width=\"72\" height=\"18\">Capacidade<\/td>\n<td style=\"width: 54pt; text-align: center;\" width=\"72\">Dimens\u00f5es (mm)<\/td>\n<td style=\"width: 54pt; text-align: center;\" width=\"72\">Uso<\/td>\n<td style=\"width: 54pt; text-align: center;\" width=\"72\">Cor do bon\u00e9<\/td>\n<\/tr>\n<tr style=\"height: 13.50pt;\">\n<td style=\"height: 13.5pt; text-align: center;\" height=\"18\">30 ml \/ 1 oz<\/td>\n<td style=\"text-align: center;\">45 x 45 x 59<\/td>\n<td class=\"et2\" style=\"text-align: center;\" rowspan=\"2\">Perfumes, col\u00f4nias, sprays corporais<\/td>\n<td class=\"et2\" style=\"text-align: center;\" rowspan=\"2\">Ouro<\/td>\n<\/tr>\n<tr style=\"height: 13.50pt;\">\n<td style=\"height: 13.5pt; text-align: center;\" height=\"18\">100ml \/ 3,4 oz<\/td>\n<td style=\"text-align: center;\">60 x 60 x 79<\/td>\n<\/tr>\n<\/tbody>\n<\/table>\n<h2>Caso de sucesso<\/h2>\n<p>Uma marca de perfumes de luxo buscava renovar suas embalagens e elevar sua aura sofisticada. Ap\u00f3s experimentar algumas alternativas, optaram por nossos frascos de vidro transparente de 100ml para col\u00f4nia, personalizados com um padr\u00e3o geom\u00e9trico exclusivo: os frascos com tampa quadrada folheada a ouro, logotipo gravado e acabamento fosco na parte inferior, exalando um ar refinado que chamou a aten\u00e7\u00e3o dos clientes. Em apenas um m\u00eas, as vendas nas lojas f\u00edsicas aumentaram 30%. A combina\u00e7\u00e3o de embalagem premium e imagem de marca s\u00f3lida foi fundamental para o crescimento de 50% na taxa de recompra dos clientes.<\/p>\n<h2>Suas op\u00e7\u00f5es de personaliza\u00e7\u00e3o<\/h2>\n<ol>\n<li><strong>Personaliza\u00e7\u00e3o de Design Geom\u00e9trico:<\/strong> Altere as formas e os \u00e2ngulos do corpo da garrafa a partir de uma ampla gama de op\u00e7\u00f5es para comunicar visualmente a ess\u00eancia da marca, por exemplo, linhas angulares, facetadas ou fluidas.<\/li>\n<li><strong>Op\u00e7\u00f5es de limite: <\/strong>Escolha uma variedade de materiais e acabamentos para as tampas, como ouro, prata ou metal fosco, juntamente com altera\u00e7\u00f5es de formato, como quadrado ou redondo, para real\u00e7ar a identidade visual da sua fragr\u00e2ncia.<\/li>\n<li><strong>Logotipos em relevo ou baixo-relevo:<\/strong> Incorpore o logotipo da marca em relevo ou rebaixado na garrafa ou na tampa para facilitar o reconhecimento da marca e o envolvimento sensorial.<\/li>\n<\/ol>","protected":false},"excerpt":{"rendered":"<p>Frascos de fragr\u00e2ncia exclusivos, fabricados artesanalmente e diretamente da f\u00e1brica. Venda por atacado em grandes quantidades, design personaliz\u00e1vel, estes frascos de col\u00f4nia de 100ml (3,4 oz) atendem \u00e0s necessidades da sua marca de fragr\u00e2ncias.<\/p>","protected":false},"featured_media":4295,"template":"","meta":{"postBodyCss":"","postBodyMargin":[],"postBodyPadding":[],"postBodyBackground":{"backgroundType":"classic","gradient":""}},"product_brand":[],"product_cat":[15,16,62],"product_tag":[],"class_list":{"0":"post-4287","1":"product","2":"type-product","3":"status-publish","4":"has-post-thumbnail","6":"product_cat-glass-containers","7":"product_cat-glass-bottles","8":"product_cat-perfume-bottles","10":"first","11":"instock","12":"shipping-taxable","13":"product-type-simple"},"jetpack_sharing_enabled":true,"_links":{"self":[{"href":"https:\/\/minghanggroup.com\/pt\/wp-json\/wp\/v2\/product\/4287","targetHints":{"allow":["GET"]}}],"collection":[{"href":"https:\/\/minghanggroup.com\/pt\/wp-json\/wp\/v2\/product"}],"about":[{"href":"https:\/\/minghanggroup.com\/pt\/wp-json\/wp\/v2\/types\/product"}],"wp:featuredmedia":[{"embeddable":true,"href":"https:\/\/minghanggroup.com\/pt\/wp-json\/wp\/v2\/media\/4295"}],"wp:attachment":[{"href":"https:\/\/minghanggroup.com\/pt\/wp-json\/wp\/v2\/media?parent=4287"}],"wp:term":[{"taxonomy":"product_brand","embeddable":true,"href":"https:\/\/minghanggroup.com\/pt\/wp-json\/wp\/v2\/product_brand?post=4287"},{"taxonomy":"product_cat","embeddable":true,"href":"https:\/\/minghanggroup.com\/pt\/wp-json\/wp\/v2\/product_cat?post=4287"},{"taxonomy":"product_tag","embeddable":true,"href":"https:\/\/minghanggroup.com\/pt\/wp-json\/wp\/v2\/product_tag?post=4287"}],"curies":[{"name":"wp","href":"https:\/\/api.w.org\/{rel}","templated":true}]}}