{"id":4286,"date":"2026-01-05T11:34:24","date_gmt":"2026-01-05T03:34:24","guid":{"rendered":"https:\/\/minghanggroup.com\/?post_type=product&#038;p=4286"},"modified":"2026-01-05T13:40:36","modified_gmt":"2026-01-05T05:40:36","slug":"unique-perfume-bottles-with-pumpkin-design-bulk","status":"publish","type":"product","link":"https:\/\/minghanggroup.com\/pt\/produto\/unique-perfume-bottles-with-pumpkin-design-bulk\/","title":{"rendered":"Frascos de perfume exclusivos de 50ml com design de ab\u00f3bora (em atacado)"},"content":{"rendered":"<p>Esses bel\u00edssimos frascos de perfume s\u00e3o feitos de cristal e t\u00eam o formato de uma ab\u00f3bora, com bordas arredondadas e caneladas, al\u00e9m de uma tampa multifacetada e um anel de metal dourado polido.<\/p>\n<h2>Caracter\u00edsticas do produto<\/h2>\n<ul>\n<li><strong>Garrafa canelada em formato de ab\u00f3bora:<\/strong> O design plano da ab\u00f3bora, com a adi\u00e7\u00e3o de nervuras verticais tridimensionais, aumenta o brilho da refra\u00e7\u00e3o da luz, conferindo-lhe uma sofistica\u00e7\u00e3o semelhante \u00e0 de uma joia.<\/li>\n<li><strong>Textura sulcada vertical profunda:<\/strong> A textura transparente proporciona um efeito visual de luz e sombra que cria uma sensa\u00e7\u00e3o de requinte e confere um toque cl\u00e1ssico de sofistica\u00e7\u00e3o.<\/li>\n<li><strong>Anel de metal dourado:<\/strong> O anel de metal dourado entre a garrafa e a tampa acrescenta um toque de eleg\u00e2ncia ao material transparente.<\/li>\n<\/ul>\n<h2 style=\"text-align: left;\">Especifica\u00e7\u00f5es principais<\/h2>\n<table class=\"aligncenter\" style=\"border-collapse: collapse; width: 533.27pt;\" border=\"0\" width=\"711\" cellspacing=\"0\" cellpadding=\"0\">\n<tbody>\n<tr style=\"height: 13.50pt;\">\n<td style=\"height: 13.50pt; width: 144.75pt;\" width=\"193\" height=\"18\">Recurso<\/td>\n<td style=\"width: 388.50pt;\" width=\"518\">Detalhes<\/td>\n<\/tr>\n<tr style=\"height: 13.50pt;\">\n<td style=\"height: 13.50pt;\" height=\"18\">Capacidade<\/td>\n<td>50ml<\/td>\n<\/tr>\n<tr style=\"height: 13.50pt;\">\n<td style=\"height: 13.50pt;\" height=\"18\">Dimens\u00f5es<\/td>\n<td>64 mm \u00d7 62 mm<\/td>\n<\/tr>\n<tr style=\"height: 13.50pt;\">\n<td style=\"height: 13.50pt;\" height=\"18\">Material<\/td>\n<td>Vidro de alta transpar\u00eancia, componentes met\u00e1licos<\/td>\n<\/tr>\n<tr style=\"height: 13.50pt;\">\n<td style=\"height: 13.50pt;\" height=\"18\">Formato de garrafa<\/td>\n<td>Ab\u00f3bora com nervuras<\/td>\n<\/tr>\n<tr style=\"height: 13.50pt;\">\n<td style=\"height: 13.50pt;\" height=\"18\">Faixa de personaliza\u00e7\u00e3o<\/td>\n<td>Cor\/Tonalidade do Vidro, Design das Nervuras, Acabamento Met\u00e1lico, Estilo da Tampa, Grava\u00e7\u00e3o<\/td>\n<\/tr>\n<tr style=\"height: 13.50pt;\">\n<td style=\"height: 13.50pt;\" height=\"18\">Destaques do trabalho artesanal<\/td>\n<td>Moldagem de vidro canelado, revestimento met\u00e1lico e montagem.<\/td>\n<\/tr>\n<tr style=\"height: 13.50pt;\">\n<td style=\"height: 13.50pt;\" height=\"18\">Uso principal<\/td>\n<td>Frascos de perfume exclusivos, frascos de perfume de luxo.<\/td>\n<\/tr>\n<tr style=\"height: 13.50pt;\">\n<td style=\"height: 13.50pt;\" height=\"18\">Ind\u00fastrias-alvo<\/td>\n<td>Alta Perfumaria, Marcas de Luxo, Lojas Exclusivas<\/td>\n<\/tr>\n<\/tbody>\n<\/table>\n<h2>Hist\u00f3ria de Sucesso: Uma Obra-Prima em Pequena Escala, uma marca de perfumes francesa.<\/h2>\n<p>Uma das marcas francesas de perfumes mais tradicionais do mundo selecionou nosso frasco especial de 50ml com banho de ouro 24 quilates e vidro \u00e2mbar profundo. O formato de ab\u00f3bora foi um sucesso imediato e a cole\u00e7\u00e3o esgotou online em menos de 12 horas. O design bel\u00edssimo gerou um aumento de 500% no conte\u00fado criado pelos usu\u00e1rios nas redes sociais. A demanda e o sucesso desses frascos exclusivos no mercado deixaram a marca satisfeita, que encomendou mais 100.000 unidades como edi\u00e7\u00e3o limitada anual.<\/p>\n<h2>Personaliza\u00e7\u00e3o de lindos frascos de perfume<\/h2>\n<ul>\n<li>Cores do vidro: Eles oferecem uma grande variedade de cores de vidro, incluindo verde esmeralda, azul cobalto e vermelho rubi.<\/li>\n<li>Gargalo e acabamento em metal: Ornamentos met\u00e1licos personalizados de todos os tipos (ouro rosa, pal\u00e1dio) e acabamentos (polido, escovado, antigo).<\/li>\n<li>Varia\u00e7\u00f5es de Sulco: Adicione, subtraia ou alargue, aprofunde o n\u00famero de sulcos verticais para obter varia\u00e7\u00f5es de ritmo visual.<\/li>\n<li>Design personalizado de ponteiras de cristal: Crie padr\u00f5es ou formatos de corte especiais para as ponteiras de cristal.<\/li>\n<\/ul>","protected":false},"excerpt":{"rendered":"<p>Frascos de perfume exclusivos, confeccionados em cristal em formato de ab\u00f3bora com detalhes em dourado. Lindos frascos de perfume fornecidos diretamente da f\u00e1brica para as marcas. Envio r\u00e1pido.<\/p>","protected":false},"featured_media":4291,"template":"","meta":{"postBodyCss":"","postBodyMargin":[],"postBodyPadding":[],"postBodyBackground":{"backgroundType":"classic","gradient":""}},"product_brand":[],"product_cat":[15,16,62],"product_tag":[],"class_list":{"0":"post-4286","1":"product","2":"type-product","3":"status-publish","4":"has-post-thumbnail","6":"product_cat-glass-containers","7":"product_cat-glass-bottles","8":"product_cat-perfume-bottles","10":"first","11":"instock","12":"shipping-taxable","13":"product-type-simple"},"jetpack_sharing_enabled":true,"_links":{"self":[{"href":"https:\/\/minghanggroup.com\/pt\/wp-json\/wp\/v2\/product\/4286","targetHints":{"allow":["GET"]}}],"collection":[{"href":"https:\/\/minghanggroup.com\/pt\/wp-json\/wp\/v2\/product"}],"about":[{"href":"https:\/\/minghanggroup.com\/pt\/wp-json\/wp\/v2\/types\/product"}],"wp:featuredmedia":[{"embeddable":true,"href":"https:\/\/minghanggroup.com\/pt\/wp-json\/wp\/v2\/media\/4291"}],"wp:attachment":[{"href":"https:\/\/minghanggroup.com\/pt\/wp-json\/wp\/v2\/media?parent=4286"}],"wp:term":[{"taxonomy":"product_brand","embeddable":true,"href":"https:\/\/minghanggroup.com\/pt\/wp-json\/wp\/v2\/product_brand?post=4286"},{"taxonomy":"product_cat","embeddable":true,"href":"https:\/\/minghanggroup.com\/pt\/wp-json\/wp\/v2\/product_cat?post=4286"},{"taxonomy":"product_tag","embeddable":true,"href":"https:\/\/minghanggroup.com\/pt\/wp-json\/wp\/v2\/product_tag?post=4286"}],"curies":[{"name":"wp","href":"https:\/\/api.w.org\/{rel}","templated":true}]}}