{"id":4276,"date":"2026-01-05T10:20:58","date_gmt":"2026-01-05T02:20:58","guid":{"rendered":"https:\/\/minghanggroup.com\/?post_type=product&#038;p=4276"},"modified":"2026-01-05T16:50:30","modified_gmt":"2026-01-05T08:50:30","slug":"glass-clear-cologne-bottles-with-spray-wholesale","status":"publish","type":"product","link":"https:\/\/minghanggroup.com\/pt\/produto\/glass-clear-cologne-bottles-with-spray-wholesale\/","title":{"rendered":"Frascos de vidro transparente para col\u00f4nia de 50ml e 100ml com spray (venda por atacado)"},"content":{"rendered":"<p>Seus frascos de perfume transparentes devem atrair a aten\u00e7\u00e3o dos clientes. Criamos solu\u00e7\u00f5es premium de frascos de perfume de 100 ml, projetadas para o sucesso da embalagem de fragr\u00e2ncias \u2014 onde cada frasco de vidro se torna a assinatura da sua marca.<\/p>\n<h2>Caracter\u00edsticas do produto<\/h2>\n<ul>\n<li><strong>Corpo em vidro de alta transpar\u00eancia:<\/strong> O vidro ultratransparente \u00e9 o ve\u00edculo perfeito para a cor da fragr\u00e2ncia, que pode ser vista em toda a sua vivacidade, tornando a prateleira visualmente atraente.<\/li>\n<li><strong>Forma moderna e equilibrada: <\/strong>A combina\u00e7\u00e3o de linhas limpas e perfil suavemente arredondado confere ao design um visual atemporal, adequado para diferentes estilos de fragr\u00e2ncias.<\/li>\n<li><strong>Vers\u00e1til para branding: <\/strong>O design neutro da garrafa \u00e9 compat\u00edvel com rotulagem, impress\u00e3o ou personaliza\u00e7\u00e3o de logotipos para diferentes identidades de marca.<\/li>\n<\/ul>\n<h2>Especifica\u00e7\u00f5es principais<\/h2>\n<table style=\"border-collapse: collapse; width: 80%; margin-left: auto; margin-right: auto;\" border=\"0\" width=\"288\" cellspacing=\"0\" cellpadding=\"0\">\n<tbody>\n<tr style=\"height: 13.50pt;\">\n<td class=\"et2\" style=\"height: 13.5pt; width: 54pt; text-align: center;\" width=\"72\" height=\"18\">Capacidade (ml)<\/td>\n<td style=\"width: 54pt; text-align: center;\" width=\"72\">Dimens\u00f5es (mm)<\/td>\n<td style=\"width: 54pt; text-align: center;\" width=\"72\">Cor do vidro<\/td>\n<td style=\"width: 54pt; text-align: center;\" width=\"72\">Cores das tampas<\/td>\n<\/tr>\n<tr style=\"height: 13.50pt;\">\n<td style=\"height: 13.5pt; text-align: center;\" align=\"right\" height=\"18\">50<\/td>\n<td style=\"text-align: center;\">62 x 22 x 88<\/td>\n<td class=\"et2\" style=\"text-align: center;\" rowspan=\"2\">Transparente, Personalizado<\/td>\n<td class=\"et2\" style=\"text-align: center;\" rowspan=\"2\">Ouro, Prata, Personalizado<\/td>\n<\/tr>\n<tr style=\"height: 13.50pt;\">\n<td style=\"height: 13.5pt; text-align: center;\" align=\"right\" height=\"18\">100<\/td>\n<td style=\"text-align: center;\">74 x 26 x 110<\/td>\n<\/tr>\n<\/tbody>\n<\/table>\n<h2>Caso de sucesso<\/h2>\n<p>Uma marca de fragr\u00e2ncias queria aumentar sua visibilidade no mercado com embalagens que refletissem com precis\u00e3o a pureza e a natureza artesanal dos aromas. Para o lan\u00e7amento de uma nova cole\u00e7\u00e3o, escolheram nossos frascos de col\u00f4nia transparentes de 100 ml e os personalizaram com um acabamento em vidro fosco, um logotipo em relevo muito discreto no ombro do frasco e um anel de spray em metal escovado. Em menos de tr\u00eas meses, as vendas no varejo aumentaram 32%, e os coment\u00e1rios dos clientes elogiaram principalmente o toque luxuoso e a eleg\u00e2ncia dos frascos. Motivada pelo impacto da campanha, a marca aplicou o design \u00e0 sua linha principal de produtos, aumentando o volume do pedido em 45%.<\/p>\n<h2>Suas op\u00e7\u00f5es de personaliza\u00e7\u00e3o<\/h2>\n<ol>\n<li><strong>Acabamento da superf\u00edcie da garrafa:<\/strong> Selecione entre op\u00e7\u00f5es transparentes e foscas para destacar visualmente a inscri\u00e7\u00e3o da marca, criando contraste.<\/li>\n<li><strong>Tratamento de vidro com gradiente:<\/strong> O gradiente ou degrad\u00ea de cores claras pode ser usado no vidro para dar uma apar\u00eancia tridimensional.<\/li>\n<li><strong>Detalhes da Edi\u00e7\u00e3o Limitada:<\/strong> Pequenos elementos produzidos em lotes, como marca\u00e7\u00f5es numeradas ou texturas de superf\u00edcie exclusivas, podem ser usados \u200b\u200bem lan\u00e7amentos sazonais ou de luxo.<\/li>\n<\/ol>","protected":false},"excerpt":{"rendered":"<p>Os frascos de col\u00f4nia transparentes real\u00e7am a pureza da fragr\u00e2ncia. Ideais para frascos de 100 ml, com pre\u00e7os direto da f\u00e1brica e op\u00e7\u00f5es de personaliza\u00e7\u00e3o dispon\u00edveis.<\/p>","protected":false},"featured_media":4280,"template":"","meta":{"postBodyCss":"","postBodyMargin":[],"postBodyPadding":[],"postBodyBackground":{"backgroundType":"classic","gradient":""}},"product_brand":[],"product_cat":[15,16,62],"product_tag":[],"class_list":{"0":"post-4276","1":"product","2":"type-product","3":"status-publish","4":"has-post-thumbnail","6":"product_cat-glass-containers","7":"product_cat-glass-bottles","8":"product_cat-perfume-bottles","10":"first","11":"instock","12":"shipping-taxable","13":"product-type-simple"},"jetpack_sharing_enabled":true,"_links":{"self":[{"href":"https:\/\/minghanggroup.com\/pt\/wp-json\/wp\/v2\/product\/4276","targetHints":{"allow":["GET"]}}],"collection":[{"href":"https:\/\/minghanggroup.com\/pt\/wp-json\/wp\/v2\/product"}],"about":[{"href":"https:\/\/minghanggroup.com\/pt\/wp-json\/wp\/v2\/types\/product"}],"wp:featuredmedia":[{"embeddable":true,"href":"https:\/\/minghanggroup.com\/pt\/wp-json\/wp\/v2\/media\/4280"}],"wp:attachment":[{"href":"https:\/\/minghanggroup.com\/pt\/wp-json\/wp\/v2\/media?parent=4276"}],"wp:term":[{"taxonomy":"product_brand","embeddable":true,"href":"https:\/\/minghanggroup.com\/pt\/wp-json\/wp\/v2\/product_brand?post=4276"},{"taxonomy":"product_cat","embeddable":true,"href":"https:\/\/minghanggroup.com\/pt\/wp-json\/wp\/v2\/product_cat?post=4276"},{"taxonomy":"product_tag","embeddable":true,"href":"https:\/\/minghanggroup.com\/pt\/wp-json\/wp\/v2\/product_tag?post=4276"}],"curies":[{"name":"wp","href":"https:\/\/api.w.org\/{rel}","templated":true}]}}