{"id":4266,"date":"2026-01-04T17:00:07","date_gmt":"2026-01-04T09:00:07","guid":{"rendered":"https:\/\/minghanggroup.com\/?post_type=product&#038;p=4266"},"modified":"2026-01-04T17:00:09","modified_gmt":"2026-01-04T09:00:09","slug":"glass-perfume-containers-with-metal-sprayer-wholesale","status":"publish","type":"product","link":"https:\/\/minghanggroup.com\/pt\/produto\/glass-perfume-containers-with-metal-sprayer-wholesale\/","title":{"rendered":"Frascos de vidro para perfume de 30ml e 50ml com borrifador met\u00e1lico (venda por atacado)"},"content":{"rendered":"<p>Seus pequenos frascos de col\u00f4nia devem atrair a aten\u00e7\u00e3o dos clientes. Criamos embalagens de perfume premium em grandes quantidades, projetadas para o sucesso da sua fragr\u00e2ncia \u2014 onde cada pequeno frasco de col\u00f4nia se torna a assinatura da sua marca.<\/p>\n<h2>Caracter\u00edsticas do produto<\/h2>\n<ul>\n<li><strong>Silhueta limpa e moderna:<\/strong> As propor\u00e7\u00f5es equilibradas com laterais suavemente anguladas criam um visual moderno que se adapta a uma ampla gama de estilos de fragr\u00e2ncias.<\/li>\n<li><strong>Corpo em vidro de alta transpar\u00eancia:<\/strong> O vidro transparente permite que a cor do perfume seja vis\u00edvel sem obstru\u00e7\u00f5es, proporcionando assim uma vis\u00e3o clara do produto na prateleira, o que aumenta seu apelo e visibilidade.<\/li>\n<li><strong>Design personalizado e pronto:<\/strong> A garrafa \u00e9 ideal para revestimento colorido, serigrafia ou decora\u00e7\u00e3o com logotipos, auxiliando na diferencia\u00e7\u00e3o da marca.<\/li>\n<\/ul>\n<h2>Especifica\u00e7\u00f5es principais<\/h2>\n<table style=\"border-collapse: collapse; width: 80%; margin-left: auto; margin-right: auto;\" border=\"0\" width=\"288\" cellspacing=\"0\" cellpadding=\"0\">\n<tbody>\n<tr style=\"height: 13.50pt;\">\n<td style=\"height: 13.5pt; width: 54pt; text-align: center;\" width=\"72\" height=\"18\">Capacidade (ml)<\/td>\n<td style=\"width: 54pt; text-align: center;\" width=\"72\">Dimens\u00f5es (mm)<\/td>\n<td style=\"width: 54pt; text-align: center;\" width=\"72\">Material<\/td>\n<td style=\"width: 54pt; text-align: center;\" width=\"72\">Cores dispon\u00edveis<\/td>\n<\/tr>\n<tr style=\"height: 13.50pt;\">\n<td style=\"height: 13.5pt; text-align: center;\" align=\"right\" height=\"18\">30<\/td>\n<td style=\"text-align: center;\">55 x 25 x 85<\/td>\n<td class=\"et2\" style=\"text-align: center;\" rowspan=\"2\">Vidro de cristal<\/td>\n<td class=\"et2\" style=\"text-align: center;\" rowspan=\"2\">Ouro, Prata, Preto, Branco, Madeira<\/td>\n<\/tr>\n<tr style=\"height: 13.50pt;\">\n<td style=\"height: 13.5pt; text-align: center;\" align=\"right\" height=\"18\">50<\/td>\n<td style=\"text-align: center;\">66 x 30 x 100<\/td>\n<\/tr>\n<\/tbody>\n<\/table>\n<h2>Caso de sucesso<\/h2>\n<p>Uma nova fragr\u00e2ncia foi criada por uma marca de perfumes e optou por embal\u00e1-la em nossos pequenos frascos, realizando assim uma primeira compra de 5.000 unidades. Para valorizar a marca, esses frascos receberam um acabamento em vidro fosco, um belo logotipo em relevo na frente e vidro colorido suave.<\/p>\n<p>Ap\u00f3s alguns meses, a taxa de recompra aumentou 65%, e a marca passou a fazer pedidos em grande quantidade regularmente. Para expandir ainda mais sua linha de produtos, lan\u00e7aram agora um item maior, com os mesmos frascos de perfume personalizados.<\/p>\n<h2>Suas op\u00e7\u00f5es de personaliza\u00e7\u00e3o<\/h2>\n<ol>\n<li><strong>Projeto de Processo Particionado:<\/strong> Permite a utiliza\u00e7\u00e3o de processos combinados em v\u00e1rias partes do corpo da garrafa, por exemplo, acabamentos transparentes e foscos em diferentes \u00e1reas, criando assim uma sobreposi\u00e7\u00e3o visual do produto.<\/li>\n<li><strong>Elementos de identifica\u00e7\u00e3o em relevo:<\/strong> Linhas ou s\u00edmbolos em relevo muito pequenos podem ser introduzidos no ombro ou na lateral da garrafa para gerar pontos de identifica\u00e7\u00e3o exclusivos.<\/li>\n<li><strong>Espessura do vidro personalizada:<\/strong> Apresenta diferentes op\u00e7\u00f5es de espessura de vidro, permitindo assim uma combina\u00e7\u00e3o flex\u00edvel de controle de custos e luxo de alta qualidade.<\/li>\n<li><strong>Detalhes personalizados antifalsifica\u00e7\u00e3o:<\/strong> Detalhes antifalsifica\u00e7\u00e3o podem ser personalizados dependendo dos canais de venda, como por exemplo, marca\u00e7\u00f5es invis\u00edveis ou padr\u00f5es de fundo especiais, aumentando assim a efic\u00e1cia da prote\u00e7\u00e3o da marca.<\/li>\n<\/ol>","protected":false},"excerpt":{"rendered":"<p>Frascos para perfumes em vidro transparente com um toque refinado. Suporte direto da f\u00e1brica, op\u00e7\u00f5es de amostras e personaliza\u00e7\u00e3o flex\u00edvel para frascos de col\u00f4nia de pequeno porte.<\/p>","protected":false},"featured_media":4270,"template":"","meta":{"postBodyCss":"","postBodyMargin":[],"postBodyPadding":[],"postBodyBackground":{"backgroundType":"classic","gradient":""}},"product_brand":[],"product_cat":[15,16,62],"product_tag":[],"class_list":{"0":"post-4266","1":"product","2":"type-product","3":"status-publish","4":"has-post-thumbnail","6":"product_cat-glass-containers","7":"product_cat-glass-bottles","8":"product_cat-perfume-bottles","10":"first","11":"instock","12":"shipping-taxable","13":"product-type-simple"},"jetpack_sharing_enabled":true,"_links":{"self":[{"href":"https:\/\/minghanggroup.com\/pt\/wp-json\/wp\/v2\/product\/4266","targetHints":{"allow":["GET"]}}],"collection":[{"href":"https:\/\/minghanggroup.com\/pt\/wp-json\/wp\/v2\/product"}],"about":[{"href":"https:\/\/minghanggroup.com\/pt\/wp-json\/wp\/v2\/types\/product"}],"wp:featuredmedia":[{"embeddable":true,"href":"https:\/\/minghanggroup.com\/pt\/wp-json\/wp\/v2\/media\/4270"}],"wp:attachment":[{"href":"https:\/\/minghanggroup.com\/pt\/wp-json\/wp\/v2\/media?parent=4266"}],"wp:term":[{"taxonomy":"product_brand","embeddable":true,"href":"https:\/\/minghanggroup.com\/pt\/wp-json\/wp\/v2\/product_brand?post=4266"},{"taxonomy":"product_cat","embeddable":true,"href":"https:\/\/minghanggroup.com\/pt\/wp-json\/wp\/v2\/product_cat?post=4266"},{"taxonomy":"product_tag","embeddable":true,"href":"https:\/\/minghanggroup.com\/pt\/wp-json\/wp\/v2\/product_tag?post=4266"}],"curies":[{"name":"wp","href":"https:\/\/api.w.org\/{rel}","templated":true}]}}