{"id":4256,"date":"2026-01-04T15:11:18","date_gmt":"2026-01-04T07:11:18","guid":{"rendered":"https:\/\/minghanggroup.com\/?post_type=product&#038;p=4256"},"modified":"2026-01-04T16:59:12","modified_gmt":"2026-01-04T08:59:12","slug":"round-customized-perfume-bottles-wholesale","status":"publish","type":"product","link":"https:\/\/minghanggroup.com\/pt\/produto\/round-customized-perfume-bottles-wholesale\/","title":{"rendered":"Frascos de perfume redondos personalizados de 30ml, 50ml e 100ml para atacado"},"content":{"rendered":"<p>S\u00e3o frascos de perfume perfeitos para venda por atacado, cada um com uma tampa de cristal lapidado em diamante brilhante e um bico prateado altamente polido, feitos de vidro cristal.<\/p>\n<h2>Caracter\u00edsticas do produto<\/h2>\n<ul>\n<li><strong>Curvas e linhas:<\/strong> O pesco\u00e7o afilado e as linhas fluidas e esculpidas proporcionam uma pegada natural e luxuosa ao corpo graciosamente curvado.<\/li>\n<li><strong>Tampa transparente e bico de metal:<\/strong> A tampa facetada e o bico prateado, sendo uma pe\u00e7a perfeitamente fundida, criam um design que lembra uma joia.<\/li>\n<li><strong>Tr\u00eas pacotes:<\/strong> Embalagens de 30ml, 50ml e 100ml que incluem kits de amostra de luxo, produtos principais e fragr\u00e2ncias exclusivas.<\/li>\n<\/ul>\n<h2 style=\"text-align: left;\">Especifica\u00e7\u00f5es principais<\/h2>\n<table class=\"aligncenter\" style=\"border-collapse: collapse; width: 658.52pt;\" border=\"0\" width=\"878\" cellspacing=\"0\" cellpadding=\"0\">\n<tbody>\n<tr style=\"height: 13.50pt;\">\n<td style=\"height: 13.50pt; width: 130.50pt;\" width=\"174\" height=\"18\">Especifica\u00e7\u00e3o<\/td>\n<td style=\"width: 528.00pt;\" width=\"704\">Detalhes<\/td>\n<\/tr>\n<tr style=\"height: 13.50pt;\">\n<td style=\"height: 13.50pt;\" height=\"18\">Dimens\u00f5es<\/td>\n<td>30 ml: 64 \u00d7 28 \u00d7 72 mm; 50 ml: 75 \u00d7 25 \u00d7 85 mm; 100 ml: 86 \u00d7 36 \u00d7 90 mm<\/td>\n<\/tr>\n<tr style=\"height: 13.50pt;\">\n<td style=\"height: 13.50pt;\" height=\"18\">Material<\/td>\n<td>Corpo em vidro de alta transpar\u00eancia; componentes met\u00e1licos<\/td>\n<\/tr>\n<tr style=\"height: 13.50pt;\">\n<td style=\"height: 13.50pt;\" height=\"18\">Formato de garrafa<\/td>\n<td>Forma c\u00f4nica curva com cortes de superf\u00edcie arqueados em 3D<\/td>\n<\/tr>\n<tr style=\"height: 13.50pt;\">\n<td style=\"height: 13.50pt;\" height=\"18\">Escopo de personaliza\u00e7\u00e3o<\/td>\n<td>Cores (fuma\u00e7a, \u00e2mbar, degrad\u00ea) Personaliza\u00e7\u00e3o: Grava\u00e7\u00e3o 3D na superf\u00edcie, Serigrafia de precis\u00e3o<\/td>\n<\/tr>\n<tr style=\"height: 13.50pt;\">\n<td style=\"height: 13.50pt;\" height=\"18\">Recurso de Artesanato<\/td>\n<td>Escultura em vidro com corte em arco 3D<\/td>\n<\/tr>\n<tr style=\"height: 13.50pt;\">\n<td style=\"height: 13.50pt;\" height=\"18\">Finalidade do produto<\/td>\n<td>Frascos de fragr\u00e2ncias de ultra-luxo, frascos de col\u00f4nia no atacado<\/td>\n<\/tr>\n<tr style=\"height: 13.50pt;\">\n<td style=\"height: 13.50pt;\" height=\"18\">Ind\u00fastrias adequadas<\/td>\n<td>Perfumaria de luxo e nicho, marcas de moda de grife, varejo exclusivo<\/td>\n<\/tr>\n<\/tbody>\n<\/table>\n<h2>Caso de sucesso: Lan\u00e7amento do produto principal de um grupo de luxo do Oriente M\u00e9dio<\/h2>\n<p>Um dos grupos de luxo de Dubai escolheu nossos frascos de perfume personalizados de 100ml como seu produto principal. Desenvolvemos um frasco em vidro safira personalizado. O peso do frasco e sua apar\u00eancia de joia fizeram com que o custo para o varejista fosse 400% maior do que o custo de fabrica\u00e7\u00e3o. As caracter\u00edsticas especiais de reflex\u00e3o da luz do frasco fizeram com que os clientes passassem 60% mais tempo no balc\u00e3o da loja. A equipe ficou impressionada com o r\u00e1pido crescimento da marca e com a import\u00e2ncia do frasco nesse processo, e por isso encomendou um novo lote de 750.000 frascos para garantir que a empresa tenha o direito de venda exclusiva na regi\u00e3o.<\/p>\n<h2>Personaliza\u00e7\u00e3o de frascos de col\u00f4nia por atacado<\/h2>\n<ul>\n<li>Cores e transpar\u00eancias do vidro: oferecidas em diversas cores de pedras preciosas (esmeralda, rubi, \u00e2mbar) e em v\u00e1rios graus de incolora\u00e7\u00e3o.<\/li>\n<li>Acabamentos met\u00e1licos: O colar do bico e outras pe\u00e7as met\u00e1licas podem ser personalizados com acabamentos como ouro rosa, PVD preto ou prata antiga.<\/li>\n<li>Grava\u00e7\u00e3o em arco personalizada: Crie padr\u00f5es especiais de grava\u00e7\u00e3o na superf\u00edcie, como ondas, folhas ou padr\u00f5es geom\u00e9tricos.<\/li>\n<li>Grava\u00e7\u00e3o a laser curva: Permite gravar logotipos, monogramas ou padr\u00f5es na superf\u00edcie lisa e curva da garrafa.<\/li>\n<\/ul>","protected":false},"excerpt":{"rendered":"<p>Descubra frascos de col\u00f4nia no atacado com vidro de alta transpar\u00eancia. Esses frascos de perfume personalizados podem ser adaptados com seu logotipo para um visual luxuoso. Amostra gr\u00e1tis.<\/p>","protected":false},"featured_media":4259,"template":"","meta":{"postBodyCss":"","postBodyMargin":[],"postBodyPadding":[],"postBodyBackground":{"backgroundType":"classic","gradient":""}},"product_brand":[],"product_cat":[15,16,62],"product_tag":[],"class_list":{"0":"post-4256","1":"product","2":"type-product","3":"status-publish","4":"has-post-thumbnail","6":"product_cat-glass-containers","7":"product_cat-glass-bottles","8":"product_cat-perfume-bottles","10":"first","11":"instock","12":"shipping-taxable","13":"product-type-simple"},"jetpack_sharing_enabled":true,"_links":{"self":[{"href":"https:\/\/minghanggroup.com\/pt\/wp-json\/wp\/v2\/product\/4256","targetHints":{"allow":["GET"]}}],"collection":[{"href":"https:\/\/minghanggroup.com\/pt\/wp-json\/wp\/v2\/product"}],"about":[{"href":"https:\/\/minghanggroup.com\/pt\/wp-json\/wp\/v2\/types\/product"}],"wp:featuredmedia":[{"embeddable":true,"href":"https:\/\/minghanggroup.com\/pt\/wp-json\/wp\/v2\/media\/4259"}],"wp:attachment":[{"href":"https:\/\/minghanggroup.com\/pt\/wp-json\/wp\/v2\/media?parent=4256"}],"wp:term":[{"taxonomy":"product_brand","embeddable":true,"href":"https:\/\/minghanggroup.com\/pt\/wp-json\/wp\/v2\/product_brand?post=4256"},{"taxonomy":"product_cat","embeddable":true,"href":"https:\/\/minghanggroup.com\/pt\/wp-json\/wp\/v2\/product_cat?post=4256"},{"taxonomy":"product_tag","embeddable":true,"href":"https:\/\/minghanggroup.com\/pt\/wp-json\/wp\/v2\/product_tag?post=4256"}],"curies":[{"name":"wp","href":"https:\/\/api.w.org\/{rel}","templated":true}]}}