{"id":4250,"date":"2026-01-04T14:36:11","date_gmt":"2026-01-04T06:36:11","guid":{"rendered":"https:\/\/minghanggroup.com\/?post_type=product&#038;p=4250"},"modified":"2026-01-04T17:18:47","modified_gmt":"2026-01-04T09:18:47","slug":"small-empty-travel-cologne-bottles-bulk","status":"publish","type":"product","link":"https:\/\/minghanggroup.com\/pt\/produto\/small-empty-travel-cologne-bottles-bulk\/","title":{"rendered":"Frascos de col\u00f4nia vazios para viagem, tamanho pequeno, 25ml (em grande quantidade)"},"content":{"rendered":"<p>O frasco de col\u00f4nia para viagem tem um tamanho muito compacto de 25 ml, sendo, portanto, muito port\u00e1til. O frasco \u00e9 feito de vidro puro e elegante, com acabamento polido, e vem com uma charmosa tampa de metal prateada, que combina perfeitamente com o design minimalista.<\/p>\n<h2>Caracter\u00edsticas do produto<\/h2>\n<ul>\n<li><strong>Design retangular com dimens\u00f5es ultracompactas:<\/strong> O frasco fino n\u00e3o ocupa muito espa\u00e7o, pois cabe em qualquer bolso, bolsa ou mala de viagem.<\/li>\n<li><strong>Tampa met\u00e1lica segura e \u00e0 prova de vazamentos:<\/strong> A tampa met\u00e1lica de rosca proporciona um fechamento herm\u00e9tico, garantindo tranquilidade durante sua viagem.<\/li>\n<li><strong>Capacidade de 25 ml:<\/strong> 25ml \u00e9 o tamanho ideal para armazenar fragr\u00e2ncia, pois n\u00e3o \u00e9 muito pequeno nem muito grande para ser carregado diariamente, durante todo o dia, ou em pequenas excurs\u00f5es.<\/li>\n<\/ul>\n<h2 style=\"text-align: left;\">Especifica\u00e7\u00f5es principais<\/h2>\n<table class=\"aligncenter\" style=\"border-collapse: collapse; width: 523.52pt;\" border=\"0\" width=\"698\" cellspacing=\"0\" cellpadding=\"0\">\n<tbody>\n<tr style=\"height: 13.50pt;\">\n<td style=\"height: 13.50pt; width: 130.50pt;\" width=\"174\" height=\"18\">Especifica\u00e7\u00e3o<\/td>\n<td style=\"width: 393.00pt;\" width=\"524\">Detalhes<\/td>\n<\/tr>\n<tr style=\"height: 13.50pt;\">\n<td style=\"height: 13.50pt;\" height=\"18\">Capacidade<\/td>\n<td>25ml<\/td>\n<\/tr>\n<tr style=\"height: 13.50pt;\">\n<td style=\"height: 13.50pt;\" height=\"18\">Dimens\u00f5es<\/td>\n<td>32\u00d720\u00d775mm<\/td>\n<\/tr>\n<tr style=\"height: 13.50pt;\">\n<td style=\"height: 13.50pt;\" height=\"18\">Material<\/td>\n<td>Corpo em vidro transparente; tampa de rosca met\u00e1lica de alta qualidade<\/td>\n<\/tr>\n<tr style=\"height: 13.50pt;\">\n<td style=\"height: 13.50pt;\" height=\"18\">Formato de garrafa<\/td>\n<td>Ret\u00e2ngulo fino com bordas chanfradas de precis\u00e3o<\/td>\n<\/tr>\n<tr style=\"height: 13.50pt;\">\n<td style=\"height: 13.50pt;\" height=\"18\">Escopo de personaliza\u00e7\u00e3o<\/td>\n<td>Acabamento fosco \/ degrad\u00ea \/ escovado \/ polido \/ serigrafia<\/td>\n<\/tr>\n<tr style=\"height: 13.50pt;\">\n<td style=\"height: 13.50pt;\" height=\"18\">Recurso de Artesanato<\/td>\n<td>Corte de vidro com bordas biseladas de precis\u00e3o, fechamento rosqueado \u00e0 prova de vazamentos.<\/td>\n<\/tr>\n<tr style=\"height: 13.50pt;\">\n<td style=\"height: 13.50pt;\" height=\"18\">Finalidade do produto<\/td>\n<td>Frascos de perfume para viagem, frascos de amostra de col\u00f4nia<\/td>\n<\/tr>\n<tr style=\"height: 13.50pt;\">\n<td style=\"height: 13.50pt;\" height=\"18\">Ind\u00fastrias adequadas<\/td>\n<td>Perfumaria, Hotelaria, Varejo de Viagens<\/td>\n<\/tr>\n<\/tbody>\n<\/table>\n<h2>Caso de Sucesso: Fragr\u00e2ncia Exclusiva para uma Rede Hoteleira Internacional<\/h2>\n<p>Uma rede hoteleira na \u00c1sia selecionou nosso frasco de col\u00f4nia de viagem de 25ml e o personalizou com um frasco de vidro fosco, onde o logotipo da marca foi cortado a laser na parte frontal. O tamanho compacto fez sucesso, com 88% dos clientes levando o frasco para casa. A apar\u00eancia luxuosa aumentou a percep\u00e7\u00e3o de valor do hotel pelos h\u00f3spedes, resultando em um crescimento de 15% nas avalia\u00e7\u00f5es de satisfa\u00e7\u00e3o p\u00f3s-estadia. O hotel ficou muito satisfeito com o feedback dos h\u00f3spedes e com o impacto positivo na marca, e por isso encomendou mais 500.000 frascos para serem utilizados em todos os seus hot\u00e9is.<\/p>\n<h2>Alternativas para personalizar frascos de perfumes de viagem<\/h2>\n<ul>\n<li>Cor do vidro: Est\u00e3o dispon\u00edveis as vers\u00f5es transparentes e coloridas (\u00e2mbar, cinza fum\u00ea).<\/li>\n<li>Serigrafia: Exiba uma imagem n\u00edtida do seu logotipo, gr\u00e1fico ou nome de fragr\u00e2ncia em uma superf\u00edcie plana de vidro.<\/li>\n<li>Grava\u00e7\u00e3o a laser: Aprofunde os detalhes, monogramas ou n\u00fameros de lote do seu design complexo gravados no vidro para criar uma marca permanente de alta qualidade que dura para sempre.<\/li>\n<li>Textura antiderrapante: As bordas da garrafa possuem faixas antiderrapantes emborrachadas ou jateadas, projetadas para melhorar a ader\u00eancia.<\/li>\n<\/ul>","protected":false},"excerpt":{"rendered":"<p>Descubra o frasco de col\u00f4nia para viagem de 25ml. Frascos de vidro transparente de alta qualidade com tampa cil\u00edndrica prateada minimalista. Solicite amostras gr\u00e1tis agora mesmo!<\/p>","protected":false},"featured_media":4253,"template":"","meta":{"postBodyCss":"","postBodyMargin":[],"postBodyPadding":[],"postBodyBackground":{"backgroundType":"classic","gradient":""}},"product_brand":[],"product_cat":[15,16,62],"product_tag":[],"class_list":{"0":"post-4250","1":"product","2":"type-product","3":"status-publish","4":"has-post-thumbnail","6":"product_cat-glass-containers","7":"product_cat-glass-bottles","8":"product_cat-perfume-bottles","10":"first","11":"instock","12":"shipping-taxable","13":"product-type-simple"},"jetpack_sharing_enabled":true,"_links":{"self":[{"href":"https:\/\/minghanggroup.com\/pt\/wp-json\/wp\/v2\/product\/4250","targetHints":{"allow":["GET"]}}],"collection":[{"href":"https:\/\/minghanggroup.com\/pt\/wp-json\/wp\/v2\/product"}],"about":[{"href":"https:\/\/minghanggroup.com\/pt\/wp-json\/wp\/v2\/types\/product"}],"wp:featuredmedia":[{"embeddable":true,"href":"https:\/\/minghanggroup.com\/pt\/wp-json\/wp\/v2\/media\/4253"}],"wp:attachment":[{"href":"https:\/\/minghanggroup.com\/pt\/wp-json\/wp\/v2\/media?parent=4250"}],"wp:term":[{"taxonomy":"product_brand","embeddable":true,"href":"https:\/\/minghanggroup.com\/pt\/wp-json\/wp\/v2\/product_brand?post=4250"},{"taxonomy":"product_cat","embeddable":true,"href":"https:\/\/minghanggroup.com\/pt\/wp-json\/wp\/v2\/product_cat?post=4250"},{"taxonomy":"product_tag","embeddable":true,"href":"https:\/\/minghanggroup.com\/pt\/wp-json\/wp\/v2\/product_tag?post=4250"}],"curies":[{"name":"wp","href":"https:\/\/api.w.org\/{rel}","templated":true}]}}