{"id":4249,"date":"2026-01-04T15:56:50","date_gmt":"2026-01-04T07:56:50","guid":{"rendered":"https:\/\/minghanggroup.com\/?post_type=product&#038;p=4249"},"modified":"2026-01-30T15:43:59","modified_gmt":"2026-01-30T07:43:59","slug":"vertical-cut-glass-mens-cologne-bottles-bulk","status":"publish","type":"product","link":"https:\/\/minghanggroup.com\/pt\/produto\/vertical-cut-glass-mens-cologne-bottles-bulk\/","title":{"rendered":"Frascos de vidro com corte vertical para col\u00f4nia masculina, 100ml, em atacado"},"content":{"rendered":"<p>Os frascos de perfume masculino da sua marca devem atrair a aten\u00e7\u00e3o dos clientes. Criamos frascos de perfume premium em grandes quantidades, projetados para o sucesso da embalagem de fragr\u00e2ncias \u2014 onde cada frasco de vidro se torna a assinatura da sua marca.<\/p>\n<h2>Caracter\u00edsticas do produto<\/h2>\n<ul>\n<li><strong>Clareza do vidro cristalino:<\/strong>Nosso frasco de perfume em cristal revela a verdadeira cor da sua fragr\u00e2ncia \u2014 perfeito para linhas de perfumes premium.<\/li>\n<li><strong>Design de textura vertical:<\/strong>Linhas verticais n\u00edtidas captam a luz de forma deslumbrante, adicionando profundidade \u00e0 embalagem do seu perfume.<\/li>\n<li><strong>Versatilidade de cores:<\/strong>Escolha entre acabamentos em ouro, prata, preto, branco ou madeira para combinar com a sua marca masculina.<\/li>\n<li><strong>Spray atomizador premium:<\/strong>Proporciona uma n\u00e9voa fina e consistente para uma aplica\u00e7\u00e3o suave do seu perfume personalizado.<\/li>\n<\/ul>\n<h2>Especifica\u00e7\u00f5es principais<\/h2>\n<table style=\"border-collapse: collapse; width: 80%; margin-left: auto; margin-right: auto;\" border=\"0\" width=\"360\" cellspacing=\"0\" cellpadding=\"0\">\n<tbody>\n<tr style=\"height: 13.50pt;\">\n<td style=\"height: 13.5pt; text-align: center;\" width=\"72\" height=\"18\">Capacidade<\/td>\n<td style=\"width: 54pt; text-align: center;\" width=\"72\">Dimens\u00f5es<\/td>\n<td style=\"width: 54pt; text-align: center;\" width=\"72\">Material<\/td>\n<td style=\"width: 54pt; text-align: center;\" width=\"72\">Tipo de pulveriza\u00e7\u00e3o<\/td>\n<td style=\"width: 54pt; text-align: center;\" width=\"72\">Cores dispon\u00edveis<\/td>\n<\/tr>\n<tr style=\"height: 13.50pt;\">\n<td class=\"et2\" style=\"height: 27pt; text-align: center;\" rowspan=\"2\" height=\"36\">100ml (3,4 oz)<\/td>\n<td style=\"text-align: center;\">52 x 52 x 119 mm<\/td>\n<td class=\"et2\" style=\"text-align: center;\" rowspan=\"2\">Vidro de cristal<\/td>\n<td class=\"et2\" style=\"text-align: center;\" rowspan=\"2\">Atomizador<\/td>\n<td class=\"et2\" style=\"text-align: center;\" rowspan=\"2\">Ouro, Prata, Preto, Branco, Madeira<\/td>\n<\/tr>\n<tr style=\"height: 13.50pt;\">\n<td style=\"text-align: center;\">52 x 52 x 126 mm<\/td>\n<\/tr>\n<\/tbody>\n<\/table>\n<h2>Caso de sucesso<\/h2>\n<p>Uma marca de fragr\u00e2ncias masculinas, orgulhosa de seu aroma, acreditava que a embalagem original n\u00e3o refletia uma imagem premium. Decidiram ent\u00e3o mudar para nossos frascos de col\u00f4nia masculinos e personaliz\u00e1-los com um acabamento em vidro fosco, cor cinza-escuro e um logotipo em relevo na frente. Ap\u00f3s o lan\u00e7amento da nova embalagem, o apelo visual do produto nas prateleiras melhorou significativamente, resultando em um aumento de 32% nas vendas no varejo em tr\u00eas meses.<\/p>\n<h2>Suas op\u00e7\u00f5es de personaliza\u00e7\u00e3o<\/h2>\n<ol>\n<li><strong>Op\u00e7\u00f5es de cores para a garrafa:<\/strong>O produto \u00e9 compat\u00edvel com tons naturais transparentes, cinza escuro esfuma\u00e7ado, \u00e2mbar ou com esquemas de cores exclusivos da marca, para criar diferentes posicionamentos para fragr\u00e2ncias masculinas.<\/li>\n<li><strong>Personaliza\u00e7\u00e3o do logotipo da marca:<\/strong>Oferece combina\u00e7\u00f5es de letras em relevo, logotipos em baixo-relevo ou serigrafia de alta precis\u00e3o, adequadas para o uso prolongado de s\u00e9ries de marcas.<\/li>\n<li><strong>Combina\u00e7\u00f5es de estilos de tampas de garrafa:<\/strong>As tampas com textura de metal, galvanizadas ou imita\u00e7\u00e3o de couro complementam o produto, real\u00e7ando o car\u00e1ter energ\u00e9tico e elegante das fragr\u00e2ncias masculinas.<\/li>\n<\/ol>","protected":false},"excerpt":{"rendered":"<p>Frascos de perfume masculino premium em vidro transparente com linhas verticais refinadas. Fornecimento direto da f\u00e1brica, op\u00e7\u00f5es de personaliza\u00e7\u00e3o dispon\u00edveis. Ideais para encomendas em grande quantidade.<\/p>","protected":false},"featured_media":4262,"template":"","meta":{"postBodyCss":"","postBodyMargin":[],"postBodyPadding":[],"postBodyBackground":{"backgroundType":"classic","gradient":""}},"product_brand":[],"product_cat":[15,16,62],"product_tag":[],"class_list":{"0":"post-4249","1":"product","2":"type-product","3":"status-publish","4":"has-post-thumbnail","6":"product_cat-glass-containers","7":"product_cat-glass-bottles","8":"product_cat-perfume-bottles","10":"first","11":"instock","12":"shipping-taxable","13":"product-type-simple"},"jetpack_sharing_enabled":true,"_links":{"self":[{"href":"https:\/\/minghanggroup.com\/pt\/wp-json\/wp\/v2\/product\/4249","targetHints":{"allow":["GET"]}}],"collection":[{"href":"https:\/\/minghanggroup.com\/pt\/wp-json\/wp\/v2\/product"}],"about":[{"href":"https:\/\/minghanggroup.com\/pt\/wp-json\/wp\/v2\/types\/product"}],"wp:featuredmedia":[{"embeddable":true,"href":"https:\/\/minghanggroup.com\/pt\/wp-json\/wp\/v2\/media\/4262"}],"wp:attachment":[{"href":"https:\/\/minghanggroup.com\/pt\/wp-json\/wp\/v2\/media?parent=4249"}],"wp:term":[{"taxonomy":"product_brand","embeddable":true,"href":"https:\/\/minghanggroup.com\/pt\/wp-json\/wp\/v2\/product_brand?post=4249"},{"taxonomy":"product_cat","embeddable":true,"href":"https:\/\/minghanggroup.com\/pt\/wp-json\/wp\/v2\/product_cat?post=4249"},{"taxonomy":"product_tag","embeddable":true,"href":"https:\/\/minghanggroup.com\/pt\/wp-json\/wp\/v2\/product_tag?post=4249"}],"curies":[{"name":"wp","href":"https:\/\/api.w.org\/{rel}","templated":true}]}}