{"id":4237,"date":"2026-01-04T14:30:19","date_gmt":"2026-01-04T06:30:19","guid":{"rendered":"https:\/\/minghanggroup.com\/?post_type=product&#038;p=4237"},"modified":"2026-01-04T14:30:20","modified_gmt":"2026-01-04T06:30:20","slug":"glass-vintage-fragrance-bottles-with-pump-bulk","status":"publish","type":"product","link":"https:\/\/minghanggroup.com\/pt\/produto\/glass-vintage-fragrance-bottles-with-pump-bulk\/","title":{"rendered":"Frascos de vidro vintage para fragr\u00e2ncias, 50ml e 100ml, com bomba dosadora (em atacado)"},"content":{"rendered":"<p>Seus frascos de perfume vintage devem fazer os clientes pararem e admirarem. Criamos frascos de perfume premium com bomba dosadora, projetados para o sucesso da embalagem de fragr\u00e2ncias \u2014 onde cada frasco de vidro se torna a assinatura da sua marca.<\/p>\n<p>Caracter\u00edsticas do produto<\/p>\n<ul>\n<li><strong>Silhueta cl\u00e1ssica vintage:<\/strong> Design cl\u00e1ssico vintage com linhas suaves e fluidas, resultando em um visual geral est\u00e1vel e elegante que pode ser adaptado a uma variedade de estilos de perfume diferentes.<\/li>\n<li><strong>Corpo em vidro transparente e de alta qualidade:<\/strong> Frasco de vidro alto e transparente, muito claro e puro, que exibe naturalmente a cor e a textura do perfume.<\/li>\n<li><strong>Base de vidro espesso:<\/strong> A estrutura de base em vidro espesso n\u00e3o s\u00f3 confere mais estabilidade \u00e0 garrafa, como tamb\u00e9m aumenta a sensa\u00e7\u00e3o geral de qualidade superior.<\/li>\n<li><strong>Tampa transparente correspondente:<\/strong> A combina\u00e7\u00e3o do design da tampa transparente com o material da garrafa cria uma forte unidade visual.<\/li>\n<\/ul>\n<h2>Especifica\u00e7\u00f5es principais<\/h2>\n<table style=\"border-collapse: collapse; width: 80%; margin-left: auto; margin-right: auto;\" border=\"0\" width=\"360\" cellspacing=\"0\" cellpadding=\"0\">\n<tbody>\n<tr style=\"height: 13.50pt;\">\n<td style=\"height: 13.5pt; width: 54pt; text-align: center;\" width=\"72\" height=\"18\">Capacidade (ml)<\/td>\n<td style=\"width: 54pt; text-align: center;\" width=\"72\">Dimens\u00f5es (mm)<\/td>\n<td style=\"width: 54pt; text-align: center;\" width=\"72\">Calibre<\/td>\n<td style=\"width: 54pt; text-align: center;\" width=\"72\">Cor do vidro<\/td>\n<td style=\"width: 54pt; text-align: center;\" width=\"72\">Op\u00e7\u00f5es de bomba<\/td>\n<\/tr>\n<tr style=\"height: 13.50pt;\">\n<td style=\"height: 13.5pt; text-align: center;\" align=\"right\" height=\"18\">50<\/td>\n<td style=\"text-align: center;\">49 x 49 x 80<\/td>\n<td class=\"et2\" style=\"text-align: center;\" rowspan=\"2\">15 mm<\/td>\n<td class=\"et2\" style=\"text-align: center;\" rowspan=\"2\">Transparente<\/td>\n<td class=\"et2\" style=\"text-align: center;\" rowspan=\"2\">Ouro, Prata<\/td>\n<\/tr>\n<tr style=\"height: 13.50pt;\">\n<td style=\"height: 13.5pt; text-align: center;\" align=\"right\" height=\"18\">100<\/td>\n<td style=\"text-align: center;\">58 x 58 x 101<\/td>\n<\/tr>\n<\/tbody>\n<\/table>\n<h2>Caso de sucesso dos frascos de perfume vintage<\/h2>\n<p>Uma marca de perfumes utilizou nossos frascos de vidro de estilo vintage no lan\u00e7amento de seu novo produto. Eles os personalizaram com um logotipo exclusivo em relevo para destacar o nome da marca. Optaram tamb\u00e9m por um acabamento fosco suave para conferir um aspecto mais luxuoso aos frascos e utilizaram serigrafia para um design mais elegante.<\/p>\n<p>O apelo do produto nas prateleiras aumentou instantaneamente e, consequentemente, registrou-se um aumento de 32% nas vendas em dois meses.<\/p>\n<h2>Suas op\u00e7\u00f5es de personaliza\u00e7\u00e3o<\/h2>\n<ul>\n<li><strong>Tratamento da superf\u00edcie da garrafa:<\/strong> Diferencie visualmente diferentes fragr\u00e2ncias ou linhas de produtos, escolhendo entre um acabamento brilhante, um acabamento fosco ou efeitos seletivos de jateamento de areia.<\/li>\n<li><strong>Personaliza\u00e7\u00e3o do logotipo da marca:<\/strong> Aprimore o reconhecimento da marca e d\u00ea um toque premium \u00e0 sua marca implementando logotipos em relevo, serigrafia, impress\u00e3o em tela ou hot stamping.<\/li>\n<li><strong>Esquema de cores:<\/strong> Um frasco pode ser personalizado com revestimentos transparentes, degrad\u00ea ou de cor s\u00f3lida, ideais para edi\u00e7\u00f5es limitadas ou fragr\u00e2ncias sazonais.<\/li>\n<\/ul>","protected":false},"excerpt":{"rendered":"<p>Frascos de perfume vintage com design arredondado e corpo de vidro transparente. Fornecimento direto da f\u00e1brica, personaliza\u00e7\u00e3o em grande quantidade para frascos de perfume com bomba dosadora. Envio r\u00e1pido.<\/p>","protected":false},"featured_media":4247,"template":"","meta":{"postBodyCss":"","postBodyMargin":[],"postBodyPadding":[],"postBodyBackground":{"backgroundType":"classic","gradient":""}},"product_brand":[],"product_cat":[15,16],"product_tag":[],"class_list":{"0":"post-4237","1":"product","2":"type-product","3":"status-publish","4":"has-post-thumbnail","6":"product_cat-glass-containers","7":"product_cat-glass-bottles","9":"first","10":"instock","11":"shipping-taxable","12":"product-type-simple"},"jetpack_sharing_enabled":true,"_links":{"self":[{"href":"https:\/\/minghanggroup.com\/pt\/wp-json\/wp\/v2\/product\/4237","targetHints":{"allow":["GET"]}}],"collection":[{"href":"https:\/\/minghanggroup.com\/pt\/wp-json\/wp\/v2\/product"}],"about":[{"href":"https:\/\/minghanggroup.com\/pt\/wp-json\/wp\/v2\/types\/product"}],"wp:featuredmedia":[{"embeddable":true,"href":"https:\/\/minghanggroup.com\/pt\/wp-json\/wp\/v2\/media\/4247"}],"wp:attachment":[{"href":"https:\/\/minghanggroup.com\/pt\/wp-json\/wp\/v2\/media?parent=4237"}],"wp:term":[{"taxonomy":"product_brand","embeddable":true,"href":"https:\/\/minghanggroup.com\/pt\/wp-json\/wp\/v2\/product_brand?post=4237"},{"taxonomy":"product_cat","embeddable":true,"href":"https:\/\/minghanggroup.com\/pt\/wp-json\/wp\/v2\/product_cat?post=4237"},{"taxonomy":"product_tag","embeddable":true,"href":"https:\/\/minghanggroup.com\/pt\/wp-json\/wp\/v2\/product_tag?post=4237"}],"curies":[{"name":"wp","href":"https:\/\/api.w.org\/{rel}","templated":true}]}}