{"id":4236,"date":"2026-01-04T11:26:54","date_gmt":"2026-01-04T03:26:54","guid":{"rendered":"https:\/\/minghanggroup.com\/?post_type=product&#038;p=4236"},"modified":"2026-01-04T13:35:29","modified_gmt":"2026-01-04T05:35:29","slug":"clear-cologne-empty-bottles-with-metal-lids-bulk","status":"publish","type":"product","link":"https:\/\/minghanggroup.com\/pt\/produto\/clear-cologne-empty-bottles-with-metal-lids-bulk\/","title":{"rendered":"Frascos vazios de col\u00f4nia transparente de 50ml e 100ml com tampas de metal (em grande quantidade)"},"content":{"rendered":"<p>Este frasco vazio de col\u00f4nia \u00e9 feito de vidro polido, transparente e plano, com corpo retangular de cantos arredondados. Dispon\u00edvel em dois tamanhos e com tampas pretas ou douradas, al\u00e9m da possibilidade de personaliza\u00e7\u00e3o.<\/p>\n<h2>Caracter\u00edsticas do produto<\/h2>\n<ul>\n<li><strong>Corpo inclinado com projeto estrutural:<\/strong> Este \u00e9 o corpo esguio e reto, com bordas chanfradas, que confere uma apar\u00eancia arrojada, moderna e masculina.<\/li>\n<li><strong>Tampas met\u00e1licas em dois tons:<\/strong> Fabricadas com tampas cil\u00edndricas de metal preto e dourado, com um toque de sofistica\u00e7\u00e3o, as tampas de metal em dois tons s\u00e3o oferecidas em ambas as cores para agradar a diversos gostos em fragr\u00e2ncias.<\/li>\n<li><strong>Capacidade dupla:<\/strong> Dois tamanhos de garrafa atender\u00e3o ao uso di\u00e1rio e ao armazenamento conveniente, oferecendo mais flexibilidade e utilidade.<\/li>\n<\/ul>\n<h2 style=\"text-align: left;\">Especifica\u00e7\u00f5es principais<\/h2>\n<table class=\"aligncenter\" style=\"border-collapse: collapse; width: 471.02pt;\" border=\"0\" width=\"628\" cellspacing=\"0\" cellpadding=\"0\">\n<tbody>\n<tr style=\"height: 13.50pt;\">\n<td style=\"height: 13.50pt; width: 130.50pt;\" width=\"174\" height=\"18\">Especifica\u00e7\u00e3o<\/td>\n<td style=\"width: 340.50pt;\" width=\"454\">Detalhes<\/td>\n<\/tr>\n<tr style=\"height: 13.50pt;\">\n<td style=\"height: 13.50pt;\" height=\"18\">Dimens\u00f5es<\/td>\n<td>50 ml: 42 \u00d7 25 \u00d7 92 mm; 100 ml: 53 \u00d7 31 \u00d7 114 mm<\/td>\n<\/tr>\n<tr style=\"height: 13.50pt;\">\n<td style=\"height: 13.50pt;\" height=\"18\">Material<\/td>\n<td>Corpo em vidro transparente; tampa de rosca met\u00e1lica de alta qualidade<\/td>\n<\/tr>\n<tr style=\"height: 13.50pt;\">\n<td style=\"height: 13.50pt;\" height=\"18\">Formato de garrafa<\/td>\n<td>Ret\u00e2ngulo alto com bordas chanfradas de precis\u00e3o<\/td>\n<\/tr>\n<tr style=\"height: 13.50pt;\">\n<td style=\"height: 13.50pt;\" height=\"18\">Escopo de personaliza\u00e7\u00e3o<\/td>\n<td>Acabamento fosco \/ mate \/ Serigrafia \/ Grava\u00e7\u00e3o a laser<\/td>\n<\/tr>\n<tr style=\"height: 13.50pt;\">\n<td style=\"height: 13.50pt;\" height=\"18\">Finalidade do produto<\/td>\n<td>Frascos vazios de col\u00f4nia, frascos de fragr\u00e2ncia<\/td>\n<\/tr>\n<tr style=\"height: 13.50pt;\">\n<td style=\"height: 13.50pt;\" height=\"18\">Ind\u00fastrias adequadas<\/td>\n<td>Marcas de produtos de higiene pessoal, marcas pr\u00f3prias, est\u00fadios de fragr\u00e2ncias personalizadas<\/td>\n<\/tr>\n<\/tbody>\n<\/table>\n<h2>Hist\u00f3ria de sucesso<\/h2>\n<p>Nosso frasco de 100ml de col\u00f4nia em spray foi escolhido por uma empresa de produtos de higiene masculina em r\u00e1pido crescimento, com uma tampa preta fosca personalizada e corpo de vidro fosco. O design com bordas chanfradas proporciona uma boa ader\u00eancia e um toque diferenciado, elogiado por 40% das avalia\u00e7\u00f5es dos clientes. O frasco \u00e9 \u00e0 prova d&#039;\u00e1gua e o vidro \u00e9 resistente, o que garante uma taxa de sucesso de entrega de 99,8%. A marca ficou bastante satisfeita com a aceita\u00e7\u00e3o no mercado e a qualidade do produto e, por isso, encomendou 300.000 frascos para distribuir a nova linha de produtos e expandir para o mercado internacional.<\/p>\n<h2>Op\u00e7\u00f5es de personaliza\u00e7\u00e3o de frascos de col\u00f4nia vazios<\/h2>\n<ul>\n<li>Cores e acabamentos do vidro \u2013 Est\u00e3o dispon\u00edveis em diferentes tonalidades (\u00e2mbar, cinza) e tamb\u00e9m podem receber acabamentos totalmente foscos, acetinados, etc.<\/li>\n<li>Serigrafia em Vidro \u2013 Impress\u00e3o serigr\u00e1fica de logotipos, padr\u00f5es ou textos em superf\u00edcies planas de vidro.<\/li>\n<li>Marca\u00e7\u00f5es de volume em relevo \u2013 A parte inferior do frasco possui marca\u00e7\u00f5es de volume em relevo integradas (por exemplo, \u201c100 ml\u201d).<\/li>\n<li>Integra\u00e7\u00e3o da bomba de pulveriza\u00e7\u00e3o \u2013 Trata-se da integra\u00e7\u00e3o de uma bomba de pulveriza\u00e7\u00e3o de n\u00e9voa fina que se encaixa na interface padr\u00e3o do frasco.<\/li>\n<\/ul>","protected":false},"excerpt":{"rendered":"<p>Frascos vazios para col\u00f4nia e frascos spray para col\u00f4nia de diversas marcas. Fabricados em vidro transparente com tampas de metal, dispon\u00edveis para venda no atacado com entrega r\u00e1pida.<\/p>","protected":false},"featured_media":4241,"template":"","meta":{"postBodyCss":"","postBodyMargin":[],"postBodyPadding":[],"postBodyBackground":{"backgroundType":"classic","gradient":""}},"product_brand":[],"product_cat":[15,16,62],"product_tag":[],"class_list":{"0":"post-4236","1":"product","2":"type-product","3":"status-publish","4":"has-post-thumbnail","6":"product_cat-glass-containers","7":"product_cat-glass-bottles","8":"product_cat-perfume-bottles","10":"first","11":"instock","12":"shipping-taxable","13":"product-type-simple"},"jetpack_sharing_enabled":true,"_links":{"self":[{"href":"https:\/\/minghanggroup.com\/pt\/wp-json\/wp\/v2\/product\/4236","targetHints":{"allow":["GET"]}}],"collection":[{"href":"https:\/\/minghanggroup.com\/pt\/wp-json\/wp\/v2\/product"}],"about":[{"href":"https:\/\/minghanggroup.com\/pt\/wp-json\/wp\/v2\/types\/product"}],"wp:featuredmedia":[{"embeddable":true,"href":"https:\/\/minghanggroup.com\/pt\/wp-json\/wp\/v2\/media\/4241"}],"wp:attachment":[{"href":"https:\/\/minghanggroup.com\/pt\/wp-json\/wp\/v2\/media?parent=4236"}],"wp:term":[{"taxonomy":"product_brand","embeddable":true,"href":"https:\/\/minghanggroup.com\/pt\/wp-json\/wp\/v2\/product_brand?post=4236"},{"taxonomy":"product_cat","embeddable":true,"href":"https:\/\/minghanggroup.com\/pt\/wp-json\/wp\/v2\/product_cat?post=4236"},{"taxonomy":"product_tag","embeddable":true,"href":"https:\/\/minghanggroup.com\/pt\/wp-json\/wp\/v2\/product_tag?post=4236"}],"curies":[{"name":"wp","href":"https:\/\/api.w.org\/{rel}","templated":true}]}}