{"id":4230,"date":"2026-01-04T10:39:15","date_gmt":"2026-01-04T02:39:15","guid":{"rendered":"https:\/\/minghanggroup.com\/?post_type=product&#038;p=4230"},"modified":"2026-01-04T17:54:13","modified_gmt":"2026-01-04T09:54:13","slug":"small-customizable-perfume-bottles-for-fragrance-brands","status":"publish","type":"product","link":"https:\/\/minghanggroup.com\/pt\/produto\/small-customizable-perfume-bottles-for-fragrance-brands\/","title":{"rendered":"Frascos de perfume personaliz\u00e1veis \u200b\u200bde 30ml e 45ml para marcas de fragr\u00e2ncias."},"content":{"rendered":"<p>Os frascos de perfume devem atrair a aten\u00e7\u00e3o dos clientes. Criamos frascos de perfume premium e personaliz\u00e1veis, projetados para o sucesso da embalagem de fragr\u00e2ncias \u2014 onde cada frasco de vidro se torna a assinatura da sua marca.<\/p>\n<h2>Caracter\u00edsticas do produto<\/h2>\n<ul>\n<li><strong>Silhueta triangular limpa:<\/strong>Linhas retas e n\u00edtidas, al\u00e9m de um formato triangular uniforme, conferem um visual moderno e arquitet\u00f4nico, com forte presen\u00e7a nas prateleiras.<\/li>\n<li><strong>Corpo em vidro de alta transpar\u00eancia:<\/strong>O vidro puro e pesado real\u00e7a a cor real do perfume e, ao mesmo tempo, transmite uma sensa\u00e7\u00e3o de eleg\u00e2ncia e luxo.<\/li>\n<li><strong>Pronto para personaliza\u00e7\u00e3o:<\/strong>Perfeito para cores personalizadas, logotipos em relevo ou impressos e altera\u00e7\u00f5es de tampa para combinar com diferentes estilos de marca.<\/li>\n<\/ul>\n<h2>Especifica\u00e7\u00f5es principais<\/h2>\n<table style=\"border-collapse: collapse; width: 80%; margin-left: auto; margin-right: auto;\" border=\"0\" width=\"360\" cellspacing=\"0\" cellpadding=\"0\">\n<tbody>\n<tr style=\"height: 13.50pt;\">\n<td style=\"height: 13.5pt; width: 54pt; text-align: center;\" width=\"72\" height=\"18\">Capacidade (ml)<\/td>\n<td style=\"width: 54pt; text-align: center;\" width=\"72\">Dimens\u00f5es (mm)<\/td>\n<td style=\"width: 54pt; text-align: center;\" width=\"72\">Calibre<\/td>\n<td style=\"width: 54pt; text-align: center;\" width=\"72\">Cor do vidro<\/td>\n<td style=\"width: 54pt; text-align: center;\" width=\"72\">Op\u00e7\u00f5es de bomba<\/td>\n<\/tr>\n<tr style=\"height: 13.50pt;\">\n<td style=\"height: 13.5pt; text-align: center;\" align=\"right\" height=\"18\">30<\/td>\n<td style=\"text-align: center;\">38 x 38 x 80<\/td>\n<td class=\"et2\" style=\"text-align: center;\" rowspan=\"2\">15 mm<\/td>\n<td class=\"et2\" style=\"text-align: center;\" rowspan=\"2\">Transparente<\/td>\n<td class=\"et2\" style=\"text-align: center;\" rowspan=\"2\">Ouro, Prata<\/td>\n<\/tr>\n<tr style=\"height: 13.50pt;\">\n<td style=\"height: 13.5pt; text-align: center;\" align=\"right\" height=\"18\">45<\/td>\n<td style=\"text-align: center;\">38 x 38 x 116<\/td>\n<\/tr>\n<\/tbody>\n<\/table>\n<h2>Caso de sucesso<\/h2>\n<p>Uma marca de perfumes queria inovar na embalagem de sua linha de fragr\u00e2ncias cl\u00e1ssicas de uma forma \u00fanica. Ap\u00f3s analisar diversas op\u00e7\u00f5es de embalagem, a marca optou por nossos frascos de vidro para perfumes e fez um pedido inicial de 5.000 unidades. Para refletir a identidade da marca, os frascos foram decorados com um logotipo em relevo na frente e uma cor de vidro personalizada.<\/p>\n<p>Com a ajuda da nova embalagem, a marca alcan\u00e7ou um aumento de 32% nas vendas em tr\u00eas meses, e os pedidos recorrentes dos distribuidores subiram 65%, resultando em tr\u00eas novos pedidos dos frascos pequenos de perfume em seis meses.<\/p>\n<h2>Suas op\u00e7\u00f5es de personaliza\u00e7\u00e3o<\/h2>\n<ol>\n<li><strong>Logotipo em relevo ou baixo-relevo:<\/strong> Adicione um logotipo em relevo ou rebaixado na superf\u00edcie da garrafa para aumentar o reconhecimento da marca.<\/li>\n<li><strong>Cor da garrafa personalizada:<\/strong> Escolha entre vidro transparente, fosco ou com tonalidade personalizada que harmonize com os diferentes conceitos ou cole\u00e7\u00f5es de fragr\u00e2ncias.<\/li>\n<li><strong>T\u00e9cnicas de decora\u00e7\u00e3o de superf\u00edcie:<\/strong> Decore com serigrafia, impress\u00e3o em tela, estampagem a quente ou impress\u00e3o UV para logotipos, padr\u00f5es ou texto.<\/li>\n<\/ol>","protected":false},"excerpt":{"rendered":"<p>Frascos de perfume pequenos com design transparente. Fornecimento direto da f\u00e1brica, amostras gr\u00e1tis, pedidos em grande quantidade e frascos de perfume personaliz\u00e1veis \u200b\u200bpara uma identidade de marca \u00fanica.<\/p>","protected":false},"featured_media":4235,"template":"","meta":{"postBodyCss":"","postBodyMargin":[],"postBodyPadding":[],"postBodyBackground":{"backgroundType":"classic","gradient":""}},"product_brand":[],"product_cat":[15,16,62],"product_tag":[],"class_list":{"0":"post-4230","1":"product","2":"type-product","3":"status-publish","4":"has-post-thumbnail","6":"product_cat-glass-containers","7":"product_cat-glass-bottles","8":"product_cat-perfume-bottles","10":"first","11":"instock","12":"shipping-taxable","13":"product-type-simple"},"jetpack_sharing_enabled":true,"_links":{"self":[{"href":"https:\/\/minghanggroup.com\/pt\/wp-json\/wp\/v2\/product\/4230","targetHints":{"allow":["GET"]}}],"collection":[{"href":"https:\/\/minghanggroup.com\/pt\/wp-json\/wp\/v2\/product"}],"about":[{"href":"https:\/\/minghanggroup.com\/pt\/wp-json\/wp\/v2\/types\/product"}],"wp:featuredmedia":[{"embeddable":true,"href":"https:\/\/minghanggroup.com\/pt\/wp-json\/wp\/v2\/media\/4235"}],"wp:attachment":[{"href":"https:\/\/minghanggroup.com\/pt\/wp-json\/wp\/v2\/media?parent=4230"}],"wp:term":[{"taxonomy":"product_brand","embeddable":true,"href":"https:\/\/minghanggroup.com\/pt\/wp-json\/wp\/v2\/product_brand?post=4230"},{"taxonomy":"product_cat","embeddable":true,"href":"https:\/\/minghanggroup.com\/pt\/wp-json\/wp\/v2\/product_cat?post=4230"},{"taxonomy":"product_tag","embeddable":true,"href":"https:\/\/minghanggroup.com\/pt\/wp-json\/wp\/v2\/product_tag?post=4230"}],"curies":[{"name":"wp","href":"https:\/\/api.w.org\/{rel}","templated":true}]}}