{"id":4225,"date":"2025-12-31T11:26:29","date_gmt":"2025-12-31T03:26:29","guid":{"rendered":"https:\/\/minghanggroup.com\/?post_type=product&#038;p=4225"},"modified":"2025-12-31T11:55:45","modified_gmt":"2025-12-31T03:55:45","slug":"round-glass-perfume-containers-with-metal-lids-bulk","status":"publish","type":"product","link":"https:\/\/minghanggroup.com\/pt\/produto\/round-glass-perfume-containers-with-metal-lids-bulk\/","title":{"rendered":"Frascos de vidro redondos para perfume, 30ml, 50ml e 80ml, com tampas de metal, em atacado."},"content":{"rendered":"<p>O frasco de perfume redondo \u00e9 feito de vidro transparente e liso, com base espessa para proporcionar grande estabilidade, e tampas met\u00e1licas cil\u00edndricas.<\/p>\n<h2>Caracter\u00edsticas do produto<\/h2>\n<ul>\n<li><strong>Frasco esf\u00e9rico com toque suave:<\/strong> O design esf\u00e9rico e liso da garrafa de vidro confere uma est\u00e9tica suave e facilita o manuseio.<\/li>\n<li><strong>Tampas met\u00e1licas multicoloridas:<\/strong> Acompanha tampas met\u00e1licas cil\u00edndricas nas cores preta, dourada e prateada, que oferecem uma alternativa de estilo deslumbrante e tamb\u00e9m aumentam a sofistica\u00e7\u00e3o do produto.<\/li>\n<li><strong>Tr\u00eas tamanhos:<\/strong> O produto est\u00e1 dispon\u00edvel nos tamanhos de 30ml, 50ml e 80ml para atender \u00e0s necessidades de amostras gr\u00e1tis, fragr\u00e2ncias para o dia a dia e presentes perfeitos.<\/li>\n<\/ul>\n<h2 style=\"text-align: left;\">Especifica\u00e7\u00f5es principais<\/h2>\n<table class=\"aligncenter\" style=\"border-collapse: collapse; width: 482.27pt;\" border=\"0\" width=\"643\" cellspacing=\"0\" cellpadding=\"0\">\n<tbody>\n<tr style=\"height: 13.50pt;\">\n<td style=\"height: 13.50pt; width: 131.25pt;\" width=\"175\" height=\"18\">Especifica\u00e7\u00e3o<\/td>\n<td style=\"width: 351.00pt;\" width=\"468\">Detalhes<\/td>\n<\/tr>\n<tr style=\"height: 13.50pt;\">\n<td style=\"height: 13.50pt;\" height=\"18\">Dimens\u00f5es<\/td>\n<td>30 ml: 50 \u00d7 64 mm; 50 ml: 57 \u00d7 63 mm; 80 ml: 70 \u00d7 75 mm<\/td>\n<\/tr>\n<tr style=\"height: 13.50pt;\">\n<td style=\"height: 13.50pt;\" height=\"18\">Material<\/td>\n<td>Corpo em vidro transparente; tampas cil\u00edndricas de metal nas cores preto\/dourado\/prateado.<\/td>\n<\/tr>\n<tr style=\"height: 13.50pt;\">\n<td style=\"height: 13.50pt;\" height=\"18\">Formato de garrafa<\/td>\n<td>Esfera com base ponderada (design de exibi\u00e7\u00e3o est\u00e1vel)<\/td>\n<\/tr>\n<tr style=\"height: 13.50pt;\">\n<td style=\"height: 13.50pt;\" height=\"18\">Recurso de Artesanato<\/td>\n<td>Sopro de vidro esf\u00e9rico de precis\u00e3o, moldagem com base ponderada<\/td>\n<\/tr>\n<tr style=\"height: 13.50pt;\">\n<td style=\"height: 13.50pt;\" height=\"18\">Ideal para<\/td>\n<td>Recipientes para perfume, frascos de perfume redondos a granel<\/td>\n<\/tr>\n<\/tbody>\n<\/table>\n<h2>Hist\u00f3ria de sucesso<\/h2>\n<p>Uma marca coreana de beleza e estilo de vida, sempre na moda, lan\u00e7ou sua linha inicial de perfumes. Eles escolheram nosso frasco redondo de 50ml, acompanhado de uma tampa em tom suave. Este charmoso perfume redondo foi um sucesso imediato, impulsionando as men\u00e7\u00f5es nas redes sociais em 500% no primeiro m\u00eas de lan\u00e7amento. O formato diferenciado do frasco tornou-se uma das assinaturas da marca, sendo reconhecido por 90% do p\u00fablico-alvo sem qualquer aux\u00edlio. A marca continuou a investir nesse enorme sucesso, encomendando mais 600.000 frascos para expandir sua presen\u00e7a no mercado global.<\/p>\n<h2>Op\u00e7\u00f5es de envase em frasco redondo para perfume<\/h2>\n<ul>\n<li>Cor da tampa met\u00e1lica personalizada - O revestimento PVD na tampa pode ser personalizado com a cor da marca ou da esta\u00e7\u00e3o.<\/li>\n<li>Cor e transpar\u00eancia do vidro \u2013 Garrafas de vidro esf\u00e9ricas podem ter diversos acabamentos (rosa, azul, \u00e2mbar) ou serem foscas.<\/li>\n<li>Serigrafia em vidro \u2013 Vidro curvo: Imprima logotipos simples, padr\u00f5es ou textos na superf\u00edcie.<\/li>\n<li>Grava\u00e7\u00e3o a laser \u2013 Grave imagens detalhadas, constela\u00e7\u00f5es ou combina\u00e7\u00f5es de letras em vidro.<\/li>\n<\/ul>","protected":false},"excerpt":{"rendered":"<p>Frasco de perfume redondo, com tampa de metal e vidro transparente. Design esf\u00e9rico suave, dispon\u00edvel em v\u00e1rios tamanhos. Fornecimento direto da f\u00e1brica para marcas.<\/p>","protected":false},"featured_media":4226,"template":"","meta":{"postBodyCss":"","postBodyMargin":[],"postBodyPadding":[],"postBodyBackground":{"backgroundType":"classic","gradient":""}},"product_brand":[],"product_cat":[15,16,62],"product_tag":[],"class_list":{"0":"post-4225","1":"product","2":"type-product","3":"status-publish","4":"has-post-thumbnail","6":"product_cat-glass-containers","7":"product_cat-glass-bottles","8":"product_cat-perfume-bottles","10":"first","11":"instock","12":"shipping-taxable","13":"product-type-simple"},"jetpack_sharing_enabled":true,"_links":{"self":[{"href":"https:\/\/minghanggroup.com\/pt\/wp-json\/wp\/v2\/product\/4225","targetHints":{"allow":["GET"]}}],"collection":[{"href":"https:\/\/minghanggroup.com\/pt\/wp-json\/wp\/v2\/product"}],"about":[{"href":"https:\/\/minghanggroup.com\/pt\/wp-json\/wp\/v2\/types\/product"}],"wp:featuredmedia":[{"embeddable":true,"href":"https:\/\/minghanggroup.com\/pt\/wp-json\/wp\/v2\/media\/4226"}],"wp:attachment":[{"href":"https:\/\/minghanggroup.com\/pt\/wp-json\/wp\/v2\/media?parent=4225"}],"wp:term":[{"taxonomy":"product_brand","embeddable":true,"href":"https:\/\/minghanggroup.com\/pt\/wp-json\/wp\/v2\/product_brand?post=4225"},{"taxonomy":"product_cat","embeddable":true,"href":"https:\/\/minghanggroup.com\/pt\/wp-json\/wp\/v2\/product_cat?post=4225"},{"taxonomy":"product_tag","embeddable":true,"href":"https:\/\/minghanggroup.com\/pt\/wp-json\/wp\/v2\/product_tag?post=4225"}],"curies":[{"name":"wp","href":"https:\/\/api.w.org\/{rel}","templated":true}]}}