{"id":4213,"date":"2025-12-31T10:25:29","date_gmt":"2025-12-31T02:25:29","guid":{"rendered":"https:\/\/minghanggroup.com\/?post_type=product&#038;p=4213"},"modified":"2025-12-31T12:12:05","modified_gmt":"2025-12-31T04:12:05","slug":"glass-square-cologne-bottles-with-sprayer-lids-wholesale","status":"publish","type":"product","link":"https:\/\/minghanggroup.com\/pt\/produto\/glass-square-cologne-bottles-with-sprayer-lids-wholesale\/","title":{"rendered":"Frascos de vidro quadrados para col\u00f4nia de 50ml e 100ml com tampa borrifadora - Atacado"},"content":{"rendered":"<p>Seus frascos quadrados de perfume devem atrair a aten\u00e7\u00e3o dos clientes. Criamos embalagens de perfume premium para venda no atacado, projetadas para o sucesso do seu perfume \u2014 onde cada frasco de vidro se torna a assinatura da sua marca.<\/p>\n<h2>Caracter\u00edsticas do produto<\/h2>\n<ul>\n<li><strong>Formato quadrado elegante:<\/strong> A garrafa de vidro de formato quadrado apresenta linhas limpas e \u00e2ngulos n\u00edtidos, o que contribui para um design geral sofisticado e elegante, com forte apelo visual.<\/li>\n<li><strong>Vidro de paredes espessas, alta transpar\u00eancia:<\/strong> O vidro espesso, de alta transpar\u00eancia, n\u00e3o s\u00f3 proporciona uma clareza excepcional, como tamb\u00e9m revela com muita efic\u00e1cia a cor do perfume, conferindo assim uma apresenta\u00e7\u00e3o luxuosa a todo o conjunto.<\/li>\n<li><strong>Tampa de metal requintada:<\/strong> A tampa de metal galvanizado, com sua superf\u00edcie lisa e brilhante, cria um belo contraste com a garrafa de vidro, elevando assim o apelo visual geral a um n\u00edvel superior.<\/li>\n<\/ul>\n<h2>Especifica\u00e7\u00f5es principais<\/h2>\n<table style=\"border-collapse: collapse; width: 80%; margin-left: auto; margin-right: auto;\" border=\"0\" width=\"360\" cellspacing=\"0\" cellpadding=\"0\">\n<tbody>\n<tr style=\"height: 13.50pt;\">\n<td style=\"height: 13.5pt; width: 54pt; text-align: center;\" width=\"72\" height=\"18\">Capacidade (ml)<\/td>\n<td style=\"width: 54pt; text-align: center;\" width=\"72\">Dimens\u00f5es (mm)<\/td>\n<td style=\"width: 54pt; text-align: center;\" width=\"72\">Calibre<\/td>\n<td style=\"width: 54pt; text-align: center;\" width=\"72\">Tipo de veda\u00e7\u00e3o<\/td>\n<td style=\"width: 54pt; text-align: center;\" width=\"72\">Op\u00e7\u00f5es de bomba<\/td>\n<\/tr>\n<tr style=\"height: 13.50pt;\">\n<td style=\"height: 13.5pt; text-align: center;\" align=\"right\" height=\"18\">50<\/td>\n<td style=\"text-align: center;\">38 x 38 x 80<\/td>\n<td class=\"et2\" style=\"text-align: center;\" rowspan=\"2\">15 mm<\/td>\n<td class=\"et2\" style=\"text-align: center;\" rowspan=\"2\">Pesco\u00e7o ondulado<\/td>\n<td class=\"et2\" style=\"text-align: center;\" rowspan=\"2\">Ouro, Prata, Preto<\/td>\n<\/tr>\n<tr style=\"height: 13.50pt;\">\n<td style=\"height: 13.5pt; text-align: center;\" align=\"right\" height=\"18\">100<\/td>\n<td style=\"text-align: center;\">38 x 38 x 116<\/td>\n<\/tr>\n<\/tbody>\n<\/table>\n<h2>Caso de sucesso<\/h2>\n<p>Uma marca de fragr\u00e2ncias havia criado meticulosamente seus perfumes, mas os frascos originais eram muito comuns para refletir o posicionamento premium da marca. Buscando um aprimoramento, a marca escolheu nossos frascos de vidro quadrados e fez uma primeira compra de 5.000 unidades. Os frascos foram personalizados com um logotipo em relevo no painel frontal e um corpo de vidro colorido para combinar com a nova cole\u00e7\u00e3o de fragr\u00e2ncias, al\u00e9m de tampas de metal galvanizado. O efeito foi imediato: o formato elegante e os detalhes personalizados aumentaram a presen\u00e7a nas prateleiras, resultando em um aumento de 30% nas vendas em tr\u00eas meses. A linha foi recentemente expandida com tamanhos menores para kits de viagem.<\/p>\n<h2>Seu caminho de personaliza\u00e7\u00e3o<\/h2>\n<ol>\n<li><strong>Cores da bomba:<\/strong>Combine as cores dos atomizadores com a personalidade da sua marca (dourado para uma sensa\u00e7\u00e3o de luxo, prateado para uma sensa\u00e7\u00e3o contempor\u00e2nea).<\/li>\n<li><strong>Posicionamento da etiqueta:<\/strong>Imprima seu logotipo na garrafa de vidro quadrada minimalista para reconhecimento imediato da marca.<\/li>\n<li><strong>Decora\u00e7\u00e3o Premium:<\/strong>Introduza toques elegantes de folha de ouro que n\u00e3o comprometam a transpar\u00eancia do vidro.<\/li>\n<\/ol>","protected":false},"excerpt":{"rendered":"<p>Frascos quadrados de col\u00f4nia em vidro grosso e transparente com borrifador. Fornecimento direto da f\u00e1brica de recipientes para perfumes no atacado, oferecendo designs personalizados flex\u00edveis.<\/p>","protected":false},"featured_media":4224,"template":"","meta":{"postBodyCss":"","postBodyMargin":[],"postBodyPadding":[],"postBodyBackground":{"backgroundType":"classic","gradient":""}},"product_brand":[],"product_cat":[15,16,62],"product_tag":[],"class_list":{"0":"post-4213","1":"product","2":"type-product","3":"status-publish","4":"has-post-thumbnail","6":"product_cat-glass-containers","7":"product_cat-glass-bottles","8":"product_cat-perfume-bottles","10":"first","11":"instock","12":"shipping-taxable","13":"product-type-simple"},"jetpack_sharing_enabled":true,"_links":{"self":[{"href":"https:\/\/minghanggroup.com\/pt\/wp-json\/wp\/v2\/product\/4213","targetHints":{"allow":["GET"]}}],"collection":[{"href":"https:\/\/minghanggroup.com\/pt\/wp-json\/wp\/v2\/product"}],"about":[{"href":"https:\/\/minghanggroup.com\/pt\/wp-json\/wp\/v2\/types\/product"}],"wp:featuredmedia":[{"embeddable":true,"href":"https:\/\/minghanggroup.com\/pt\/wp-json\/wp\/v2\/media\/4224"}],"wp:attachment":[{"href":"https:\/\/minghanggroup.com\/pt\/wp-json\/wp\/v2\/media?parent=4213"}],"wp:term":[{"taxonomy":"product_brand","embeddable":true,"href":"https:\/\/minghanggroup.com\/pt\/wp-json\/wp\/v2\/product_brand?post=4213"},{"taxonomy":"product_cat","embeddable":true,"href":"https:\/\/minghanggroup.com\/pt\/wp-json\/wp\/v2\/product_cat?post=4213"},{"taxonomy":"product_tag","embeddable":true,"href":"https:\/\/minghanggroup.com\/pt\/wp-json\/wp\/v2\/product_tag?post=4213"}],"curies":[{"name":"wp","href":"https:\/\/api.w.org\/{rel}","templated":true}]}}