{"id":4208,"date":"2025-12-30T15:33:11","date_gmt":"2025-12-30T07:33:11","guid":{"rendered":"https:\/\/minghanggroup.com\/?post_type=product&#038;p=4208"},"modified":"2025-12-30T16:53:58","modified_gmt":"2025-12-30T08:53:58","slug":"clear-glass-cologne-bottles-with-metal-lids-bulk","status":"publish","type":"product","link":"https:\/\/minghanggroup.com\/pt\/produto\/clear-glass-cologne-bottles-with-metal-lids-bulk\/","title":{"rendered":"Frascos de vidro transparente para col\u00f4nia de 30ml, 50ml e 100ml com tampas de metal (em grande quantidade)"},"content":{"rendered":"<p>Este frasco de col\u00f4nia tem formato quadrado-redondo com bordas arredondadas. A estrutura simples, a tampa met\u00e1lica em formato de c\u00fapula e o minimalismo criam um contraste impressionante.<\/p>\n<h2>Caracter\u00edsticas do produto<\/h2>\n<ul>\n<li><strong>V\u00e1rios tamanhos:<\/strong> Est\u00e1 dispon\u00edvel em diferentes tamanhos para armazenar fragr\u00e2ncias, dependendo das necessidades, seja para uso pessoal ou para compras em grande quantidade.<\/li>\n<li><strong>Tampas met\u00e1licas:<\/strong> Existem tampas met\u00e1licas quadradas prateadas, douradas e pretas em v\u00e1rios estilos, o que torna o produto sofisticado e moderno.<\/li>\n<li><strong>Corpo da garrafa quadrado arredondado:<\/strong> Os cantos arredondados do corpo quadrado e cil\u00edndrico da garrafa recebem linhas suaves para torn\u00e1-la mais confort\u00e1vel e f\u00e1cil de segurar ou exibir.<\/li>\n<\/ul>\n<h2 style=\"text-align: left;\">Especifica\u00e7\u00f5es principais<\/h2>\n<table class=\"aligncenter\" style=\"border-collapse: collapse; width: 434.27pt;\" border=\"0\" width=\"579\" cellspacing=\"0\" cellpadding=\"0\">\n<tbody>\n<tr style=\"height: 13.50pt;\">\n<td style=\"height: 13.50pt; width: 82.50pt;\" width=\"110\" height=\"18\">Especifica\u00e7\u00e3o<\/td>\n<td style=\"width: 351.75pt;\" width=\"469\">Detalhes<\/td>\n<\/tr>\n<tr style=\"height: 13.50pt;\">\n<td style=\"height: 13.50pt;\" height=\"18\">Dimens\u00f5es<\/td>\n<td>30 ml: 56 \u00d7 28 \u00d7 70 mm; 50 ml: 63 \u00d7 31 \u00d7 79 mm; 100 ml: 76 \u00d7 38 \u00d7 98 mm<\/td>\n<\/tr>\n<tr style=\"height: 13.50pt;\">\n<td style=\"height: 13.50pt;\" height=\"18\">Material<\/td>\n<td>Corpo em vidro transparente; Tampas met\u00e1licas prateadas\/douradas\/pretas<\/td>\n<\/tr>\n<tr style=\"height: 13.50pt;\">\n<td style=\"height: 13.50pt;\" height=\"18\">Formato de garrafa<\/td>\n<td>Prisma quadrado arredondado (moldura com borda suave)<\/td>\n<\/tr>\n<tr style=\"height: 13.50pt;\">\n<td style=\"height: 13.50pt;\" height=\"18\">Tipo de fechamento<\/td>\n<td>Tampa de rosca met\u00e1lica quadrada (veda\u00e7\u00e3o herm\u00e9tica segura)<\/td>\n<\/tr>\n<tr style=\"height: 13.50pt;\">\n<td style=\"height: 13.50pt;\" height=\"18\">Ideal para<\/td>\n<td>Frascos de col\u00f4nia no atacado, frascos de perfume em grandes quantidades<\/td>\n<\/tr>\n<\/tbody>\n<\/table>\n<h2>Hist\u00f3ria de Sucesso<\/h2>\n<p>Uma das empresas mais populares que promovem produtos masculinos diretamente ao consumidor aventurou-se no mercado de fragr\u00e2ncias. Decidiram usar nossos frascos de col\u00f4nia para embalar suas tr\u00eas primeiras fragr\u00e2ncias, cada uma com uma tampa de cor espec\u00edfica. O formato arredondado e quadrado do frasco fez sucesso, com 85% dos coment\u00e1rios dos clientes incluindo a express\u00e3o &#034;excelente sensa\u00e7\u00e3o ao toque&#034;. O design simples resultou em tr\u00eas vezes mais compartilhamentos nas redes sociais do que outros produtos. Com base nisso, a marca fez um novo pedido de 400.000 frascos.<\/p>\n<h2>Op\u00e7\u00f5es de personaliza\u00e7\u00e3o para venda por atacado de frascos de col\u00f4nia<\/h2>\n<ul>\n<li>Cores personalizadas para tampas met\u00e1licas \u2013 Selecione o revestimento PVD da tampa de acordo com a paleta de cores Pantone da sua marca.<\/li>\n<li>Cores das garrafas de vidro \u2013 As garrafas de vidro est\u00e3o dispon\u00edveis em cores como \u00e2mbar, cinza fum\u00ea ou azul cobalto.<\/li>\n<li>Serigrafia em Vidro \u2013 Imprima seu logotipo, design ou at\u00e9 mesmo texto na parte plana da garrafa de vidro.<\/li>\n<li>Acabamento em vidro fosco \u2013 Proporciona uma sensa\u00e7\u00e3o suave e sofisticada com um acabamento totalmente fosco ou um acabamento fosco degrad\u00ea.<\/li>\n<\/ul>","protected":false},"excerpt":{"rendered":"<p>Frasco de col\u00f4nia moderno e transparente em v\u00e1rios tamanhos e cores de tampa. Frascos de col\u00f4nia no atacado com entrega r\u00e1pida, perfeitos para marcas de fragr\u00e2ncias e marcas pr\u00f3prias.<\/p>","protected":false},"featured_media":4215,"template":"","meta":{"postBodyCss":"","postBodyMargin":[],"postBodyPadding":[],"postBodyBackground":{"backgroundType":"classic","gradient":""}},"product_brand":[],"product_cat":[15,16,62],"product_tag":[],"class_list":{"0":"post-4208","1":"product","2":"type-product","3":"status-publish","4":"has-post-thumbnail","6":"product_cat-glass-containers","7":"product_cat-glass-bottles","8":"product_cat-perfume-bottles","10":"first","11":"instock","12":"shipping-taxable","13":"product-type-simple"},"jetpack_sharing_enabled":true,"_links":{"self":[{"href":"https:\/\/minghanggroup.com\/pt\/wp-json\/wp\/v2\/product\/4208","targetHints":{"allow":["GET"]}}],"collection":[{"href":"https:\/\/minghanggroup.com\/pt\/wp-json\/wp\/v2\/product"}],"about":[{"href":"https:\/\/minghanggroup.com\/pt\/wp-json\/wp\/v2\/types\/product"}],"wp:featuredmedia":[{"embeddable":true,"href":"https:\/\/minghanggroup.com\/pt\/wp-json\/wp\/v2\/media\/4215"}],"wp:attachment":[{"href":"https:\/\/minghanggroup.com\/pt\/wp-json\/wp\/v2\/media?parent=4208"}],"wp:term":[{"taxonomy":"product_brand","embeddable":true,"href":"https:\/\/minghanggroup.com\/pt\/wp-json\/wp\/v2\/product_brand?post=4208"},{"taxonomy":"product_cat","embeddable":true,"href":"https:\/\/minghanggroup.com\/pt\/wp-json\/wp\/v2\/product_cat?post=4208"},{"taxonomy":"product_tag","embeddable":true,"href":"https:\/\/minghanggroup.com\/pt\/wp-json\/wp\/v2\/product_tag?post=4208"}],"curies":[{"name":"wp","href":"https:\/\/api.w.org\/{rel}","templated":true}]}}