{"id":4203,"date":"2025-12-30T15:14:37","date_gmt":"2025-12-30T07:14:37","guid":{"rendered":"https:\/\/minghanggroup.com\/?post_type=product&#038;p=4203"},"modified":"2025-12-30T15:32:27","modified_gmt":"2025-12-30T07:32:27","slug":"crystal-scent-bottles-with-with-silver-spray-bulk","status":"publish","type":"product","link":"https:\/\/minghanggroup.com\/pt\/produto\/crystal-scent-bottles-with-with-silver-spray-bulk\/","title":{"rendered":"Frascos de cristal perfumados de 30ml, 50ml e 100ml com spray prateado (em grande quantidade)"},"content":{"rendered":"<p>Esses frascos de perfume de cristal s\u00e3o feitos inteiramente de vidro cristal multifacetado, com tampas de cristal lapidado em formato de diamante e belos borrifadores prateados, sendo n\u00e3o apenas luxuosos, mas tamb\u00e9m modernos.<\/p>\n<h2>Caracter\u00edsticas do produto<\/h2>\n<ul>\n<li><strong>Prisma geom\u00e9trico multifacetado:<\/strong> As formas geom\u00e9tricas multifacetadas do vidro, com seu design recortado, produzem efeitos inigual\u00e1veis \u200b\u200bde refra\u00e7\u00e3o da luz e possuem um perfil arquitet\u00f4nico marcante.<\/li>\n<li><strong>Vidro transparente com alto n\u00edvel de transpar\u00eancia:<\/strong> Trata-se de um material transparente, que possui excelente transpar\u00eancia, permitindo que a fragr\u00e2ncia em seu interior seja bem vis\u00edvel.<\/li>\n<li><strong>Tr\u00eas tamanhos:<\/strong> Voc\u00ea pode encontrar op\u00e7\u00f5es de tamanhos de 30ml, 50ml e 100ml para atender \u00e0s suas necessidades, seja para levar amostras, para viagens ou para perfumes exclusivos.<\/li>\n<\/ul>\n<h2 style=\"text-align: left;\">Especifica\u00e7\u00f5es principais<\/h2>\n<table class=\"aligncenter\" style=\"border-collapse: collapse; width: 536.27pt;\" border=\"0\" width=\"715\" cellspacing=\"0\" cellpadding=\"0\">\n<tbody>\n<tr style=\"height: 13.50pt;\">\n<td style=\"height: 13.50pt; width: 83.25pt;\" width=\"111\" height=\"18\">Especifica\u00e7\u00e3o<\/td>\n<td style=\"width: 453.00pt;\" width=\"604\">Detalhes<\/td>\n<\/tr>\n<tr style=\"height: 13.50pt;\">\n<td style=\"height: 13.50pt;\" height=\"18\">Dimens\u00f5es<\/td>\n<td>30 ml: 44 \u00d7 47 \u00d7 62 mm; 50 ml: 57 \u00d7 28 \u00d7 75 mm; 100 ml: 67 \u00d7 35 \u00d7 95 mm<\/td>\n<\/tr>\n<tr style=\"height: 13.50pt;\">\n<td style=\"height: 13.50pt;\" height=\"18\">Material<\/td>\n<td>Corpo em vidro transparente multifacetado; componentes em metal prateado; tampa quadrada facetada.<\/td>\n<\/tr>\n<tr style=\"height: 13.50pt;\">\n<td style=\"height: 13.50pt;\" height=\"18\">Tipo de fechamento<\/td>\n<td>Tampa quadrada facetada com colar de pulveriza\u00e7\u00e3o integrado em metal prateado<\/td>\n<\/tr>\n<tr style=\"height: 13.50pt;\">\n<td style=\"height: 13.50pt;\" height=\"18\">Ideal para<\/td>\n<td>Frascos de cristal para perfumes, frascos para fragr\u00e2ncias a granel<\/td>\n<\/tr>\n<\/tbody>\n<\/table>\n<h2>Hist\u00f3ria de sucesso<\/h2>\n<p>Nosso frasco de fragr\u00e2ncia de 30ml foi escolhido por uma das maiores lojas de departamento do mundo, que foi contratada para fazer pequenas modifica\u00e7\u00f5es no gargalo de metal fosco multifacetado com revestimento de pal\u00e1dio. O design elaborado produz efeitos de luz e sombra deslumbrantes com a ilumina\u00e7\u00e3o da loja e aumenta o engajamento do cliente com o balc\u00e3o de perfumes em 25%. O design sofisticado posiciona esta marca de perfumes 40% acima de perfumes de grife similares. A rea\u00e7\u00e3o do mercado foi extraordin\u00e1ria e os varejistas encomendaram imediatamente mais de 1 milh\u00e3o de frascos para atender \u00e0 demanda nos pr\u00f3ximos dois anos.<\/p>\n<h2>Personaliza\u00e7\u00e3o de frascos de cristal para perfumes<\/h2>\n<ul>\n<li>Cores de Vidro Personalizadas \u2013 Cores de vidro personalizadas em ta\u00e7as de alta qualidade dispon\u00edveis em champanhe, cinza fum\u00ea ou rosa claro.<\/li>\n<li>Acabamentos met\u00e1licos para o gargalo da garrafa \u2013 O gargalo da garrafa pode apresentar diversos acabamentos, incluindo acabamentos met\u00e1licos (dourado, ouro rosa, preto, cinza-escuro).<\/li>\n<li>Grava\u00e7\u00e3o a laser facetada \u2013 Um logotipo ou padr\u00e3o pode ser cortado em facetas selecionadas com um laser.<\/li>\n<li>Design com ader\u00eancia antiderrapante \u2013 Os dois lados da garrafa possuem microtexturas para proporcionar maior ader\u00eancia antiderrapante.<\/li>\n<\/ul>","protected":false},"excerpt":{"rendered":"<p>Frascos de cristal para perfumes, com design em vidro facetado e tampas lapidadas em formato de diamante. Qualidade premium em frascos para fragr\u00e2ncias, fornecimento direto da f\u00e1brica para marcas e atacadistas.<\/p>","protected":false},"featured_media":4207,"template":"","meta":{"postBodyCss":"","postBodyMargin":[],"postBodyPadding":[],"postBodyBackground":{"backgroundType":"classic","gradient":""}},"product_brand":[],"product_cat":[15,16,62],"product_tag":[],"class_list":{"0":"post-4203","1":"product","2":"type-product","3":"status-publish","4":"has-post-thumbnail","6":"product_cat-glass-containers","7":"product_cat-glass-bottles","8":"product_cat-perfume-bottles","10":"first","11":"instock","12":"shipping-taxable","13":"product-type-simple"},"jetpack_sharing_enabled":true,"_links":{"self":[{"href":"https:\/\/minghanggroup.com\/pt\/wp-json\/wp\/v2\/product\/4203","targetHints":{"allow":["GET"]}}],"collection":[{"href":"https:\/\/minghanggroup.com\/pt\/wp-json\/wp\/v2\/product"}],"about":[{"href":"https:\/\/minghanggroup.com\/pt\/wp-json\/wp\/v2\/types\/product"}],"wp:featuredmedia":[{"embeddable":true,"href":"https:\/\/minghanggroup.com\/pt\/wp-json\/wp\/v2\/media\/4207"}],"wp:attachment":[{"href":"https:\/\/minghanggroup.com\/pt\/wp-json\/wp\/v2\/media?parent=4203"}],"wp:term":[{"taxonomy":"product_brand","embeddable":true,"href":"https:\/\/minghanggroup.com\/pt\/wp-json\/wp\/v2\/product_brand?post=4203"},{"taxonomy":"product_cat","embeddable":true,"href":"https:\/\/minghanggroup.com\/pt\/wp-json\/wp\/v2\/product_cat?post=4203"},{"taxonomy":"product_tag","embeddable":true,"href":"https:\/\/minghanggroup.com\/pt\/wp-json\/wp\/v2\/product_tag?post=4203"}],"curies":[{"name":"wp","href":"https:\/\/api.w.org\/{rel}","templated":true}]}}