{"id":4202,"date":"2025-12-30T16:04:18","date_gmt":"2025-12-30T08:04:18","guid":{"rendered":"https:\/\/minghanggroup.com\/?post_type=product&#038;p=4202"},"modified":"2025-12-30T17:03:31","modified_gmt":"2025-12-30T09:03:31","slug":"clear-perfume-bottles-for-custom-fragrance-packaging-bulk","status":"publish","type":"product","link":"https:\/\/minghanggroup.com\/pt\/produto\/clear-perfume-bottles-for-custom-fragrance-packaging-bulk\/","title":{"rendered":"Frascos de perfume transparentes de 25ml e 90ml para embalagens personalizadas de fragr\u00e2ncias (em grande quantidade)"},"content":{"rendered":"<p>Seus frascos de perfume transparentes devem atrair a aten\u00e7\u00e3o dos clientes. Criamos embalagens de perfume premium, projetadas para o sucesso da sua fragr\u00e2ncia \u2014 onde cada frasco de vidro se torna a assinatura da sua marca.<\/p>\n<h2>Caracter\u00edsticas do produto<\/h2>\n<ul>\n<li><strong>Vitrine de Clareza Cristalina:<\/strong>Nosso frasco de perfume de vidro \u00e9 o recipiente perfeito para exibir a cor original da sua fragr\u00e2ncia, tornando a embalagem do seu perfume visualmente atraente desde o primeiro momento.<\/li>\n<li><strong>Tampas \u00e0 prova de vazamentos:<\/strong>O gargalo de seguran\u00e7a evita vazamentos durante o transporte, sendo uma \u00f3tima solu\u00e7\u00e3o para \u00f3leos essenciais ou para sua linha de perfumes personalizados.<\/li>\n<li><strong>Tampa de garrafa geom\u00e9trica:<\/strong> A tampa da garrafa, com seu corte geom\u00e9trico, imita a nitidez de uma gema refletindo a luz, comunicando-se silenciosamente com o corpo minimalista da garrafa, discreto, por\u00e9m carregado de luxo e eleg\u00e2ncia.<\/li>\n<\/ul>\n<h2>Especifica\u00e7\u00f5es principais<\/h2>\n<table style=\"border-collapse: collapse; width: 80%; margin-left: auto; margin-right: auto;\" border=\"0\" width=\"288\" cellspacing=\"0\" cellpadding=\"0\">\n<tbody>\n<tr style=\"height: 13.50pt;\">\n<td style=\"height: 13.5pt; width: 54pt; text-align: center;\" width=\"72\" height=\"18\">Capacidade (ml)<\/td>\n<td style=\"width: 54pt; text-align: center;\" width=\"72\">Dimens\u00f5es (mm)<\/td>\n<td style=\"width: 54pt; text-align: center;\" width=\"72\">Tipo de veda\u00e7\u00e3o<\/td>\n<td style=\"width: 54pt; text-align: center;\" width=\"72\">Cores dos bicos<\/td>\n<\/tr>\n<tr style=\"height: 13.50pt;\">\n<td style=\"height: 13.5pt; text-align: center;\" align=\"right\" height=\"18\">25<\/td>\n<td style=\"text-align: center;\">37 x 37 x 58<\/td>\n<td class=\"et2\" style=\"text-align: center;\" rowspan=\"2\">Gola com ajuste por press\u00e3o<\/td>\n<td class=\"et2\" style=\"text-align: center;\" rowspan=\"2\">Prata\/Ouro<\/td>\n<\/tr>\n<tr style=\"height: 13.50pt;\">\n<td style=\"height: 13.5pt; text-align: center;\" align=\"right\" height=\"18\">90<\/td>\n<td style=\"text-align: center;\">55 x 55 x 88<\/td>\n<\/tr>\n<\/tbody>\n<\/table>\n<h2>Caso de sucesso<\/h2>\n<p>Uma marca de fragr\u00e2ncias desejava que sua embalagem comunicasse visualmente de forma mais impactante sua imagem sofisticada. Para isso, escolheram nossos frascos de perfume transparentes e os personalizaram com um logotipo em relevo, um acabamento aveludado fosco e uma tonalidade de vidro levemente tingida, para diferenciar visualmente cada linha de fragr\u00e2ncia.<\/p>\n<p>Na \u00e9poca da reformula\u00e7\u00e3o da marca, a empresa registrou um crescimento de vendas de 28% no primeiro trimestre, e o volume de pedidos recorrentes de distribuidores foi significativamente maior.<\/p>\n<h2>Seu caminho de personaliza\u00e7\u00e3o<\/h2>\n<ol>\n<li><strong>Cores do atomizador:<\/strong> Combine os bicos prateados ou dourados com a identidade da sua marca.<\/li>\n<li><strong>Posicionamento da etiqueta:<\/strong> Aplicar a marca personalizada na garrafa cil\u00edndrica de vidro.<\/li>\n<li><strong>Decora\u00e7\u00e3o Premium:<\/strong> Incorpore detalhes discretos em folha de ouro para elevar o n\u00edvel de luxo.<\/li>\n<li><strong>Combina\u00e7\u00e3o de estilos:<\/strong> Selecione acabamentos foscos ou brilhantes para suas solu\u00e7\u00f5es de embalagens de fragr\u00e2ncias.<\/li>\n<\/ol>","protected":false},"excerpt":{"rendered":"<p>Frascos de perfume de vidro transparente com curvas suaves e base de vidro maci\u00e7o. Embalagens para perfume direto da f\u00e1brica, oferecendo amostras gr\u00e1tis e personaliza\u00e7\u00e3o flex\u00edvel para grandes quantidades.<\/p>","protected":false},"featured_media":4212,"template":"","meta":{"postBodyCss":"","postBodyMargin":[],"postBodyPadding":[],"postBodyBackground":{"backgroundType":"classic","gradient":""}},"product_brand":[],"product_cat":[15,16,62],"product_tag":[],"class_list":{"0":"post-4202","1":"product","2":"type-product","3":"status-publish","4":"has-post-thumbnail","6":"product_cat-glass-containers","7":"product_cat-glass-bottles","8":"product_cat-perfume-bottles","10":"first","11":"instock","12":"shipping-taxable","13":"product-type-simple"},"jetpack_sharing_enabled":true,"_links":{"self":[{"href":"https:\/\/minghanggroup.com\/pt\/wp-json\/wp\/v2\/product\/4202","targetHints":{"allow":["GET"]}}],"collection":[{"href":"https:\/\/minghanggroup.com\/pt\/wp-json\/wp\/v2\/product"}],"about":[{"href":"https:\/\/minghanggroup.com\/pt\/wp-json\/wp\/v2\/types\/product"}],"wp:featuredmedia":[{"embeddable":true,"href":"https:\/\/minghanggroup.com\/pt\/wp-json\/wp\/v2\/media\/4212"}],"wp:attachment":[{"href":"https:\/\/minghanggroup.com\/pt\/wp-json\/wp\/v2\/media?parent=4202"}],"wp:term":[{"taxonomy":"product_brand","embeddable":true,"href":"https:\/\/minghanggroup.com\/pt\/wp-json\/wp\/v2\/product_brand?post=4202"},{"taxonomy":"product_cat","embeddable":true,"href":"https:\/\/minghanggroup.com\/pt\/wp-json\/wp\/v2\/product_cat?post=4202"},{"taxonomy":"product_tag","embeddable":true,"href":"https:\/\/minghanggroup.com\/pt\/wp-json\/wp\/v2\/product_tag?post=4202"}],"curies":[{"name":"wp","href":"https:\/\/api.w.org\/{rel}","templated":true}]}}