{"id":4197,"date":"2025-12-30T14:05:06","date_gmt":"2025-12-30T06:05:06","guid":{"rendered":"https:\/\/minghanggroup.com\/?post_type=product&#038;p=4197"},"modified":"2025-12-30T16:59:44","modified_gmt":"2025-12-30T08:59:44","slug":"empty-bottles-of-perfume-with-lids-bulk","status":"publish","type":"product","link":"https:\/\/minghanggroup.com\/pt\/produto\/empty-bottles-of-perfume-with-lids-bulk\/","title":{"rendered":"Frascos vazios de perfume de 50ml com tampas (em grande quantidade)"},"content":{"rendered":"<p>Esses frascos de perfume de vidro sofisticados e vazios s\u00e3o projetados com vidro multifacetado de transpar\u00eancia cristalina, e cada tampa \u00e9 encimada por um cristal brilhante com lapida\u00e7\u00e3o de diamante.<\/p>\n<h2>Caracter\u00edsticas do produto<\/h2>\n<ul>\n<li><strong>Vidro cristalino:<\/strong> Este \u00e9 um material muito transparente, permitindo que a cor do perfume se destaque perfeitamente, pois \u00e9 cristalino e sem distor\u00e7\u00f5es, como uma pedra preciosa.<\/li>\n<li><strong>Garrafa de vidro multifacetada:<\/strong> O vidro multifacetado, um tipo de vidro transparente, intensifica o reflexo da luz na superf\u00edcie da garrafa, criando uma ilus\u00e3o \u00f3tica semelhante \u00e0 de uma joia incrustada em seu interior.<\/li>\n<li><strong>Coroa ou bon\u00e9 com textura de diamante: <\/strong>A pr\u00f3pria tampa tamb\u00e9m possui uma textura com corte de diamante. Portanto, a estrutura da tampa real\u00e7a ainda mais a ilus\u00e3o multifacetada.<\/li>\n<\/ul>\n<h2 style=\"text-align: left;\">Especifica\u00e7\u00f5es principais<\/h2>\n<table class=\"aligncenter\" style=\"border-collapse: collapse; width: 452.27pt;\" border=\"0\" width=\"603\" cellspacing=\"0\" cellpadding=\"0\">\n<tbody>\n<tr style=\"height: 13.50pt;\">\n<td style=\"height: 13.50pt; width: 130.50pt;\" width=\"174\" height=\"18\">Especifica\u00e7\u00e3o<\/td>\n<td style=\"width: 321.75pt;\" width=\"429\">Detalhes<\/td>\n<\/tr>\n<tr style=\"height: 13.50pt;\">\n<td style=\"height: 13.50pt;\" height=\"18\">Capacidade<\/td>\n<td>50ml<\/td>\n<\/tr>\n<tr style=\"height: 13.50pt;\">\n<td style=\"height: 13.50pt;\" height=\"18\">Dimens\u00f5es<\/td>\n<td>50\u00d739\u00d787mm<\/td>\n<\/tr>\n<tr style=\"height: 13.50pt;\">\n<td style=\"height: 13.50pt;\" height=\"18\">Material<\/td>\n<td>Corpo de vidro de alta transpar\u00eancia com qualidade cristalina<\/td>\n<\/tr>\n<tr style=\"height: 13.50pt;\">\n<td style=\"height: 13.50pt;\" height=\"18\">Tipo de fechamento<\/td>\n<td>Tampa de cristal facetado com colarinho dourado integrado<\/td>\n<\/tr>\n<tr style=\"height: 13.50pt;\">\n<td style=\"height: 13.50pt;\" height=\"18\">Recurso de Artesanato<\/td>\n<td>Clareza do vidro de qualidade cristalina, montagem em metal premium.<\/td>\n<\/tr>\n<tr style=\"height: 13.50pt;\">\n<td style=\"height: 13.50pt;\" height=\"18\">Ideal para<\/td>\n<td>Frascos de perfume de vidro vazios, frascos de fragr\u00e2ncia a granel<\/td>\n<\/tr>\n<\/tbody>\n<\/table>\n<h2>Hist\u00f3ria de sucesso<\/h2>\n<p>Um perfumista das fam\u00edlias reais do Oriente M\u00e9dio solicitou um frasco com acabamento luxuoso e de alta qualidade. Para isso, encomendaram frascos de perfume de 50ml personalizados na cor azul safira. A combina\u00e7\u00e3o de luz e sombra criou um belo efeito, e o m\u00e9todo de lapida\u00e7\u00e3o utilizado, aliado \u00e0 ilumina\u00e7\u00e3o da boutique, aumentou em 70% o tempo de perman\u00eancia dos clientes nos frascos. Com sua apar\u00eancia de joia preciosa, o frasco permitiu que fosse vendido por um pre\u00e7o 300% superior ao custo de produ\u00e7\u00e3o. Diante desse impacto, o cliente fez um novo pedido de 500.000 frascos e firmou um contrato de distribui\u00e7\u00e3o exclusiva para a regi\u00e3o.<\/p>\n<h2>Personaliza\u00e7\u00e3o de frascos de perfume de vidro vazios<\/h2>\n<ul>\n<li>Cores e tonalidades de vidro personalizadas \u2013 O vidro lapidado (rubi, esmeralda, top\u00e1zio) est\u00e1 dispon\u00edvel em diversas tonalidades de pedras preciosas.<\/li>\n<li>Grava\u00e7\u00e3o a laser em um lado \u2013 Grave emblemas, letras ou n\u00fameros de s\u00e9rie em lados espec\u00edficos da garrafa.<\/li>\n<li>Frosty \u2013 Frost alterna facetas para um efeito bicolor.<\/li>\n<li>Crie sua pr\u00f3pria tampa personalizada \u2013 Transforme a tampa de cristal em um design com um formato ou padr\u00e3o diferente.<\/li>\n<\/ul>","protected":false},"excerpt":{"rendered":"<p>Frascos de perfume vazios de luxo, feitos de vidro cristalino com design facetado e borrifador dourado. Fornecimento direto da f\u00e1brica, ideal para marcas de fragr\u00e2ncias premium.<\/p>","protected":false},"featured_media":4201,"template":"","meta":{"postBodyCss":"","postBodyMargin":[],"postBodyPadding":[],"postBodyBackground":{"backgroundType":"classic","gradient":""}},"product_brand":[],"product_cat":[15,16,62],"product_tag":[],"class_list":{"0":"post-4197","1":"product","2":"type-product","3":"status-publish","4":"has-post-thumbnail","6":"product_cat-glass-containers","7":"product_cat-glass-bottles","8":"product_cat-perfume-bottles","10":"first","11":"instock","12":"shipping-taxable","13":"product-type-simple"},"jetpack_sharing_enabled":true,"_links":{"self":[{"href":"https:\/\/minghanggroup.com\/pt\/wp-json\/wp\/v2\/product\/4197","targetHints":{"allow":["GET"]}}],"collection":[{"href":"https:\/\/minghanggroup.com\/pt\/wp-json\/wp\/v2\/product"}],"about":[{"href":"https:\/\/minghanggroup.com\/pt\/wp-json\/wp\/v2\/types\/product"}],"wp:featuredmedia":[{"embeddable":true,"href":"https:\/\/minghanggroup.com\/pt\/wp-json\/wp\/v2\/media\/4201"}],"wp:attachment":[{"href":"https:\/\/minghanggroup.com\/pt\/wp-json\/wp\/v2\/media?parent=4197"}],"wp:term":[{"taxonomy":"product_brand","embeddable":true,"href":"https:\/\/minghanggroup.com\/pt\/wp-json\/wp\/v2\/product_brand?post=4197"},{"taxonomy":"product_cat","embeddable":true,"href":"https:\/\/minghanggroup.com\/pt\/wp-json\/wp\/v2\/product_cat?post=4197"},{"taxonomy":"product_tag","embeddable":true,"href":"https:\/\/minghanggroup.com\/pt\/wp-json\/wp\/v2\/product_tag?post=4197"}],"curies":[{"name":"wp","href":"https:\/\/api.w.org\/{rel}","templated":true}]}}