{"id":4187,"date":"2025-12-30T11:22:54","date_gmt":"2025-12-30T03:22:54","guid":{"rendered":"https:\/\/minghanggroup.com\/?post_type=product&#038;p=4187"},"modified":"2025-12-30T17:03:18","modified_gmt":"2025-12-30T09:03:18","slug":"glass-perfume-spray-bottles-for-packaging-wholesale","status":"publish","type":"product","link":"https:\/\/minghanggroup.com\/pt\/produto\/glass-perfume-spray-bottles-for-packaging-wholesale\/","title":{"rendered":"Frascos de vidro para perfume em spray de 50ml e 100ml para embalagem no atacado"},"content":{"rendered":"<p>Seus frascos de perfume de vidro devem atrair a aten\u00e7\u00e3o dos clientes. Fabricamos frascos de fragr\u00e2ncias premium para venda no atacado, projetados para o sucesso da embalagem de perfumes \u2014 onde cada frasco de perfume de vidro se torna a assinatura da sua marca.<\/p>\n<h2>Caracter\u00edsticas do produto<\/h2>\n<ul>\n<li><strong>Corpo em vidro de alta transpar\u00eancia: <\/strong>O corpo do frasco \u00e9 feito de vidro muito claro, o que o torna limpo e transparente, permitindo que a cor da fragr\u00e2ncia seja vista com muita clareza.<\/li>\n<li><strong>Base de vidro espesso refor\u00e7ado:<\/strong> A base de vidro espesso n\u00e3o s\u00f3 estabiliza a garrafa, como tamb\u00e9m lhe confere um efeito t\u00e1til luxuoso, pesado e s\u00f3lido.<\/li>\n<li><strong>Design minimalista atemporal:<\/strong> O design b\u00e1sico e elegante combina bem com conceitos de fragr\u00e2ncias contempor\u00e2neas e tradicionais, sendo perfeito tanto para venda no varejo quanto para presentear.<\/li>\n<\/ul>\n<h2>Especifica\u00e7\u00f5es principais<\/h2>\n<table style=\"border-collapse: collapse; width: 80%; margin-left: auto; margin-right: auto;\" border=\"0\" width=\"288\" cellspacing=\"0\" cellpadding=\"0\">\n<tbody>\n<tr style=\"height: 13.50pt;\">\n<td style=\"height: 13.5pt; width: 54pt; text-align: center;\" width=\"72\" height=\"18\">Capacidade (ml)<\/td>\n<td style=\"width: 54pt; text-align: center;\" width=\"72\">Dimens\u00f5es (mm)<\/td>\n<td style=\"width: 54pt; text-align: center;\" width=\"72\">Tipo de veda\u00e7\u00e3o<\/td>\n<td style=\"width: 54pt; text-align: center;\" width=\"72\">Op\u00e7\u00f5es de cores<\/td>\n<\/tr>\n<tr style=\"height: 13.50pt;\">\n<td style=\"height: 13.5pt; text-align: center;\" align=\"right\" height=\"18\">50<\/td>\n<td style=\"text-align: center;\">47 x 81<\/td>\n<td class=\"et2\" style=\"text-align: center;\" rowspan=\"2\">Gargalo de crimpagem de 15 mm + pulverizador<\/td>\n<td class=\"et2\" style=\"text-align: center;\" rowspan=\"2\">Personaliz\u00e1vel<\/td>\n<\/tr>\n<tr style=\"height: 13.50pt;\">\n<td style=\"height: 13.5pt; text-align: center;\" align=\"right\" height=\"18\">100<\/td>\n<td style=\"text-align: center;\">59 x 103<\/td>\n<\/tr>\n<\/tbody>\n<\/table>\n<h2>Caso de sucesso<\/h2>\n<p>Uma marca de fragr\u00e2ncias acreditava que sua embalagem inicial n\u00e3o representava verdadeiramente a qualidade de seus perfumes. Por isso, reformularam os frascos de vidro com spray, personalizando-os com um acabamento fosco, um logotipo em relevo e uma v\u00e1lvula spray met\u00e1lica de alta qualidade.<\/p>\n<p>A embalagem renovada deu um visual completamente novo \u00e0 presen\u00e7a do produto nas prateleiras, o que impulsionou um crescimento de 28% nas vendas no primeiro trimestre. A marca decidiu fazer novos pedidos e adotar o mesmo design de frasco para seus novos lan\u00e7amentos de fragr\u00e2ncias.<\/p>\n<h2>Suas op\u00e7\u00f5es de personaliza\u00e7\u00e3o<\/h2>\n<ol>\n<li><strong>Acabamentos das tampas: <\/strong>Combine as tampas com a sua marca, escolhendo entre op\u00e7\u00f5es met\u00e1licas em dourado, prateado ou preto.<\/li>\n<li><strong>Combina\u00e7\u00e3o de cores: <\/strong>Personalize as tonalidades do vidro para que combinem com a paleta de cores da sua marca.<\/li>\n<li><strong>Posicionamento da etiqueta: <\/strong>Adicione uma marca personalizada \u00e0 garrafa de vidro cil\u00edndrica para reconhecimento instant\u00e2neo.<\/li>\n<li><strong>Decora\u00e7\u00e3o Premium: <\/strong>Adicione um relevo sutil para um toque de luxo sem comprometer a clareza.<\/li>\n<\/ol>","protected":false},"excerpt":{"rendered":"<p>Frascos de perfume em vidro com base espessa e borrifador de metal. Venda por atacado de frascos de fragr\u00e2ncia direto da f\u00e1brica, amostras gr\u00e1tis e personaliza\u00e7\u00e3o em grandes quantidades dispon\u00edveis.<\/p>","protected":false},"featured_media":4192,"template":"","meta":{"postBodyCss":"","postBodyMargin":[],"postBodyPadding":[],"postBodyBackground":{"backgroundType":"classic","gradient":""}},"product_brand":[],"product_cat":[15,16,62],"product_tag":[],"class_list":{"0":"post-4187","1":"product","2":"type-product","3":"status-publish","4":"has-post-thumbnail","6":"product_cat-glass-containers","7":"product_cat-glass-bottles","8":"product_cat-perfume-bottles","10":"first","11":"instock","12":"shipping-taxable","13":"product-type-simple"},"jetpack_sharing_enabled":true,"_links":{"self":[{"href":"https:\/\/minghanggroup.com\/pt\/wp-json\/wp\/v2\/product\/4187","targetHints":{"allow":["GET"]}}],"collection":[{"href":"https:\/\/minghanggroup.com\/pt\/wp-json\/wp\/v2\/product"}],"about":[{"href":"https:\/\/minghanggroup.com\/pt\/wp-json\/wp\/v2\/types\/product"}],"wp:featuredmedia":[{"embeddable":true,"href":"https:\/\/minghanggroup.com\/pt\/wp-json\/wp\/v2\/media\/4192"}],"wp:attachment":[{"href":"https:\/\/minghanggroup.com\/pt\/wp-json\/wp\/v2\/media?parent=4187"}],"wp:term":[{"taxonomy":"product_brand","embeddable":true,"href":"https:\/\/minghanggroup.com\/pt\/wp-json\/wp\/v2\/product_brand?post=4187"},{"taxonomy":"product_cat","embeddable":true,"href":"https:\/\/minghanggroup.com\/pt\/wp-json\/wp\/v2\/product_cat?post=4187"},{"taxonomy":"product_tag","embeddable":true,"href":"https:\/\/minghanggroup.com\/pt\/wp-json\/wp\/v2\/product_tag?post=4187"}],"curies":[{"name":"wp","href":"https:\/\/api.w.org\/{rel}","templated":true}]}}