{"id":4186,"date":"2025-12-30T10:18:04","date_gmt":"2025-12-30T02:18:04","guid":{"rendered":"https:\/\/minghanggroup.com\/?post_type=product&#038;p=4186"},"modified":"2025-12-30T13:02:03","modified_gmt":"2025-12-30T05:02:03","slug":"crystal-fragrance-bottle-with-thick-base-bulk","status":"publish","type":"product","link":"https:\/\/minghanggroup.com\/pt\/produto\/crystal-fragrance-bottle-with-thick-base-bulk\/","title":{"rendered":"Frasco de fragr\u00e2ncia de cristal de 100ml com base espessa (em atacado)"},"content":{"rendered":"<p>Este frasco de perfume de cristal \u00e9 feito de vidro cristalino e brilhante (com base mais espessa para aumentar a estabilidade e a durabilidade). A tampa \u00e9 feita de cristal lapidado como diamante e um anel de ouro foi colocado sobre ela para real\u00e7ar ainda mais o seu brilho.<\/p>\n<h2>Caracter\u00edsticas do produto<\/h2>\n<ul>\n<li><strong>Tampa com corte em diamante:<\/strong> A tampa transparente apresenta um corte em padr\u00e3o de diamante que refrata a luz, conferindo \u00e0 garrafa um aspecto mais elegante e tornando mais evidente a natureza luxuosa do produto.<\/li>\n<li><strong>Detalhes do anel de ouro:<\/strong> O anel dourado que conecta a tampa \u00e0 garrafa adiciona profundidade visual ao design e um toque de sofistica\u00e7\u00e3o discreto, por\u00e9m elegante.<\/li>\n<li><strong>Base de design multicamadas:<\/strong> A base foi projetada para ser espessa, com m\u00faltiplas camadas e, consequentemente, mais est\u00e1vel. Al\u00e9m disso, ela tamb\u00e9m destaca a textura do vidro.<\/li>\n<\/ul>\n<h2 style=\"text-align: left;\">Especifica\u00e7\u00f5es principais<\/h2>\n<table class=\"aligncenter\" style=\"border-collapse: collapse; width: 548.27pt;\" border=\"0\" width=\"731\" cellspacing=\"0\" cellpadding=\"0\">\n<tbody>\n<tr style=\"height: 13.50pt;\">\n<td style=\"height: 13.50pt; width: 130.50pt;\" width=\"174\" height=\"18\">Especifica\u00e7\u00e3o<\/td>\n<td style=\"width: 417.75pt;\" width=\"557\">Detalhes<\/td>\n<\/tr>\n<tr style=\"height: 13.50pt;\">\n<td style=\"height: 13.50pt;\" height=\"18\">Capacidade<\/td>\n<td>100ml<\/td>\n<\/tr>\n<tr style=\"height: 13.50pt;\">\n<td style=\"height: 13.50pt;\" height=\"18\">Dimens\u00f5es<\/td>\n<td>55\u00d7114mm<\/td>\n<\/tr>\n<tr style=\"height: 13.50pt;\">\n<td style=\"height: 13.50pt;\" height=\"18\">Material<\/td>\n<td>Corpo em vidro transparente; tampa facetada semelhante a cristal; detalhe em anel de metal dourado.<\/td>\n<\/tr>\n<tr style=\"height: 13.50pt;\">\n<td style=\"height: 13.50pt;\" height=\"18\">Tipo de fechamento<\/td>\n<td>Tampa com corte de cristal e anel de metal dourado; bomba de pulveriza\u00e7\u00e3o de precis\u00e3o integrada<\/td>\n<\/tr>\n<tr style=\"height: 13.50pt;\">\n<td style=\"height: 13.50pt;\" height=\"18\">Recurso de Artesanato<\/td>\n<td>Base escalonada ponderada, facetamento de cristal de precis\u00e3o (tampa)<\/td>\n<\/tr>\n<tr style=\"height: 13.50pt;\">\n<td style=\"height: 13.50pt;\" height=\"18\">Ideal para<\/td>\n<td>Frasco de Cristal para Perfume, Frasco de Vidro para Perfume a Granel<\/td>\n<\/tr>\n<\/tbody>\n<\/table>\n<h2>Hist\u00f3ria de sucesso<\/h2>\n<p>Uma das maiores casas de moda milanesas nos encomendou a produ\u00e7\u00e3o deste frasco de perfume de 100ml, com corpo em vidro de quartzo fum\u00ea e anel decorativo banhado a ouro 24 quilates. A tampa lapidada em cristal tornou-se o destaque da campanha de marketing, agregando 450% de valor \u00e0 exposi\u00e7\u00e3o na m\u00eddia devido ao seu aspecto fotog\u00eanico. Seu peso consider\u00e1vel tamb\u00e9m justifica o pre\u00e7o, que \u00e9 75% superior \u00e0 m\u00e9dia do mercado. O design foi um sucesso t\u00e3o grande que a marca encomendou mais 250.000 frascos para as duas linhas seguintes de suas fragr\u00e2ncias.<\/p>\n<h2>Personaliza\u00e7\u00e3o de frascos de cristal para fragr\u00e2ncias<\/h2>\n<ul>\n<li>Cor e transpar\u00eancia do vidro pessoal \u2013 Dispon\u00edvel em diversas cores (safira, verde esmeralda, \u00e2mbar) com diferentes n\u00edveis de transpar\u00eancia.<\/li>\n<li>An\u00e9is de metal \u2013 An\u00e9is de metal personalizados em liga met\u00e1lica (ouro rosa, platina, pal\u00e1dio) e com diversos acabamentos.<\/li>\n<li>Garrafa de vidro fosco \u2013 Est\u00e3o dispon\u00edveis op\u00e7\u00f5es foscas ou com efeito degrad\u00ea para proporcionar uma sensa\u00e7\u00e3o de luxo mais suave e et\u00e9rea.<\/li>\n<\/ul>","protected":false},"excerpt":{"rendered":"<p>Frasco de perfume de cristal de alta qualidade com corpo de vidro espesso, tampa lapidada em cristal e estilo moderno e luxuoso. Envio r\u00e1pido garante entrega confi\u00e1vel e pontual.<\/p>","protected":false},"featured_media":4195,"template":"","meta":{"postBodyCss":"","postBodyMargin":[],"postBodyPadding":[],"postBodyBackground":{"backgroundType":"classic","gradient":""}},"product_brand":[],"product_cat":[15,16,62],"product_tag":[],"class_list":{"0":"post-4186","1":"product","2":"type-product","3":"status-publish","4":"has-post-thumbnail","6":"product_cat-glass-containers","7":"product_cat-glass-bottles","8":"product_cat-perfume-bottles","10":"first","11":"instock","12":"shipping-taxable","13":"product-type-simple"},"jetpack_sharing_enabled":true,"_links":{"self":[{"href":"https:\/\/minghanggroup.com\/pt\/wp-json\/wp\/v2\/product\/4186","targetHints":{"allow":["GET"]}}],"collection":[{"href":"https:\/\/minghanggroup.com\/pt\/wp-json\/wp\/v2\/product"}],"about":[{"href":"https:\/\/minghanggroup.com\/pt\/wp-json\/wp\/v2\/types\/product"}],"wp:featuredmedia":[{"embeddable":true,"href":"https:\/\/minghanggroup.com\/pt\/wp-json\/wp\/v2\/media\/4195"}],"wp:attachment":[{"href":"https:\/\/minghanggroup.com\/pt\/wp-json\/wp\/v2\/media?parent=4186"}],"wp:term":[{"taxonomy":"product_brand","embeddable":true,"href":"https:\/\/minghanggroup.com\/pt\/wp-json\/wp\/v2\/product_brand?post=4186"},{"taxonomy":"product_cat","embeddable":true,"href":"https:\/\/minghanggroup.com\/pt\/wp-json\/wp\/v2\/product_cat?post=4186"},{"taxonomy":"product_tag","embeddable":true,"href":"https:\/\/minghanggroup.com\/pt\/wp-json\/wp\/v2\/product_tag?post=4186"}],"curies":[{"name":"wp","href":"https:\/\/api.w.org\/{rel}","templated":true}]}}