{"id":4177,"date":"2025-12-30T10:17:25","date_gmt":"2025-12-30T02:17:25","guid":{"rendered":"https:\/\/minghanggroup.com\/?post_type=product&#038;p=4177"},"modified":"2025-12-30T17:04:12","modified_gmt":"2025-12-30T09:04:12","slug":"100ml-cologne-bottles-for-fragrance-in-bulk","status":"publish","type":"product","link":"https:\/\/minghanggroup.com\/pt\/produto\/100ml-cologne-bottles-for-fragrance-in-bulk\/","title":{"rendered":"Frascos de col\u00f4nia de 100ml para fragr\u00e2ncias em grandes quantidades"},"content":{"rendered":"<p>Seu frasco de col\u00f4nia de 100ml deve fazer com que os clientes parem e olhem. Produzimos frascos de perfume premium em grandes quantidades, projetados para o sucesso da embalagem de fragr\u00e2ncias \u2014 onde cada frasco de vidro se torna a assinatura da sua marca.<\/p>\n<h2>Caracter\u00edsticas do produto<\/h2>\n<ul>\n<li><strong>Vitrine de Clareza Cristalina: <\/strong>Nosso frasco de perfume de vidro exibe a cor verdadeira da sua fragr\u00e2ncia, tornando a embalagem do seu perfume visualmente atraente instantaneamente.<\/li>\n<li><strong>Base cil\u00edndrica est\u00e1vel: <\/strong>A base refor\u00e7ada de vidro do seu frasco de col\u00f4nia de 100ml o manter\u00e1 perfeitamente na posi\u00e7\u00e3o vertical durante a exposi\u00e7\u00e3o ou o uso di\u00e1rio.<\/li>\n<li><strong>Tampa met\u00e1lica personaliz\u00e1vel: <\/strong>Que tal complementar a apar\u00eancia da sua marca com um bon\u00e9 preto, dourado ou prateado de sua escolha?<\/li>\n<\/ul>\n<h2>Especifica\u00e7\u00f5es principais<\/h2>\n<table style=\"border-collapse: collapse; width: 80%; margin-left: auto; margin-right: auto;\" border=\"0\" width=\"432\" cellspacing=\"0\" cellpadding=\"0\">\n<tbody>\n<tr style=\"height: 13.50pt;\">\n<td style=\"height: 13.5pt; width: 54pt; text-align: center;\" width=\"72\" height=\"18\">Capacidade<\/td>\n<td style=\"width: 54pt; text-align: center;\" width=\"72\">Dimens\u00f5es<\/td>\n<td style=\"width: 54pt; text-align: center;\" width=\"72\">Calibre<\/td>\n<td style=\"width: 54pt; text-align: center;\" width=\"72\">Forma<\/td>\n<td style=\"width: 54pt; text-align: center;\" width=\"72\">Tipo de veda\u00e7\u00e3o<\/td>\n<td style=\"width: 54pt; text-align: center;\" width=\"72\">Op\u00e7\u00f5es de cores<\/td>\n<\/tr>\n<tr style=\"height: 13.50pt;\">\n<td style=\"height: 13.5pt; text-align: center;\" height=\"18\">100ml<\/td>\n<td style=\"text-align: center;\">55 x 98 mm<\/td>\n<td style=\"text-align: center;\">15 mm<\/td>\n<td style=\"text-align: center;\">Cil\u00edndrico<\/td>\n<td style=\"text-align: center;\">Gargalo de crimpagem + pulverizador<\/td>\n<td style=\"text-align: center;\">Personaliz\u00e1vel<\/td>\n<\/tr>\n<\/tbody>\n<\/table>\n<h2>Caso de sucesso<\/h2>\n<p>Uma marca de fragr\u00e2ncias de nicho tinha um \u00f3timo perfume, mas achava que a embalagem original parecia gen\u00e9rica demais nas prateleiras das lojas. Eles mudaram para o nosso frasco de vidro de 100ml para col\u00f4nia, personalizado, com uma tampa prateada exclusiva e um logotipo da marca impresso em serigrafia, o que enfatizou o charme da linha de fragr\u00e2ncias. O primeiro pedido foi de 5.000 unidades. Como resultado do relan\u00e7amento, a nova apar\u00eancia da marca aumentou sua visibilidade e, consequentemente, as vendas online cresceram 32% em tr\u00eas meses.<\/p>\n<h2>Suas op\u00e7\u00f5es de personaliza\u00e7\u00e3o<\/h2>\n<ol>\n<li><strong>Acabamentos das tampas:<\/strong> Realce as cores da sua marca com a op\u00e7\u00e3o de tampas met\u00e1licas pretas, douradas ou prateadas.<\/li>\n<li><strong>Integra\u00e7\u00e3o de r\u00f3tulos:<\/strong> Personalize a garrafa de vidro simples com a sua marca para facilitar o reconhecimento.<\/li>\n<li><strong>Decora\u00e7\u00e3o Premium:<\/strong> Adicione um toque de luxo \u00e0 garrafa com uma sutil grava\u00e7\u00e3o em relevo que n\u00e3o afeta a transpar\u00eancia.<\/li>\n<\/ol>","protected":false},"excerpt":{"rendered":"<p>Frasco de col\u00f4nia de 100ml com vidro transparente e base est\u00e1vel. Fornecimento direto da f\u00e1brica, amostras gr\u00e1tis dispon\u00edveis, ideal para frascos de perfume em grandes quantidades com op\u00e7\u00f5es de personaliza\u00e7\u00e3o.<\/p>","protected":false},"featured_media":4185,"template":"","meta":{"postBodyCss":"","postBodyMargin":[],"postBodyPadding":[],"postBodyBackground":{"backgroundType":"classic","gradient":""}},"product_brand":[],"product_cat":[15,16,62],"product_tag":[],"class_list":{"0":"post-4177","1":"product","2":"type-product","3":"status-publish","4":"has-post-thumbnail","6":"product_cat-glass-containers","7":"product_cat-glass-bottles","8":"product_cat-perfume-bottles","10":"first","11":"instock","12":"shipping-taxable","13":"product-type-simple"},"jetpack_sharing_enabled":true,"_links":{"self":[{"href":"https:\/\/minghanggroup.com\/pt\/wp-json\/wp\/v2\/product\/4177","targetHints":{"allow":["GET"]}}],"collection":[{"href":"https:\/\/minghanggroup.com\/pt\/wp-json\/wp\/v2\/product"}],"about":[{"href":"https:\/\/minghanggroup.com\/pt\/wp-json\/wp\/v2\/types\/product"}],"wp:featuredmedia":[{"embeddable":true,"href":"https:\/\/minghanggroup.com\/pt\/wp-json\/wp\/v2\/media\/4185"}],"wp:attachment":[{"href":"https:\/\/minghanggroup.com\/pt\/wp-json\/wp\/v2\/media?parent=4177"}],"wp:term":[{"taxonomy":"product_brand","embeddable":true,"href":"https:\/\/minghanggroup.com\/pt\/wp-json\/wp\/v2\/product_brand?post=4177"},{"taxonomy":"product_cat","embeddable":true,"href":"https:\/\/minghanggroup.com\/pt\/wp-json\/wp\/v2\/product_cat?post=4177"},{"taxonomy":"product_tag","embeddable":true,"href":"https:\/\/minghanggroup.com\/pt\/wp-json\/wp\/v2\/product_tag?post=4177"}],"curies":[{"name":"wp","href":"https:\/\/api.w.org\/{rel}","templated":true}]}}