{"id":4176,"date":"2025-12-30T09:08:22","date_gmt":"2025-12-30T01:08:22","guid":{"rendered":"https:\/\/minghanggroup.com\/?post_type=product&#038;p=4176"},"modified":"2025-12-30T10:17:42","modified_gmt":"2025-12-30T02:17:42","slug":"50ml-empty-perfume-spray-bottles-with-vertical-stripes-bulk","status":"publish","type":"product","link":"https:\/\/minghanggroup.com\/pt\/produto\/50ml-empty-perfume-spray-bottles-with-vertical-stripes-bulk\/","title":{"rendered":"Frascos de perfume spray vazios de 50ml com listras verticais (em grande quantidade)"},"content":{"rendered":"<p>O frasco de perfume vazio de 50ml \u00e9 feito de vidro transparente de alta qualidade. O frasco possui uma textura listrada vertical que brilha \u00e0 luz, e a tampa simples, de cor preta elegante (com um anel dourado polido), confere um toque sutil de luxo.<\/p>\n<h2>Caracter\u00edsticas do produto<\/h2>\n<ul>\n<li><strong>Garrafa com listras verticais:<\/strong> A garrafa possui listras verticais densas que aumentam a refra\u00e7\u00e3o da luz e melhoram a ader\u00eancia.<\/li>\n<li><strong>Tampa com anel met\u00e1lico:<\/strong> O anel de metal e a tampa preta com anel de metal dourado formam uma combina\u00e7\u00e3o totalmente natural com um toque de luxo, consolidando assim o posicionamento de alta gama.<\/li>\n<li><strong>Capacidade universal de 50 ml:<\/strong> Com capacidade de 50ml e um design vertical marcante, \u00e9 o complemento perfeito para qualquer penteadeira.<\/li>\n<\/ul>\n<h2 style=\"text-align: left;\">Especifica\u00e7\u00f5es principais<\/h2>\n<table class=\"aligncenter\" style=\"border-collapse: collapse; width: 412.52pt;\" border=\"0\" width=\"550\" cellspacing=\"0\" cellpadding=\"0\">\n<tbody>\n<tr style=\"height: 13.50pt;\">\n<td style=\"height: 13.50pt; width: 80.25pt;\" width=\"107\" height=\"18\">Especifica\u00e7\u00e3o<\/td>\n<td style=\"width: 332.25pt;\" width=\"443\">Detalhes<\/td>\n<\/tr>\n<tr style=\"height: 13.50pt;\">\n<td style=\"height: 13.50pt;\" height=\"18\">Capacidade<\/td>\n<td>50ml<\/td>\n<\/tr>\n<tr style=\"height: 13.50pt;\">\n<td style=\"height: 13.50pt;\" height=\"18\">Dimens\u00f5es<\/td>\n<td>55\u00d793mm<\/td>\n<\/tr>\n<tr style=\"height: 13.50pt;\">\n<td style=\"height: 13.50pt;\" height=\"18\">Material<\/td>\n<td>Corpo em vidro transparente com corte em listras; tampa preta; anel de metal dourado<\/td>\n<\/tr>\n<tr style=\"height: 13.50pt;\">\n<td style=\"height: 13.50pt;\" height=\"18\">Formato de garrafa<\/td>\n<td>Cil\u00edndrico<\/td>\n<\/tr>\n<tr style=\"height: 13.50pt;\">\n<td style=\"height: 13.50pt;\" height=\"18\">Tipo de fechamento<\/td>\n<td>Tampa preta com anel de metal dourado; bomba de pulveriza\u00e7\u00e3o integrada<\/td>\n<\/tr>\n<tr style=\"height: 13.50pt;\">\n<td style=\"height: 13.50pt;\" height=\"18\">Ideal para<\/td>\n<td>Frascos de perfume spray vazios, frascos de perfume spray a granel<\/td>\n<\/tr>\n<\/tbody>\n<\/table>\n<h2>Sucesso: Cole\u00e7\u00e3o exclusiva de uma famosa marca de drogaria de Nova York<\/h2>\n<p>Uma popular drogaria de Nova York lan\u00e7ou uma linha de fragr\u00e2ncias unissex personalizadas. Eles escolheram nosso frasco de vidro de 50ml com listras verticais como embalagem exclusiva, com tampa de nogueira escura. A textura das listras verticais oferece \u00f3tima ader\u00eancia, caracter\u00edstica que recebeu avalia\u00e7\u00f5es positivas em 95% das avalia\u00e7\u00f5es online. A textura distinta \u00e9 bastante familiar, o que contribuiu para um aumento de 50% nas vendas no primeiro trimestre. O farmac\u00eautico ficou t\u00e3o satisfeito com a melhoria da marca e a resposta positiva dos clientes que encomendou 300.000 frascos para testar o mercado internacional.<\/p>\n<h2>Frascos de perfume spray vazios e personalizados<\/h2>\n<ul>\n<li>Cores de vidro personalizadas \u2013 Dispon\u00edvel em cores de vidro com corte listrado, como cinza fum\u00ea, azul cobalto ou \u00e2mbar.<\/li>\n<li>An\u00e9is de metal personalizados \u2013 Podem ser feitos em diversos tipos de metais (cobre, bronze, prata) e com diferentes acabamentos para os an\u00e9is decorativos.<\/li>\n<li>Efeito de listras foscas \u2013 Listras em relevo foscas para melhorar a difus\u00e3o da luz.<\/li>\n<li>Base em relevo \u2013 Trata-se de um logotipo ou emblema em alto-relevo na parte inferior da garrafa, que n\u00e3o \u00e9 vis\u00edvel.<\/li>\n<\/ul>","protected":false},"excerpt":{"rendered":"<p>Frascos de perfume spray vazios premium, frasco de vidro de 50ml com textura vertical, tampa preta e anel dourado. Fornecimento direto da f\u00e1brica com envio r\u00e1pido.<\/p>","protected":false},"featured_media":4178,"template":"","meta":{"postBodyCss":"","postBodyMargin":[],"postBodyPadding":[],"postBodyBackground":{"backgroundType":"classic","gradient":""}},"product_brand":[],"product_cat":[15,16,62],"product_tag":[],"class_list":{"0":"post-4176","1":"product","2":"type-product","3":"status-publish","4":"has-post-thumbnail","6":"product_cat-glass-containers","7":"product_cat-glass-bottles","8":"product_cat-perfume-bottles","10":"first","11":"instock","12":"shipping-taxable","13":"product-type-simple"},"jetpack_sharing_enabled":true,"_links":{"self":[{"href":"https:\/\/minghanggroup.com\/pt\/wp-json\/wp\/v2\/product\/4176","targetHints":{"allow":["GET"]}}],"collection":[{"href":"https:\/\/minghanggroup.com\/pt\/wp-json\/wp\/v2\/product"}],"about":[{"href":"https:\/\/minghanggroup.com\/pt\/wp-json\/wp\/v2\/types\/product"}],"wp:featuredmedia":[{"embeddable":true,"href":"https:\/\/minghanggroup.com\/pt\/wp-json\/wp\/v2\/media\/4178"}],"wp:attachment":[{"href":"https:\/\/minghanggroup.com\/pt\/wp-json\/wp\/v2\/media?parent=4176"}],"wp:term":[{"taxonomy":"product_brand","embeddable":true,"href":"https:\/\/minghanggroup.com\/pt\/wp-json\/wp\/v2\/product_brand?post=4176"},{"taxonomy":"product_cat","embeddable":true,"href":"https:\/\/minghanggroup.com\/pt\/wp-json\/wp\/v2\/product_cat?post=4176"},{"taxonomy":"product_tag","embeddable":true,"href":"https:\/\/minghanggroup.com\/pt\/wp-json\/wp\/v2\/product_tag?post=4176"}],"curies":[{"name":"wp","href":"https:\/\/api.w.org\/{rel}","templated":true}]}}