{"id":4170,"date":"2025-12-29T16:38:57","date_gmt":"2025-12-29T08:38:57","guid":{"rendered":"https:\/\/minghanggroup.com\/?post_type=product&#038;p=4170"},"modified":"2025-12-29T16:48:48","modified_gmt":"2025-12-29T08:48:48","slug":"3-oz-perfume-bottles-with-blue-ball-lids-wholesale","status":"publish","type":"product","link":"https:\/\/minghanggroup.com\/pt\/produto\/3-oz-perfume-bottles-with-blue-ball-lids-wholesale\/","title":{"rendered":"Frascos de perfume de 90 ml com tampas de esfera azul - Atacado"},"content":{"rendered":"<p>Embeleze sua linha de perfumes com frascos de perfume no atacado, como esta obra de arte: um frasco de 90 ml (3 oz) em vidro transparente com uma atraente tampa esf\u00e9rica azul.<\/p>\n<h2>Caracter\u00edsticas do produto<\/h2>\n<ul>\n<li><strong>Design de calota esf\u00e9rica azul:<\/strong> A tampa esf\u00e9rica com texto em azul brilhante chama a aten\u00e7\u00e3o e adiciona um toque art\u00edstico \u00e0 garrafa.<\/li>\n<li><strong>Corpo de vidro curvo:<\/strong> As linhas curvas da garrafa, juntamente com a textura decorativa localizada no centro, contribuem para a ader\u00eancia e conferem profundidade ao design minimalista.<\/li>\n<li><strong>Material transparente:<\/strong> O material de vidro transparente permite visualizar claramente a quantidade de fragr\u00e2ncia restante, al\u00e9m de evidenciar a transpar\u00eancia e a eleg\u00e2ncia do material.<\/li>\n<\/ul>\n<h2 style=\"text-align: left;\">Especifica\u00e7\u00f5es principais<\/h2>\n<table class=\"aligncenter\" style=\"border-collapse: collapse; width: 408.02pt;\" border=\"0\" width=\"544\" cellspacing=\"0\" cellpadding=\"0\">\n<tbody>\n<tr style=\"height: 13.50pt;\">\n<td style=\"height: 13.50pt; width: 84.00pt;\" width=\"112\" height=\"18\">Especifica\u00e7\u00e3o<\/td>\n<td style=\"width: 324.00pt;\" width=\"432\">Detalhes<\/td>\n<\/tr>\n<tr style=\"height: 13.50pt;\">\n<td style=\"height: 13.50pt;\" height=\"18\">Capacidade<\/td>\n<td>90ml (Aproximadamente 3 oz)<\/td>\n<\/tr>\n<tr style=\"height: 13.50pt;\">\n<td style=\"height: 13.50pt;\" height=\"18\">Dimens\u00f5es<\/td>\n<td>60\u00d795mm<\/td>\n<\/tr>\n<tr style=\"height: 13.50pt;\">\n<td style=\"height: 13.50pt;\" height=\"18\">Material<\/td>\n<td>Corpo em vidro transparente; Tampa em pl\u00e1stico\/metal<\/td>\n<\/tr>\n<tr style=\"height: 13.50pt;\">\n<td style=\"height: 13.50pt;\" height=\"18\">Detalhes em cores<\/td>\n<td>Vidro transparente; tampa esf\u00e9rica azul brilhante<\/td>\n<\/tr>\n<tr style=\"height: 13.50pt;\">\n<td style=\"height: 13.50pt;\" height=\"18\">Tipo de fechamento<\/td>\n<td>Tampa de rosca esf\u00e9rica azul brilhante; dispensador integrado (para fragr\u00e2ncia)<\/td>\n<\/tr>\n<tr style=\"height: 13.50pt;\">\n<td style=\"height: 13.50pt;\" height=\"18\">Ideal para<\/td>\n<td>Frascos de perfume por atacado, frascos de perfume com tampas<\/td>\n<\/tr>\n<\/tbody>\n<\/table>\n<h2>Hist\u00f3ria de sucesso<\/h2>\n<p>Uma das marcas de estilo de vida californianas mais populares lan\u00e7ou uma linha de fragr\u00e2ncias com o tema oceano. Eles decidiram usar nosso frasco de perfume de 90 ml como principal item da embalagem, modificando o frasco fosco em verde-\u00e1gua com tampa texturizada em coral. Sua generosa capacidade de 90 ml e o toque sofisticado aumentaram o custo em 40% em rela\u00e7\u00e3o \u00e0 gera\u00e7\u00e3o anterior. O design diferenciado da tampa resultou em um aumento de 300% nas men\u00e7\u00f5es no Instagram. O desempenho de vendas e o feedback dos clientes foram t\u00e3o positivos que a marca ficou extremamente satisfeita e encomendou um novo lote de 175.000 frascos como produto sazonal.<\/p>\n<h2>Op\u00e7\u00f5es de personaliza\u00e7\u00e3o de frascos de perfume no atacado<\/h2>\n<ul>\n<li>Cores e acabamentos de vidro personalizados \u2013 Podem ser usados \u200b\u200bem uma variedade de cores de vidro (\u00e2mbar, cinza fum\u00ea), brilhantes ou lisos.<\/li>\n<li>Cores e texturas da tampa - Escolha a cor, o acabamento (brilhante, fosco) e a textura da tampa esf\u00e9rica.<\/li>\n<li>Grava\u00e7\u00e3o a laser em vidro \u2013 Recorte de c\u00edrculos de folhas ou desenhos geom\u00e9tricos acima ou abaixo das marca\u00e7\u00f5es no centro da garrafa.<\/li>\n<li>Anel decorativo de metal \u2013 coloque um anel fino de metal (por exemplo, ouro, prata) entre o gargalo da garrafa e a tampa.<\/li>\n<\/ul>","protected":false},"excerpt":{"rendered":"<p>Esses frascos de perfume para revenda apresentam um estilo luxuoso e discreto. Um frasco de 90 ml com arma\u00e7\u00e3o de vidro texturizado e tampa esf\u00e9rica azul. Dispon\u00edvel para envio imediato.<\/p>","protected":false},"featured_media":4171,"template":"","meta":{"postBodyCss":"","postBodyMargin":[],"postBodyPadding":[],"postBodyBackground":{"backgroundType":"classic","gradient":""}},"product_brand":[],"product_cat":[15,16,62],"product_tag":[],"class_list":{"0":"post-4170","1":"product","2":"type-product","3":"status-publish","4":"has-post-thumbnail","6":"product_cat-glass-containers","7":"product_cat-glass-bottles","8":"product_cat-perfume-bottles","10":"first","11":"instock","12":"shipping-taxable","13":"product-type-simple"},"jetpack_sharing_enabled":true,"_links":{"self":[{"href":"https:\/\/minghanggroup.com\/pt\/wp-json\/wp\/v2\/product\/4170","targetHints":{"allow":["GET"]}}],"collection":[{"href":"https:\/\/minghanggroup.com\/pt\/wp-json\/wp\/v2\/product"}],"about":[{"href":"https:\/\/minghanggroup.com\/pt\/wp-json\/wp\/v2\/types\/product"}],"wp:featuredmedia":[{"embeddable":true,"href":"https:\/\/minghanggroup.com\/pt\/wp-json\/wp\/v2\/media\/4171"}],"wp:attachment":[{"href":"https:\/\/minghanggroup.com\/pt\/wp-json\/wp\/v2\/media?parent=4170"}],"wp:term":[{"taxonomy":"product_brand","embeddable":true,"href":"https:\/\/minghanggroup.com\/pt\/wp-json\/wp\/v2\/product_brand?post=4170"},{"taxonomy":"product_cat","embeddable":true,"href":"https:\/\/minghanggroup.com\/pt\/wp-json\/wp\/v2\/product_cat?post=4170"},{"taxonomy":"product_tag","embeddable":true,"href":"https:\/\/minghanggroup.com\/pt\/wp-json\/wp\/v2\/product_tag?post=4170"}],"curies":[{"name":"wp","href":"https:\/\/api.w.org\/{rel}","templated":true}]}}