{"id":4161,"date":"2025-12-29T15:27:49","date_gmt":"2025-12-29T07:27:49","guid":{"rendered":"https:\/\/minghanggroup.com\/?post_type=product&#038;p=4161"},"modified":"2025-12-29T15:46:31","modified_gmt":"2025-12-29T07:46:31","slug":"empty-crystal-perfume-bottles-with-lids-bulk","status":"publish","type":"product","link":"https:\/\/minghanggroup.com\/pt\/produto\/empty-crystal-perfume-bottles-with-lids-bulk\/","title":{"rendered":"Frascos de perfume de cristal vazios de 55ml com tampas (em grande quantidade)"},"content":{"rendered":"<p>Esses frascos de perfume vazios s\u00e3o feitos de vidro cil\u00edndrico liso e transparente (com base est\u00e1vel). Cada frasco possui uma tampa lapidada em formato de diamante, e um frasco aberto proporciona uma exibi\u00e7\u00e3o perfeita do seu perfume.<\/p>\n<h2>Caracter\u00edsticas do produto<\/h2>\n<ul>\n<li><strong>Tampa com corte de cristal:<\/strong> A tampa lapidada em cristal com sua textura diamantada ir\u00e1 exalar o aroma do perfume, al\u00e9m de conferir ao frasco um toque brilhante.<\/li>\n<li><strong>Anel de ouro:<\/strong> O anel de metal dourado que une a tampa \u00e0 garrafa confere riqueza visual e um toque de eleg\u00e2ncia sofisticada a todo o design.<\/li>\n<li><strong>Design com base espessa:<\/strong> A base mais espessa torna o copo mais est\u00e1vel e tamb\u00e9m melhora a sua textura.<\/li>\n<\/ul>\n<h2 style=\"text-align: left;\">Especifica\u00e7\u00f5es principais<\/h2>\n<table class=\"aligncenter\" style=\"border-collapse: collapse; width: 411.02pt;\" border=\"0\" width=\"548\" cellspacing=\"0\" cellpadding=\"0\">\n<tbody>\n<tr style=\"height: 13.50pt;\">\n<td style=\"height: 13.50pt; width: 87.00pt;\" width=\"116\" height=\"18\">Especifica\u00e7\u00e3o<\/td>\n<td style=\"width: 324.00pt;\" width=\"432\">Detalhes<\/td>\n<\/tr>\n<tr style=\"height: 13.50pt;\">\n<td style=\"height: 13.50pt;\" height=\"18\">Capacidade<\/td>\n<td>55ml<\/td>\n<\/tr>\n<tr style=\"height: 13.50pt;\">\n<td style=\"height: 13.50pt;\" height=\"18\">Dimens\u00f5es<\/td>\n<td>40\u00d7102mm<\/td>\n<\/tr>\n<tr style=\"height: 13.50pt;\">\n<td style=\"height: 13.50pt;\" height=\"18\">Material<\/td>\n<td>Corpo em vidro transparente; componentes com pintura eletrost\u00e1tica met\u00e1lica.<\/td>\n<\/tr>\n<tr style=\"height: 13.50pt;\">\n<td style=\"height: 13.50pt;\" height=\"18\">Formato de garrafa<\/td>\n<td>Cilindro com base ponderada<\/td>\n<\/tr>\n<tr style=\"height: 13.50pt;\">\n<td style=\"height: 13.50pt;\" height=\"18\">Detalhes em cores<\/td>\n<td>Vidro transparente; detalhes em dourado met\u00e1lico.<\/td>\n<\/tr>\n<tr style=\"height: 13.50pt;\">\n<td style=\"height: 13.50pt;\" height=\"18\">Tipo de fechamento<\/td>\n<td>Tampa com corte de diamante e anel dourado; bomba de pulveriza\u00e7\u00e3o integrada<\/td>\n<\/tr>\n<tr style=\"height: 13.50pt;\">\n<td style=\"height: 13.50pt;\" height=\"18\">Ideal para<\/td>\n<td>Frascos de perfume de luxo, frascos de perfume de cristal<\/td>\n<\/tr>\n<\/tbody>\n<\/table>\n<h2>Caso de Sucesso: Programa Exclusivo de Recarga de uma Oficina de Perfumes Europeia<\/h2>\n<p>Nossos frascos de perfume de cristal de 55ml foram selecionados para serem o frasco exclusivo de uma prestigiada perfumaria parisiense, onde o corpo \u00e9 personalizado em vidro azul e o anel decorativo \u00e9 feito de ouro 24 quilates. A base ponderada foi um enorme sucesso, e 90% dos clientes, em suas avalia\u00e7\u00f5es, mencionaram sua chamada qualidade de legado. A tampa com corte de diamante foi outro detalhe que se tornou muito popular, e o n\u00famero de fotos do frasco sob luz natural nas redes sociais aumentou 400% em compara\u00e7\u00e3o com o per\u00edodo anterior ao evento. Assim, a perfumaria encomendou mais 150.000 frascos para ampliar a utiliza\u00e7\u00e3o da ideia.<\/p>\n<h2>Personaliza\u00e7\u00e3o de Frascos de Perfume de Cristal<\/h2>\n<ul>\n<li>Cores de Vidro Personalizadas \u2013 Oferecemos uma variedade de cores de vidro de alta qualidade, incluindo esmeralda, ametista ou champanhe.<\/li>\n<li>Cores das tampas de cristal \u2013 As tampas podem ser lapidadas com acr\u00edlico cristalino colorido (safira, quartzo rosa, etc.).<\/li>\n<li>Acabamento do anel de metal \u2013 Os acabamentos personalizados para an\u00e9is de metal s\u00e3o ouro rosa, platina ou prata antiga.<\/li>\n<li>Grava\u00e7\u00e3o a laser em vidro \u2013 Um padr\u00e3o complexo, monograma ou emblema pode ser gravado na borda do vidro.<\/li>\n<\/ul>","protected":false},"excerpt":{"rendered":"<p>Frasco de perfume vazio em vidro transparente com design inspirado em frascos de cristal, ideal para fragr\u00e2ncias premium. Desconto para compras em grande quantidade.<\/p>","protected":false},"featured_media":4164,"template":"","meta":{"postBodyCss":"","postBodyMargin":[],"postBodyPadding":[],"postBodyBackground":{"backgroundType":"classic","gradient":""}},"product_brand":[],"product_cat":[15,16,62],"product_tag":[],"class_list":{"0":"post-4161","1":"product","2":"type-product","3":"status-publish","4":"has-post-thumbnail","6":"product_cat-glass-containers","7":"product_cat-glass-bottles","8":"product_cat-perfume-bottles","10":"first","11":"instock","12":"shipping-taxable","13":"product-type-simple"},"jetpack_sharing_enabled":true,"_links":{"self":[{"href":"https:\/\/minghanggroup.com\/pt\/wp-json\/wp\/v2\/product\/4161","targetHints":{"allow":["GET"]}}],"collection":[{"href":"https:\/\/minghanggroup.com\/pt\/wp-json\/wp\/v2\/product"}],"about":[{"href":"https:\/\/minghanggroup.com\/pt\/wp-json\/wp\/v2\/types\/product"}],"wp:featuredmedia":[{"embeddable":true,"href":"https:\/\/minghanggroup.com\/pt\/wp-json\/wp\/v2\/media\/4164"}],"wp:attachment":[{"href":"https:\/\/minghanggroup.com\/pt\/wp-json\/wp\/v2\/media?parent=4161"}],"wp:term":[{"taxonomy":"product_brand","embeddable":true,"href":"https:\/\/minghanggroup.com\/pt\/wp-json\/wp\/v2\/product_brand?post=4161"},{"taxonomy":"product_cat","embeddable":true,"href":"https:\/\/minghanggroup.com\/pt\/wp-json\/wp\/v2\/product_cat?post=4161"},{"taxonomy":"product_tag","embeddable":true,"href":"https:\/\/minghanggroup.com\/pt\/wp-json\/wp\/v2\/product_tag?post=4161"}],"curies":[{"name":"wp","href":"https:\/\/api.w.org\/{rel}","templated":true}]}}