{"id":4156,"date":"2025-12-29T15:35:10","date_gmt":"2025-12-29T07:35:10","guid":{"rendered":"https:\/\/minghanggroup.com\/?post_type=product&#038;p=4156"},"modified":"2025-12-29T17:27:14","modified_gmt":"2025-12-29T09:27:14","slug":"little-perfume-bottles-with-spray-lids-bulk","status":"publish","type":"product","link":"https:\/\/minghanggroup.com\/pt\/produto\/little-perfume-bottles-with-spray-lids-bulk\/","title":{"rendered":"Frascos de perfume pequenos de 10ml, 20ml e 30ml com tampa spray (em grande quantidade)"},"content":{"rendered":"<p>Seus frasquinhos de perfume devem fazer os clientes pararem e admirarem. Criamos frascos de col\u00f4nia premium de 30ml, projetados para o sucesso da embalagem de fragr\u00e2ncias \u2014 onde cada frasquinho de perfume se torna a assinatura da sua marca.<\/p>\n<h2>Caracter\u00edsticas do produto<\/h2>\n<ul>\n<li><strong>Acabamento padr\u00e3o do bra\u00e7o:<\/strong> Um formato padr\u00e3o de gargalo de garrafa permite a adapta\u00e7\u00e3o a diferentes bicos de pulveriza\u00e7\u00e3o e tipos de tampas, o que significa que as marcas podem combinar livremente v\u00e1rios acess\u00f3rios para criar diferentes op\u00e7\u00f5es de personaliza\u00e7\u00e3o.<\/li>\n<li><strong>Superf\u00edcie de vidro lisa:<\/strong> Uma superf\u00edcie de vidro lisa e refinada \u00e9 perfeita para qualquer tipo de acabamento, como serigrafia, estampagem a quente e rotulagem, sendo capaz, assim, de satisfazer os requisitos de design personalizado das marcas.<\/li>\n<li><strong>Design compacto e de tamanho reduzido:<\/strong> Um design compacto e que economiza espa\u00e7o \u00e9 de grande ajuda para o transporte, armazenamento e exposi\u00e7\u00e3o no ponto de venda, sendo, portanto, especialmente adequado para a linha de fragr\u00e2ncias, incluindo amostras e produtos em tamanho de viagem.<\/li>\n<\/ul>\n<h2>Especifica\u00e7\u00f5es principais<\/h2>\n<table style=\"border-collapse: collapse; width: 80%; margin-left: auto; margin-right: auto;\" border=\"0\" width=\"144\" cellspacing=\"0\" cellpadding=\"0\">\n<tbody>\n<tr style=\"height: 13.50pt;\">\n<td style=\"height: 13.5pt; width: 54pt; text-align: center;\" width=\"72\" height=\"18\">Capacidade<\/td>\n<td style=\"width: 54pt; text-align: center;\" width=\"72\">10ml \/ 20ml \/ 30ml<\/td>\n<\/tr>\n<tr style=\"height: 13.50pt;\">\n<td style=\"height: 13.5pt; text-align: center;\" height=\"18\">Forma<\/td>\n<td style=\"text-align: center;\">Cil\u00edndrico<\/td>\n<\/tr>\n<tr style=\"height: 13.50pt;\">\n<td style=\"height: 13.5pt; text-align: center;\" height=\"18\">Veda\u00e7\u00e3o<\/td>\n<td style=\"text-align: center;\">gargalo rosqueado + bico de pulveriza\u00e7\u00e3o<\/td>\n<\/tr>\n<tr style=\"height: 13.50pt;\">\n<td style=\"height: 13.5pt; text-align: center;\" height=\"18\">Material<\/td>\n<td style=\"text-align: center;\">Copo de cristal, tampa de metal<\/td>\n<\/tr>\n<tr style=\"height: 13.50pt;\">\n<td style=\"height: 13.5pt; text-align: center;\" height=\"18\">Op\u00e7\u00f5es de cores<\/td>\n<td style=\"text-align: center;\">Personaliz\u00e1vel<\/td>\n<\/tr>\n<\/tbody>\n<\/table>\n<h2>Caso de sucesso<\/h2>\n<p>Uma marca de fragr\u00e2ncias iniciante havia desenvolvido v\u00e1rios perfumes exclusivos, mas sua embalagem original carecia de impacto visual e n\u00e3o se destacava. A marca ent\u00e3o passou a utilizar nossos frascos de vidro de 10ml, 20ml e 30ml, que apresentam um logotipo em relevo personalizado, refor\u00e7ando a identidade da marca. A cor do frasco foi alterada para azul royal para enfatizar o tema da nova linha de perfumes.<\/p>\n<p>Em dois meses, as vendas da linha de tamanho viagem aumentaram 27%. E a marca agora faz pedidos regulares em grande quantidade, estendendo o mesmo design de frasco para o lan\u00e7amento da nova fragr\u00e2ncia.<\/p>\n<h2>Suas op\u00e7\u00f5es de personaliza\u00e7\u00e3o<\/h2>\n<ol>\n<li><strong>Combina\u00e7\u00e3o de cores de chap\u00e9u:<\/strong> Escolha um chap\u00e9u dourado ou prateado que combine com a paleta de cores da sua marca.<\/li>\n<li><strong>Personaliza\u00e7\u00e3o de etiquetas: <\/strong>Adicione seu logotipo \u00e0 garrafa cil\u00edndrica de vidro para reconhecimento instant\u00e2neo da marca.<\/li>\n<li><strong>Compatibilidade de \u00f3leos essenciais:<\/strong> O sistema de rosca no gargalo funciona perfeitamente para \u00f3leos de fragr\u00e2ncia concentrados.<\/li>\n<li><strong>Decora\u00e7\u00e3o Premium: <\/strong>Adicione um relevo discreto \u00e0 garrafa de vidro para um toque de luxo adicional.<\/li>\n<\/ol>","protected":false},"excerpt":{"rendered":"<p>Esses frascos de col\u00f4nia de 30ml apresentam um design elegante, enquanto os frascos menores s\u00e3o ideais para viagens. Direto da f\u00e1brica, amostras gr\u00e1tis, encomendas personalizadas dispon\u00edveis.<\/p>","protected":false},"featured_media":4169,"template":"","meta":{"postBodyCss":"","postBodyMargin":[],"postBodyPadding":[],"postBodyBackground":{"backgroundType":"classic","gradient":""}},"product_brand":[],"product_cat":[15,16,62],"product_tag":[],"class_list":{"0":"post-4156","1":"product","2":"type-product","3":"status-publish","4":"has-post-thumbnail","6":"product_cat-glass-containers","7":"product_cat-glass-bottles","8":"product_cat-perfume-bottles","10":"first","11":"instock","12":"shipping-taxable","13":"product-type-simple"},"jetpack_sharing_enabled":true,"_links":{"self":[{"href":"https:\/\/minghanggroup.com\/pt\/wp-json\/wp\/v2\/product\/4156","targetHints":{"allow":["GET"]}}],"collection":[{"href":"https:\/\/minghanggroup.com\/pt\/wp-json\/wp\/v2\/product"}],"about":[{"href":"https:\/\/minghanggroup.com\/pt\/wp-json\/wp\/v2\/types\/product"}],"wp:featuredmedia":[{"embeddable":true,"href":"https:\/\/minghanggroup.com\/pt\/wp-json\/wp\/v2\/media\/4169"}],"wp:attachment":[{"href":"https:\/\/minghanggroup.com\/pt\/wp-json\/wp\/v2\/media?parent=4156"}],"wp:term":[{"taxonomy":"product_brand","embeddable":true,"href":"https:\/\/minghanggroup.com\/pt\/wp-json\/wp\/v2\/product_brand?post=4156"},{"taxonomy":"product_cat","embeddable":true,"href":"https:\/\/minghanggroup.com\/pt\/wp-json\/wp\/v2\/product_cat?post=4156"},{"taxonomy":"product_tag","embeddable":true,"href":"https:\/\/minghanggroup.com\/pt\/wp-json\/wp\/v2\/product_tag?post=4156"}],"curies":[{"name":"wp","href":"https:\/\/api.w.org\/{rel}","templated":true}]}}