{"id":4151,"date":"2025-12-29T13:34:00","date_gmt":"2025-12-29T05:34:00","guid":{"rendered":"https:\/\/minghanggroup.com\/?post_type=product&#038;p=4151"},"modified":"2025-12-29T14:55:53","modified_gmt":"2025-12-29T06:55:53","slug":"clear-cylindrical-custom-fragrance-bottles-bulk","status":"publish","type":"product","link":"https:\/\/minghanggroup.com\/pt\/produto\/clear-cylindrical-custom-fragrance-bottles-bulk\/","title":{"rendered":"Frascos cil\u00edndricos transparentes para fragr\u00e2ncias personalizadas, de 15 ml, 20 ml e 30 ml (em grandes quantidades)"},"content":{"rendered":"<p>Esses frascos de perfume personalizados v\u00eam em um formato cil\u00edndrico estreito de vidro transparente. A tampa quadrada minimalista, tamb\u00e9m transparente, com um elegante bico prateado, completa o visual. Este frasco de perfume de 30ml \u00e9 uma combina\u00e7\u00e3o perfeita de minimalismo moderno e eleg\u00e2ncia discreta.<\/p>\n<h2>Caracter\u00edsticas do produto<\/h2>\n<ul>\n<li><strong>Garrafa cil\u00edndrica transparente:<\/strong> O formato fino ajuda a economizar espa\u00e7o, \u00e9 elegante e oferece bastante espa\u00e7o para exibir sua marca.<\/li>\n<li><strong>Tampa transparente com bico met\u00e1lico:<\/strong> A tampa quadrada transparente, combinada com um bico de metal prateado, confere um toque de sofistica\u00e7\u00e3o mec\u00e2nica.<\/li>\n<li><strong>Tr\u00eas tamanhos:<\/strong> Estar\u00e3o dispon\u00edveis embalagens de 15ml, 20ml e 30ml para atender \u00e0s necessidades de tamanhos de amostra, tamanhos de viagem e produtos em tamanho normal.<\/li>\n<\/ul>\n<h2 style=\"text-align: left;\">Especifica\u00e7\u00f5es principais<\/h2>\n<table class=\"aligncenter\" style=\"border-collapse: collapse; width: 490.52pt;\" border=\"0\" width=\"654\" cellspacing=\"0\" cellpadding=\"0\">\n<tbody>\n<tr style=\"height: 13.50pt;\">\n<td style=\"height: 13.50pt; width: 132.00pt;\" width=\"176\" height=\"18\">Especifica\u00e7\u00e3o<\/td>\n<td style=\"width: 358.50pt;\" width=\"478\">Detalhes<\/td>\n<\/tr>\n<tr style=\"height: 13.50pt;\">\n<td style=\"height: 13.50pt;\" height=\"18\">Dimens\u00f5es<\/td>\n<td>15 ml: 25 \u00d7 84 mm; 20 ml: 29 \u00d7 67 mm; 30 ml: 33 \u00d7 98 mm<\/td>\n<\/tr>\n<tr style=\"height: 13.50pt;\">\n<td style=\"height: 13.50pt;\" height=\"18\">Material<\/td>\n<td>Corpo em vidro transparente, tampa em pl\u00e1stico transparente, componentes de pulveriza\u00e7\u00e3o em metal.<\/td>\n<\/tr>\n<tr style=\"height: 13.50pt;\">\n<td style=\"height: 13.50pt;\" height=\"18\">Formato de garrafa<\/td>\n<td>Cilindro<\/td>\n<\/tr>\n<tr style=\"height: 13.50pt;\">\n<td style=\"height: 13.50pt;\" height=\"18\">Detalhes em cores<\/td>\n<td>Vidro transparente com detalhes em prata met\u00e1lica.<\/td>\n<\/tr>\n<tr style=\"height: 13.50pt;\">\n<td style=\"height: 13.50pt;\" height=\"18\">Recurso de Artesanato<\/td>\n<td>Vidro de alta transpar\u00eancia, mecanismo de pulveriza\u00e7\u00e3o \u00e0 prova de vazamentos<\/td>\n<\/tr>\n<tr style=\"height: 13.50pt;\">\n<td style=\"height: 13.50pt;\" height=\"18\">Ideal para<\/td>\n<td>Frascos de fragr\u00e2ncias personalizados, frascos de perfume<\/td>\n<\/tr>\n<\/tbody>\n<\/table>\n<h2>Uma hist\u00f3ria de sucesso: o frasco de perfume t\u00edpico de uma marca minimalista n\u00f3rdica.<\/h2>\n<p>Uma das marcas n\u00f3rdicas de estilo de vida mais populares, com design minimalista, escolheu nosso frasco de perfume de 30ml como modelo padr\u00e3o, modificando o corpo em vidro fosco e o bico em preto fosco. A transpar\u00eancia \u00e9 um dos valores da marca, o que se alinha perfeitamente com o design transparente. Uma pesquisa realizada pela empresa revelou um aumento de 45% na confian\u00e7a na qualidade do produto. Nossos bicos dosadores \u00e0 prova de vazamentos apresentam uma taxa de sucesso de 99,8% em envios internacionais. Impressionado com a consist\u00eancia do produto e seu desempenho no mercado, nosso cliente fez um novo pedido de 200.000 frascos.<\/p>\n<h2>Frascos de fragr\u00e2ncia individuais<\/h2>\n<ul>\n<li>Cor ou tonalidade do vidro personalizada \u2013 Dispon\u00edvel em vidro \u00e2mbar, cinza fum\u00ea ou azul claro.<\/li>\n<li>Tampas de prote\u00e7\u00e3o personalizadas em cores \u2013 Eles oferecer\u00e3o tampas quadradas transparentes em acr\u00edlico colorido nas cores preto, branco, cinza e outras.<\/li>\n<li>Acabamento em spray met\u00e1lico \u2013 Selecione dourado, ouro rosa, preto ou cromado como substituto para o acabamento da cabe\u00e7a da bomba.<\/li>\n<li>Serigrafia em vidro \u2013 Este \u00e9 um processo que permite imprimir um logotipo, desenho ou texto na superf\u00edcie do vidro.<\/li>\n<\/ul>","protected":false},"excerpt":{"rendered":"<p>Frascos de perfume personalizados, frasco de 30ml em vidro transparente com spray prateado. Fornecimento direto da f\u00e1brica garante qualidade est\u00e1vel e pre\u00e7os competitivos.<\/p>","protected":false},"featured_media":4159,"template":"","meta":{"postBodyCss":"","postBodyMargin":[],"postBodyPadding":[],"postBodyBackground":{"backgroundType":"classic","gradient":""}},"product_brand":[],"product_cat":[15,16,62],"product_tag":[],"class_list":{"0":"post-4151","1":"product","2":"type-product","3":"status-publish","4":"has-post-thumbnail","6":"product_cat-glass-containers","7":"product_cat-glass-bottles","8":"product_cat-perfume-bottles","10":"first","11":"instock","12":"shipping-taxable","13":"product-type-simple"},"jetpack_sharing_enabled":true,"_links":{"self":[{"href":"https:\/\/minghanggroup.com\/pt\/wp-json\/wp\/v2\/product\/4151","targetHints":{"allow":["GET"]}}],"collection":[{"href":"https:\/\/minghanggroup.com\/pt\/wp-json\/wp\/v2\/product"}],"about":[{"href":"https:\/\/minghanggroup.com\/pt\/wp-json\/wp\/v2\/types\/product"}],"wp:featuredmedia":[{"embeddable":true,"href":"https:\/\/minghanggroup.com\/pt\/wp-json\/wp\/v2\/media\/4159"}],"wp:attachment":[{"href":"https:\/\/minghanggroup.com\/pt\/wp-json\/wp\/v2\/media?parent=4151"}],"wp:term":[{"taxonomy":"product_brand","embeddable":true,"href":"https:\/\/minghanggroup.com\/pt\/wp-json\/wp\/v2\/product_brand?post=4151"},{"taxonomy":"product_cat","embeddable":true,"href":"https:\/\/minghanggroup.com\/pt\/wp-json\/wp\/v2\/product_cat?post=4151"},{"taxonomy":"product_tag","embeddable":true,"href":"https:\/\/minghanggroup.com\/pt\/wp-json\/wp\/v2\/product_tag?post=4151"}],"curies":[{"name":"wp","href":"https:\/\/api.w.org\/{rel}","templated":true}]}}