{"id":4150,"date":"2025-12-29T14:03:26","date_gmt":"2025-12-29T06:03:26","guid":{"rendered":"https:\/\/minghanggroup.com\/?post_type=product&#038;p=4150"},"modified":"2026-04-14T10:03:15","modified_gmt":"2026-04-14T02:03:15","slug":"50-ml-perfume-bottles-for-fragrance-packaging-wholesale","status":"publish","type":"product","link":"https:\/\/minghanggroup.com\/pt\/produto\/50-ml-perfume-bottles-for-fragrance-packaging-wholesale\/","title":{"rendered":"Frascos de perfume de 50ml para embalagens de fragr\u00e2ncias no atacado"},"content":{"rendered":"<p>Seu frasco de perfume de 50 ml deve fazer com que os clientes parem e olhem. Criamos frascos de fragr\u00e2ncia vazios premium, projetados para o sucesso da embalagem de perfumes \u2014 onde cada frasco de vidro se torna a assinatura da sua marca.<\/p>\n<h2>Caracter\u00edsticas do produto<\/h2>\n<ol>\n<li><strong>Formato cl\u00e1ssico de garrafa cil\u00edndrica: <\/strong>Suas linhas suaves e fluidas e propor\u00e7\u00f5es equilibradas combinam est\u00e9tica contempor\u00e2nea com adaptabilidade, permitindo seu uso em uma variedade de produtos de fragr\u00e2ncia, como perfumes e col\u00f4nias.<\/li>\n<li><strong>Bico e tampa de pulveriza\u00e7\u00e3o dourados:<\/strong> O bico de pulveriza\u00e7\u00e3o dourado possui uma superf\u00edcie lisa e brilhante, que eleva todo o design com eleg\u00e2ncia e luxo, tornando o produto mais atraente para o cliente no ponto de venda.<\/li>\n<li><strong>Sensa\u00e7\u00e3o suave e confort\u00e1vel:<\/strong> Ao ser segurado, encaixa-se perfeitamente na palma da m\u00e3o, aumentando a sensa\u00e7\u00e3o de conforto e seguran\u00e7a durante o uso di\u00e1rio.<\/li>\n<\/ol>\n<h2>Especifica\u00e7\u00f5es principais<\/h2>\n<table style=\"border-collapse: collapse; width: 80%; margin-left: auto; margin-right: auto;\" border=\"0\" width=\"432\" cellspacing=\"0\" cellpadding=\"0\">\n<tbody>\n<tr style=\"height: 13.50pt;\">\n<td style=\"height: 13.5pt; width: 54pt; text-align: center;\" width=\"72\" height=\"18\">Capacidade<\/td>\n<td style=\"width: 54pt; text-align: center;\" width=\"72\">Tamanho<\/td>\n<td style=\"width: 54pt; text-align: center;\" width=\"72\">Di\u00e2metro do pesco\u00e7o<\/td>\n<td style=\"width: 54pt; text-align: center;\" width=\"72\">Forma<\/td>\n<td style=\"width: 54pt; text-align: center;\" width=\"72\">Encerramento<\/td>\n<td style=\"width: 54pt; text-align: center;\" width=\"72\">Op\u00e7\u00f5es de cores<\/td>\n<\/tr>\n<tr style=\"height: 13.50pt;\">\n<td style=\"height: 13.5pt; text-align: center;\" height=\"18\">50ml \/ 1,7oz<\/td>\n<td style=\"text-align: center;\">43 x 96 mm<\/td>\n<td style=\"text-align: center;\">15 mm<\/td>\n<td style=\"text-align: center;\">Cil\u00edndrico com ombro inclinado<\/td>\n<td style=\"text-align: center;\">Tubo de imers\u00e3o com tampa de press\u00e3o<\/td>\n<td style=\"text-align: center;\">Personaliz\u00e1vel<\/td>\n<\/tr>\n<\/tbody>\n<\/table>\n<h2>Caso de sucesso<\/h2>\n<p>Uma marca de perfumes de nicho adaptou os frascos de vidro vazios para refletir melhor seu posicionamento de luxo, optando por uma base mais espessa, uma bomba spray de alum\u00ednio dourado e uma impress\u00e3o de logotipo personalizada. Tr\u00eas meses ap\u00f3s o lan\u00e7amento da nova embalagem, a marca registrou um aumento de 30% nas vendas, com um crescimento de 40% nas recompras online. Isso resultou em um segundo pedido com o dobro do volume inicial.<\/p>\n<h2>Suas op\u00e7\u00f5es de personaliza\u00e7\u00e3o<\/h2>\n<ul>\n<li><strong>Combina\u00e7\u00e3o de cores:<\/strong> Selecione cores de vidro que estejam em harmonia com a paleta de cores da sua marca para criar embalagens de perfume perfeitas.<\/li>\n<li><strong>Bocal de pulveriza\u00e7\u00e3o:<\/strong> Alterne entre um atomizador de n\u00e9voa fina e um de bomba padr\u00e3o para variar as texturas da fragr\u00e2ncia.<\/li>\n<li><strong>Estilos de bon\u00e9:<\/strong> Incorpore tampas met\u00e1licas ou elementos decorativos para real\u00e7ar o visual dos seus acabamentos.<\/li>\n<li><strong>Posicionamento da etiqueta:<\/strong> Crie etiquetas exclusivas que se ajustem perfeitamente \u00e0 curvatura da al\u00e7a.<\/li>\n<\/ul>","protected":false},"excerpt":{"rendered":"<p>Descubra os frascos de perfume de 50 ml para embalagens personalizadas. Esses frascos vazios para fragr\u00e2ncias permitem personaliza\u00e7\u00e3o em grande escala e envio de amostras gr\u00e1tis, com entrega r\u00e1pida.<\/p>","protected":false},"featured_media":4155,"template":"","meta":{"postBodyCss":"","postBodyMargin":[],"postBodyPadding":[],"postBodyBackground":{"backgroundType":"classic","gradient":""}},"product_brand":[],"product_cat":[15,16,62],"product_tag":[111],"class_list":{"0":"post-4150","1":"product","2":"type-product","3":"status-publish","4":"has-post-thumbnail","6":"product_cat-glass-containers","7":"product_cat-glass-bottles","8":"product_cat-perfume-bottles","9":"product_tag-glass-mist-bottles","11":"first","12":"instock","13":"shipping-taxable","14":"product-type-simple"},"jetpack_sharing_enabled":true,"_links":{"self":[{"href":"https:\/\/minghanggroup.com\/pt\/wp-json\/wp\/v2\/product\/4150","targetHints":{"allow":["GET"]}}],"collection":[{"href":"https:\/\/minghanggroup.com\/pt\/wp-json\/wp\/v2\/product"}],"about":[{"href":"https:\/\/minghanggroup.com\/pt\/wp-json\/wp\/v2\/types\/product"}],"wp:featuredmedia":[{"embeddable":true,"href":"https:\/\/minghanggroup.com\/pt\/wp-json\/wp\/v2\/media\/4155"}],"wp:attachment":[{"href":"https:\/\/minghanggroup.com\/pt\/wp-json\/wp\/v2\/media?parent=4150"}],"wp:term":[{"taxonomy":"product_brand","embeddable":true,"href":"https:\/\/minghanggroup.com\/pt\/wp-json\/wp\/v2\/product_brand?post=4150"},{"taxonomy":"product_cat","embeddable":true,"href":"https:\/\/minghanggroup.com\/pt\/wp-json\/wp\/v2\/product_cat?post=4150"},{"taxonomy":"product_tag","embeddable":true,"href":"https:\/\/minghanggroup.com\/pt\/wp-json\/wp\/v2\/product_tag?post=4150"}],"curies":[{"name":"wp","href":"https:\/\/api.w.org\/{rel}","templated":true}]}}