{"id":4145,"date":"2025-12-29T11:24:44","date_gmt":"2025-12-29T03:24:44","guid":{"rendered":"https:\/\/minghanggroup.com\/?post_type=product&#038;p=4145"},"modified":"2025-12-29T13:33:41","modified_gmt":"2025-12-29T05:33:41","slug":"square-engraved-perfume-bottles-with-black-lids-bulk","status":"publish","type":"product","link":"https:\/\/minghanggroup.com\/pt\/produto\/square-engraved-perfume-bottles-with-black-lids-bulk\/","title":{"rendered":"Frascos de perfume quadrados gravados de 100ml com tampas pretas (em grande quantidade)"},"content":{"rendered":"<p>Esses frascos de perfume gravados, feitos de vidro quadrado transparente com um design sofisticado em corte de diamante 3D, combinados com uma tampa cil\u00edndrica preta fosca, formam um contraste incr\u00edvel entre o modernismo e o frasco de perfume tradicional.<\/p>\n<h2>Caracter\u00edsticas do produto<\/h2>\n<ul>\n<li><strong>Textura de corte 3D:<\/strong> A garrafa ter\u00e1 uma textura diamantada que adicionar\u00e1 profundidade visual, al\u00e9m de melhorar a ader\u00eancia e evitar que ela escorregue.<\/li>\n<li><strong>Esquema de cores cl\u00e1ssico em preto e branco:<\/strong> A simplicidade do vidro transparente em combina\u00e7\u00e3o com a tampa preta pura resulta em um visual simples, por\u00e9m elegante, que pode ser utilizado em todos os tipos de penteadeiras ou espa\u00e7os de exposi\u00e7\u00e3o.<\/li>\n<li><strong>Quadrado simples:<\/strong> O design da garrafa facilita o armazenamento e a exposi\u00e7\u00e3o, al\u00e9m de ser compat\u00edvel com o design minimalista moderno.<\/li>\n<\/ul>\n<h2 style=\"text-align: left;\">Especifica\u00e7\u00f5es principais<\/h2>\n<table class=\"aligncenter\" style=\"border-collapse: collapse; width: 409.52pt;\" border=\"0\" width=\"546\" cellspacing=\"0\" cellpadding=\"0\">\n<tbody>\n<tr style=\"height: 13.50pt;\">\n<td style=\"height: 13.50pt; width: 129.00pt;\" width=\"172\" height=\"18\">Especifica\u00e7\u00e3o<\/td>\n<td style=\"width: 280.50pt;\" width=\"374\">Detalhes<\/td>\n<\/tr>\n<tr style=\"height: 13.50pt;\">\n<td style=\"height: 13.50pt;\" height=\"18\">Capacidade<\/td>\n<td>100ml<\/td>\n<\/tr>\n<tr style=\"height: 13.50pt;\">\n<td style=\"height: 13.50pt;\" height=\"18\">Dimens\u00f5es<\/td>\n<td>55,5\u00d736,5\u00d7102mm<\/td>\n<\/tr>\n<tr style=\"height: 13.50pt;\">\n<td style=\"height: 13.50pt;\" height=\"18\">Material<\/td>\n<td>Vidro transparente, tampa de pl\u00e1stico\/metal<\/td>\n<\/tr>\n<tr style=\"height: 13.50pt;\">\n<td style=\"height: 13.50pt;\" height=\"18\">Formato de garrafa<\/td>\n<td>Quadrado com facetas diagonais<\/td>\n<\/tr>\n<tr style=\"height: 13.50pt;\">\n<td style=\"height: 13.50pt;\" height=\"18\">Cor<\/td>\n<td>Corpo em vidro transparente, tampa cil\u00edndrica preta<\/td>\n<\/tr>\n<tr style=\"height: 13.50pt;\">\n<td style=\"height: 13.50pt;\" height=\"18\">Recurso de Artesanato<\/td>\n<td>Grava\u00e7\u00e3o profunda em 3D com corte diagonal de diamante<\/td>\n<\/tr>\n<tr style=\"height: 13.50pt;\">\n<td style=\"height: 13.50pt;\" height=\"18\">Ideal para<\/td>\n<td>Frascos de perfume gravados, frascos de perfume a granel<\/td>\n<\/tr>\n<\/tbody>\n<\/table>\n<h2>Caso de sucesso: Frasco de perfume de luxo de uma marca de fragr\u00e2ncias modernas.<\/h2>\n<p>Uma das marcas de fragr\u00e2ncias em ascens\u00e3o escolheu nosso frasco de perfume esculpido de 100ml como embalagem para seus produtos. A grava\u00e7\u00e3o profunda com corte diamantado, al\u00e9m de apresentar formas esteticamente agrad\u00e1veis, oferece uma ader\u00eancia antiderrapante de alto n\u00edvel que, segundo depoimentos de clientes, reduz quedas acidentais em quase 40%. Sua apar\u00eancia sofisticada justifica um pre\u00e7o 60% superior \u00e0 m\u00e9dia do mercado. A textura diferenciada do frasco garantiu alto reconhecimento e gerou um aumento de 300% nas men\u00e7\u00f5es org\u00e2nicas nas redes sociais. Posteriormente, a marca encomendou mais 200.000 frascos para distribui\u00e7\u00e3o global.<\/p>\n<h2>Sugest\u00f5es de personaliza\u00e7\u00e3o para frascos de perfume em grandes quantidades<\/h2>\n<ul>\n<li>Padr\u00f5es para grava\u00e7\u00e3o personalizados \u2013 Crie um design exclusivo, geom\u00e9trico, floral ou abstrato, que n\u00e3o seja um padr\u00e3o convencional quando lido por meio de um corte em diamante.<\/li>\n<li>Vitrais: Garrafas de vidro colorido com gravuras (cinza fum\u00ea, \u00e2mbar) s\u00e3o o estilo de embalagem oferecido.<\/li>\n<li>Cor e acabamento personalizados da tampa: selecione a cor da tampa que combine com as cores da marca ou opte por acabamentos fosco, brilhante ou met\u00e1lico.<\/li>\n<li>Logotipo gravado a laser: O logotipo da marca no padr\u00e3o gravado \u00e9 marcado a laser com extrema precis\u00e3o.<\/li>\n<\/ul>","protected":false},"excerpt":{"rendered":"<p>Esses frascos de perfume gravados apresentam um design quadrado elegante. Fornecemos frascos de perfume em grandes quantidades com op\u00e7\u00f5es de logotipo personalizado para atender \u00e0 sua marca. Amostras gr\u00e1tis.<\/p>","protected":false},"featured_media":4146,"template":"","meta":{"postBodyCss":"","postBodyMargin":[],"postBodyPadding":[],"postBodyBackground":{"backgroundType":"classic","gradient":""}},"product_brand":[],"product_cat":[15,16,62],"product_tag":[],"class_list":{"0":"post-4145","1":"product","2":"type-product","3":"status-publish","4":"has-post-thumbnail","6":"product_cat-glass-containers","7":"product_cat-glass-bottles","8":"product_cat-perfume-bottles","10":"first","11":"instock","12":"shipping-taxable","13":"product-type-simple"},"jetpack_sharing_enabled":true,"_links":{"self":[{"href":"https:\/\/minghanggroup.com\/pt\/wp-json\/wp\/v2\/product\/4145","targetHints":{"allow":["GET"]}}],"collection":[{"href":"https:\/\/minghanggroup.com\/pt\/wp-json\/wp\/v2\/product"}],"about":[{"href":"https:\/\/minghanggroup.com\/pt\/wp-json\/wp\/v2\/types\/product"}],"wp:featuredmedia":[{"embeddable":true,"href":"https:\/\/minghanggroup.com\/pt\/wp-json\/wp\/v2\/media\/4146"}],"wp:attachment":[{"href":"https:\/\/minghanggroup.com\/pt\/wp-json\/wp\/v2\/media?parent=4145"}],"wp:term":[{"taxonomy":"product_brand","embeddable":true,"href":"https:\/\/minghanggroup.com\/pt\/wp-json\/wp\/v2\/product_brand?post=4145"},{"taxonomy":"product_cat","embeddable":true,"href":"https:\/\/minghanggroup.com\/pt\/wp-json\/wp\/v2\/product_cat?post=4145"},{"taxonomy":"product_tag","embeddable":true,"href":"https:\/\/minghanggroup.com\/pt\/wp-json\/wp\/v2\/product_tag?post=4145"}],"curies":[{"name":"wp","href":"https:\/\/api.w.org\/{rel}","templated":true}]}}