{"id":4140,"date":"2025-12-29T11:22:36","date_gmt":"2025-12-29T03:22:36","guid":{"rendered":"https:\/\/minghanggroup.com\/?post_type=product&#038;p=4140"},"modified":"2026-04-14T10:08:31","modified_gmt":"2026-04-14T02:08:31","slug":"100ml-tall-glass-perfume-bottles-for-fragrance-packaging-bulk","status":"publish","type":"product","link":"https:\/\/minghanggroup.com\/pt\/produto\/100ml-tall-glass-perfume-bottles-for-fragrance-packaging-bulk\/","title":{"rendered":"Frascos de vidro altos de 100ml para perfumes, ideais para embalagens de fragr\u00e2ncias a granel."},"content":{"rendered":"<p>Sua fragr\u00e2ncia merece uma embalagem que transmita qualidade \u00e0 primeira vista. Criamos frascos de vidro premium para perfumes, projetados para o sucesso da embalagem de fragr\u00e2ncias \u2014 onde cada frasco de vidro se torna a assinatura da sua marca.<\/p>\n<h2>Caracter\u00edsticas do produto<\/h2>\n<ol>\n<li><strong>Design alto e elegante:<\/strong> Os frascos de vidro para perfumes t\u00eam um design cil\u00edndrico esguio e alto, com ombros lisos e suaves, transmitindo uma forte sensa\u00e7\u00e3o de modernidade e chamando a aten\u00e7\u00e3o facilmente na prateleira.<\/li>\n<li><strong>Clareza cristalina:<\/strong> Nossos frascos de vidro para perfumes s\u00e3o a vitrine perfeita para sua fragr\u00e2ncia, criados com a mais pura ess\u00eancia de uma est\u00e9tica moderna que chama a aten\u00e7\u00e3o.<\/li>\n<li><strong>Sistema de pulveriza\u00e7\u00e3o vers\u00e1til:<\/strong> O pulverizador integrado emite uma n\u00e9voa fina para uma aplica\u00e7\u00e3o uniforme, sendo a melhor op\u00e7\u00e3o para uma linha de perfumes personalizados.<\/li>\n<\/ol>\n<h2>Especifica\u00e7\u00f5es principais<\/h2>\n<table style=\"border-collapse: collapse; width: 80%; margin-left: auto; margin-right: auto;\" border=\"0\" width=\"432\" cellspacing=\"0\" cellpadding=\"0\">\n<tbody>\n<tr style=\"height: 13.50pt;\">\n<td style=\"height: 13.5pt; width: 54pt; text-align: center;\" width=\"72\" height=\"18\">Capacidade<\/td>\n<td style=\"width: 54pt; text-align: center;\" width=\"72\">Tamanho<\/td>\n<td style=\"width: 54pt; text-align: center;\" width=\"72\">Di\u00e2metro do pesco\u00e7o<\/td>\n<td style=\"width: 54pt; text-align: center;\" width=\"72\">Forma<\/td>\n<td style=\"width: 54pt; text-align: center;\" width=\"72\">Tipo de fechamento<\/td>\n<td style=\"width: 54pt; text-align: center;\" width=\"72\">Op\u00e7\u00f5es de cores<\/td>\n<\/tr>\n<tr style=\"height: 13.50pt;\">\n<td style=\"height: 13.5pt; text-align: center;\" height=\"18\">100ml<\/td>\n<td style=\"text-align: center;\">40 x 129 mm<\/td>\n<td style=\"text-align: center;\">15 mm<\/td>\n<td style=\"text-align: center;\">Cil\u00edndrico<\/td>\n<td style=\"text-align: center;\">Gargalo de crimpagem + pulverizador<\/td>\n<td style=\"text-align: center;\">Personaliz\u00e1vel<\/td>\n<\/tr>\n<\/tbody>\n<\/table>\n<h2>Caso de sucesso<\/h2>\n<p>Uma nova marca de fragr\u00e2ncias escolheu este frasco cil\u00edndrico de vidro para perfume como embalagem padr\u00e3o de sua linha de fragr\u00e2ncias para uso di\u00e1rio. O frasco transparente e as linhas minimalistas real\u00e7am a qualidade da fragr\u00e2ncia e a tornam facilmente reconhec\u00edvel. Como resultado do sucesso do produto nos canais de e-commerce e compras personalizadas, as vendas do primeiro trimestre superaram as expectativas em cerca de 28%, sendo que mais de 35% delas foram referentes a recompras.<\/p>\n<h2>Seu caminho de personaliza\u00e7\u00e3o<\/h2>\n<p>Esses frascos de vidro para perfumes s\u00e3o projetados para serem ajustados em termos de capacidade e propor\u00e7\u00f5es de forma flex\u00edvel, de acordo com o posicionamento da marca. Dessa forma, atendem \u00e0s necessidades de diferentes tipos de fragr\u00e2ncias ou especifica\u00e7\u00f5es de canais de distribui\u00e7\u00e3o. Para aprimorar a textura, o frasco de vidro pode ser fabricado em material branco de alta transpar\u00eancia ou receber um leve tratamento de atomiza\u00e7\u00e3o. O bocal do frasco pode ser adaptado a diversos sistemas de spray, compat\u00edveis com solu\u00e7\u00f5es de pulveriza\u00e7\u00e3o regular ou atomiza\u00e7\u00e3o fina, melhorando a experi\u00eancia do usu\u00e1rio. Em rela\u00e7\u00e3o \u00e0 apar\u00eancia, o frasco oferece op\u00e7\u00f5es como serigrafia, hot stamping, rotulagem ou pintura parcial, contribuindo para o reconhecimento da marca. A tampa tamb\u00e9m pode ser personalizada em diferentes cores ou combina\u00e7\u00f5es de materiais, adequando a embalagem \u00e0s demandas do mercado de perfumes de luxo, nicho ou de mercado de massa.<\/p>","protected":false},"excerpt":{"rendered":"<p>Frasco de perfume de vidro premium direto da f\u00e1brica. Esses frascos de fragr\u00e2ncia em vidro atendem a pedidos em grande quantidade, amostras gr\u00e1tis e entrega global para marcas.<\/p>","protected":false},"featured_media":4144,"template":"","meta":{"postBodyCss":"","postBodyMargin":[],"postBodyPadding":[],"postBodyBackground":{"backgroundType":"classic","gradient":""}},"product_brand":[],"product_cat":[15,16,62],"product_tag":[111],"class_list":{"0":"post-4140","1":"product","2":"type-product","3":"status-publish","4":"has-post-thumbnail","6":"product_cat-glass-containers","7":"product_cat-glass-bottles","8":"product_cat-perfume-bottles","9":"product_tag-glass-mist-bottles","11":"first","12":"instock","13":"shipping-taxable","14":"product-type-simple"},"jetpack_sharing_enabled":true,"_links":{"self":[{"href":"https:\/\/minghanggroup.com\/pt\/wp-json\/wp\/v2\/product\/4140","targetHints":{"allow":["GET"]}}],"collection":[{"href":"https:\/\/minghanggroup.com\/pt\/wp-json\/wp\/v2\/product"}],"about":[{"href":"https:\/\/minghanggroup.com\/pt\/wp-json\/wp\/v2\/types\/product"}],"wp:featuredmedia":[{"embeddable":true,"href":"https:\/\/minghanggroup.com\/pt\/wp-json\/wp\/v2\/media\/4144"}],"wp:attachment":[{"href":"https:\/\/minghanggroup.com\/pt\/wp-json\/wp\/v2\/media?parent=4140"}],"wp:term":[{"taxonomy":"product_brand","embeddable":true,"href":"https:\/\/minghanggroup.com\/pt\/wp-json\/wp\/v2\/product_brand?post=4140"},{"taxonomy":"product_cat","embeddable":true,"href":"https:\/\/minghanggroup.com\/pt\/wp-json\/wp\/v2\/product_cat?post=4140"},{"taxonomy":"product_tag","embeddable":true,"href":"https:\/\/minghanggroup.com\/pt\/wp-json\/wp\/v2\/product_tag?post=4140"}],"curies":[{"name":"wp","href":"https:\/\/api.w.org\/{rel}","templated":true}]}}