{"id":4134,"date":"2025-12-29T10:07:40","date_gmt":"2025-12-29T02:07:40","guid":{"rendered":"https:\/\/minghanggroup.com\/?post_type=product&#038;p=4134"},"modified":"2025-12-29T17:27:51","modified_gmt":"2025-12-29T09:27:51","slug":"fancy-custom-cologne-bottles-with-gold-lids-bulk","status":"publish","type":"product","link":"https:\/\/minghanggroup.com\/pt\/produto\/fancy-custom-cologne-bottles-with-gold-lids-bulk\/","title":{"rendered":"Frascos de col\u00f4nia personalizados de luxo de 50ml e 100ml com tampas douradas (em grande quantidade)"},"content":{"rendered":"<p>Voc\u00ea precisa de uma embalagem que transmita luxo \u00e0 sua fragr\u00e2ncia desde o primeiro olhar. Criamos frascos de col\u00f4nia personalizados, projetados para o sucesso da embalagem de fragr\u00e2ncias \u2014 onde cada frasco de perfume sofisticado se torna a assinatura da sua marca.<\/p>\n<h2>Caracter\u00edsticas do produto<\/h2>\n<ul>\n<li><strong>Material de vidro de alta transpar\u00eancia:<\/strong>Nossos frascos de perfume sofisticados em cristal s\u00e3o o meio perfeito para que um perfume mostre sua cor original e, portanto, podem ser considerados um apelo visual instant\u00e2neo.<\/li>\n<li><strong>Silhueta arredondada e elegante:<\/strong>As linhas suaves e fluidas dos nossos sofisticados frascos de perfume conferem uma eleg\u00e2ncia moderna que se destaca em qualquer prateleira.<\/li>\n<li><strong>Design de base est\u00e1vel:<\/strong>A base espessa do frasco de perfume de vidro permite que ele seja exibido n\u00e3o apenas em exposi\u00e7\u00f5es de frascos de perfume de vidro, mas tamb\u00e9m no uso di\u00e1rio.<\/li>\n<li><strong>Op\u00e7\u00f5es de tampas decorativas:<\/strong>Ao escolher tampas met\u00e1licas com detalhes coloridos, voc\u00ea adiciona aquele toque final de estilo sofisticado.<\/li>\n<\/ul>\n<h2>Especifica\u00e7\u00f5es principais<\/h2>\n<table style=\"border-collapse: collapse; width: 80%; margin-left: auto; margin-right: auto;\" border=\"0\" width=\"360\" cellspacing=\"0\" cellpadding=\"0\">\n<tbody>\n<tr style=\"height: 13.50pt;\">\n<td style=\"height: 13.5pt; width: 54pt; text-align: center;\" width=\"72\" height=\"18\">Capacidade (ml)<\/td>\n<td style=\"width: 54pt; text-align: center;\" width=\"72\">Tamanho (mm)<\/td>\n<td style=\"width: 54pt; text-align: center;\" width=\"72\">Di\u00e2metro do pesco\u00e7o<\/td>\n<td style=\"width: 54pt; text-align: center;\" width=\"72\">M\u00e9todo de veda\u00e7\u00e3o<\/td>\n<td style=\"width: 54pt; text-align: center;\" width=\"72\">Op\u00e7\u00e3o de cor<\/td>\n<\/tr>\n<tr style=\"height: 13.50pt;\">\n<td style=\"height: 13.5pt; text-align: center;\" height=\"18\">50<\/td>\n<td style=\"text-align: center;\">43 x 77<\/td>\n<td class=\"et2\" style=\"text-align: center;\" rowspan=\"2\">15 mm<\/td>\n<td class=\"et2\" style=\"text-align: center;\" rowspan=\"2\">Gargalo de encaixe por press\u00e3o + atomizador<\/td>\n<td class=\"et2\" style=\"text-align: center;\" rowspan=\"2\">Personaliz\u00e1vel<\/td>\n<\/tr>\n<tr style=\"height: 13.50pt;\">\n<td style=\"height: 13.5pt; text-align: center;\" height=\"18\">100<\/td>\n<td style=\"text-align: center;\">52 x 93<\/td>\n<\/tr>\n<\/tbody>\n<\/table>\n<h2>Caso de sucesso dos frascos de perfume sofisticados<\/h2>\n<p>Uma marca de fragr\u00e2ncias que visa canais de compra internacionais, incluindo e-commerce e boutiques, selecionou este frasco de perfume como embalagem principal para sua linha de luxo. A qualidade visual geral da apresenta\u00e7\u00e3o foi significativamente aprimorada pelo ajuste das propor\u00e7\u00f5es do frasco e pelo uso de uma tampa met\u00e1lica de alto brilho.<\/p>\n<p>As taxas de convers\u00e3o aumentaram significativamente durante as principais atividades promocionais da plataforma ap\u00f3s o lan\u00e7amento do produto, e as vendas da s\u00e9rie cresceram cerca de 28% em rela\u00e7\u00e3o ao ano anterior, em um per\u00edodo de tr\u00eas meses.<\/p>\n<h2>Seu caminho de personaliza\u00e7\u00e3o<\/h2>\n<p>Criar um momento especial \u00e9 ainda melhor do que vender uma fragr\u00e2ncia. Cores de tampa exclusivas ou padr\u00f5es decorativos que ressoem com a hist\u00f3ria da sua marca podem realmente ajudar a personalizar seus frascos de col\u00f4nia. \u00d3leos essenciais ou sua linha de perfumes personalizados se beneficiar\u00e3o do sistema de press\u00e3o, gargalo ajust\u00e1vel e atomizador, que proporciona uma n\u00e9voa fina. Voc\u00ea pode escolher entre nossos tamanhos de frascos de vidro para atender \u00e0s suas necessidades de embalagem de perfume e tamb\u00e9m desfrutar do envio \u00e1gil de pedidos no atacado. Fa\u00e7a com que cada frasco seja um presente luxuoso, transformando seus frascos de perfume sofisticados em um presente premium com o acabamento met\u00e1lico na tampa.<\/p>","protected":false},"excerpt":{"rendered":"<p>Frascos de col\u00f4nia personalizados, direto da f\u00e1brica. Esses frascos de perfume sofisticados garantem entrega global confi\u00e1vel para personaliza\u00e7\u00e3o da marca. Amostra gr\u00e1tis.<\/p>","protected":false},"featured_media":4137,"template":"","meta":{"postBodyCss":"","postBodyMargin":[],"postBodyPadding":[],"postBodyBackground":{"backgroundType":"classic","gradient":""}},"product_brand":[],"product_cat":[15,16,62],"product_tag":[],"class_list":{"0":"post-4134","1":"product","2":"type-product","3":"status-publish","4":"has-post-thumbnail","6":"product_cat-glass-containers","7":"product_cat-glass-bottles","8":"product_cat-perfume-bottles","10":"first","11":"instock","12":"shipping-taxable","13":"product-type-simple"},"jetpack_sharing_enabled":true,"_links":{"self":[{"href":"https:\/\/minghanggroup.com\/pt\/wp-json\/wp\/v2\/product\/4134","targetHints":{"allow":["GET"]}}],"collection":[{"href":"https:\/\/minghanggroup.com\/pt\/wp-json\/wp\/v2\/product"}],"about":[{"href":"https:\/\/minghanggroup.com\/pt\/wp-json\/wp\/v2\/types\/product"}],"wp:featuredmedia":[{"embeddable":true,"href":"https:\/\/minghanggroup.com\/pt\/wp-json\/wp\/v2\/media\/4137"}],"wp:attachment":[{"href":"https:\/\/minghanggroup.com\/pt\/wp-json\/wp\/v2\/media?parent=4134"}],"wp:term":[{"taxonomy":"product_brand","embeddable":true,"href":"https:\/\/minghanggroup.com\/pt\/wp-json\/wp\/v2\/product_brand?post=4134"},{"taxonomy":"product_cat","embeddable":true,"href":"https:\/\/minghanggroup.com\/pt\/wp-json\/wp\/v2\/product_cat?post=4134"},{"taxonomy":"product_tag","embeddable":true,"href":"https:\/\/minghanggroup.com\/pt\/wp-json\/wp\/v2\/product_tag?post=4134"}],"curies":[{"name":"wp","href":"https:\/\/api.w.org\/{rel}","templated":true}]}}