{"id":4122,"date":"2025-12-26T15:30:44","date_gmt":"2025-12-26T07:30:44","guid":{"rendered":"https:\/\/minghanggroup.com\/?post_type=product&#038;p=4122"},"modified":"2025-12-26T16:12:42","modified_gmt":"2025-12-26T08:12:42","slug":"square-small-perfume-roller-bottles-bulk","status":"publish","type":"product","link":"https:\/\/minghanggroup.com\/pt\/produto\/square-small-perfume-roller-bottles-bulk\/","title":{"rendered":"Frascos roll-on quadrados pequenos de 10ml para perfume (em grande quantidade)"},"content":{"rendered":"<p>Este pequeno frasco de perfume tem um corpo quadrado minimalista feito de vidro e um design roll-on convencional, sendo, portanto, um excelente frasco para perfumes. Al\u00e9m disso, \u00e9 muito pr\u00e1tico e f\u00e1cil de transportar devido ao seu tamanho reduzido e ao material resistente de que \u00e9 feito.<\/p>\n<h2>Caracter\u00edsticas do produto<\/h2>\n<ul>\n<li><strong>Design de caneta rollerball aplic\u00e1vel:<\/strong> O design com esfera na parte superior permite uma aplica\u00e7\u00e3o simples e f\u00e1cil do perfume, al\u00e9m de facilitar o controle da quantidade liberada.<\/li>\n<li><strong>Garrafa quadrada de vidro transparente:<\/strong> O design elegante e moderno tem um contorno preciso, e o corpo de vidro transparente permite visualizar claramente a quantidade de perfume restante.<\/li>\n<li><strong>Tamanho port\u00e1til de 10 ml:<\/strong> \u00c9 pequeno e cabe facilmente numa carteira ou bolso, podendo ser usado mesmo em viagens, evitando vazamentos com efic\u00e1cia.<\/li>\n<\/ul>\n<h2 style=\"text-align: left;\">Especifica\u00e7\u00f5es principais<\/h2>\n<table class=\"aligncenter\" style=\"border-collapse: collapse; width: 382.52pt;\" border=\"0\" width=\"510\" cellspacing=\"0\" cellpadding=\"0\">\n<tbody>\n<tr style=\"height: 13.50pt;\">\n<td style=\"height: 13.50pt; width: 111.75pt;\" width=\"149\" height=\"18\">Especifica\u00e7\u00e3o<\/td>\n<td style=\"width: 270.75pt;\" width=\"361\">Detalhes<\/td>\n<\/tr>\n<tr style=\"height: 13.50pt;\">\n<td style=\"height: 13.50pt;\" height=\"18\">Capacidade<\/td>\n<td>10ml<\/td>\n<\/tr>\n<tr style=\"height: 13.50pt;\">\n<td style=\"height: 13.50pt;\" height=\"18\">Dimens\u00f5es (L x A)<\/td>\n<td>1,7\u00d711,2cm<\/td>\n<\/tr>\n<tr style=\"height: 13.50pt;\">\n<td style=\"height: 13.50pt;\" height=\"18\">Material<\/td>\n<td>Vidro transparente, tampa met\u00e1lica e esfera de rolamento<\/td>\n<\/tr>\n<tr style=\"height: 13.50pt;\">\n<td style=\"height: 13.50pt;\" height=\"18\">Formato de garrafa<\/td>\n<td>Prisma quadrado<\/td>\n<\/tr>\n<tr style=\"height: 13.50pt;\">\n<td style=\"height: 13.50pt;\" height=\"18\">Caracter\u00edstica do material<\/td>\n<td>Dur\u00e1vel, resistente a vazamentos, acabamento premium<\/td>\n<\/tr>\n<tr style=\"height: 13.50pt;\">\n<td style=\"height: 13.50pt;\" height=\"18\">Ideal para<\/td>\n<td>Frascos roll-on para perfume, frasco pequeno para perfume<\/td>\n<\/tr>\n<\/tbody>\n<\/table>\n<h2>Caso de Sucesso: Um Produto de Sucesso Absoluto de uma Marca de Aromaterapia<\/h2>\n<p>Nosso frasco de perfume de 10ml foi escolhido por uma marca de produtos de sa\u00fade e bem-estar, especializada em aromaterapia. O design preciso do aplicador roll-on garante uma aplica\u00e7\u00e3o perfeita e sem desperd\u00edcio. De acordo com o feedback dos clientes, a vida \u00fatil do produto aumentou em 30%. A veda\u00e7\u00e3o herm\u00e9tica garante uma taxa de sucesso de 99,9% no transporte, sem nenhuma reclama\u00e7\u00e3o por parte dos clientes. Com base no melhor desempenho e nas vendas do produto, o cliente fez um novo pedido de 120.000 frascos.<\/p>\n<h2>As op\u00e7\u00f5es de personaliza\u00e7\u00e3o dos frascos de perfume roll-on incluem:<\/h2>\n<ul>\n<li>Cor da tampa personalizada \u2013 Selecione a cor da tampa met\u00e1lica de acordo com a cor Pantene ou da sua marca preferida.<\/li>\n<li>Cor da garrafa \u2013 Elas v\u00eam em garrafas de vidro quadradas \u00e2mbar, azul cobalto ou verde, numa tentativa de proteg\u00ea-las da luz.<\/li>\n<li>Serigrafia em vidro \u2013 Imprima seu logotipo ou design diretamente na garrafa de vidro.<\/li>\n<li>Superf\u00edcie de vidro fosco \u2013 Aplique o efeito fosco em toda a superf\u00edcie ou em parte dela para criar um aspecto luxuoso.<\/li>\n<\/ul>","protected":false},"excerpt":{"rendered":"<p>Descubra frascos roll-on de perfume de 10ml com design quadrado minimalista. Este pequeno frasco de perfume transparente \u00e9 elegante e perfeito para viagens. Solicite amostras gr\u00e1tis!<\/p>","protected":false},"featured_media":4126,"template":"","meta":{"postBodyCss":"","postBodyMargin":[],"postBodyPadding":[],"postBodyBackground":{"backgroundType":"classic","gradient":""}},"product_brand":[],"product_cat":[15,16,62],"product_tag":[],"class_list":{"0":"post-4122","1":"product","2":"type-product","3":"status-publish","4":"has-post-thumbnail","6":"product_cat-glass-containers","7":"product_cat-glass-bottles","8":"product_cat-perfume-bottles","10":"first","11":"instock","12":"shipping-taxable","13":"product-type-simple"},"jetpack_sharing_enabled":true,"_links":{"self":[{"href":"https:\/\/minghanggroup.com\/pt\/wp-json\/wp\/v2\/product\/4122","targetHints":{"allow":["GET"]}}],"collection":[{"href":"https:\/\/minghanggroup.com\/pt\/wp-json\/wp\/v2\/product"}],"about":[{"href":"https:\/\/minghanggroup.com\/pt\/wp-json\/wp\/v2\/types\/product"}],"wp:featuredmedia":[{"embeddable":true,"href":"https:\/\/minghanggroup.com\/pt\/wp-json\/wp\/v2\/media\/4126"}],"wp:attachment":[{"href":"https:\/\/minghanggroup.com\/pt\/wp-json\/wp\/v2\/media?parent=4122"}],"wp:term":[{"taxonomy":"product_brand","embeddable":true,"href":"https:\/\/minghanggroup.com\/pt\/wp-json\/wp\/v2\/product_brand?post=4122"},{"taxonomy":"product_cat","embeddable":true,"href":"https:\/\/minghanggroup.com\/pt\/wp-json\/wp\/v2\/product_cat?post=4122"},{"taxonomy":"product_tag","embeddable":true,"href":"https:\/\/minghanggroup.com\/pt\/wp-json\/wp\/v2\/product_tag?post=4122"}],"curies":[{"name":"wp","href":"https:\/\/api.w.org\/{rel}","templated":true}]}}