{"id":4121,"date":"2025-12-26T16:45:56","date_gmt":"2025-12-26T08:45:56","guid":{"rendered":"https:\/\/minghanggroup.com\/?post_type=product&#038;p=4121"},"modified":"2025-12-26T17:01:06","modified_gmt":"2025-12-26T09:01:06","slug":"custom-empty-cologne-bottles-with-wooden-lids-wholesale","status":"publish","type":"product","link":"https:\/\/minghanggroup.com\/pt\/produto\/custom-empty-cologne-bottles-with-wooden-lids-wholesale\/","title":{"rendered":"Frascos de col\u00f4nia vazios personalizados de 30ml, 50ml e 100ml com tampas de madeira - Atacado"},"content":{"rendered":"<p>Sua fragr\u00e2ncia merece uma embalagem t\u00e3o excepcional quanto o seu aroma. Criamos frascos de col\u00f4nia premium para venda no atacado, projetados para o sucesso da embalagem de fragr\u00e2ncias \u2014 onde cada frasco vazio se torna a assinatura da sua marca.<\/p>\n<h2>Caracter\u00edsticas do produto<\/h2>\n<ol>\n<li><strong>Design moderno e elegante:<\/strong> Os elementos minimalistas e modernos, juntamente com a tampa esf\u00e9rica de formato incomum dos nossos frascos de perfume de vidro transparente, criam um contraste visual belo e marcante.<\/li>\n<li><strong>Dur\u00e1vel e ecol\u00f3gico:<\/strong> Fabricado com vidro premium de longa dura\u00e7\u00e3o e madeira natural, este frasco de col\u00f4nia \u00e9 uma solu\u00e7\u00e3o de embalagem ecol\u00f3gica para a ind\u00fastria de fragr\u00e2ncias que n\u00e3o perde seu charme.<\/li>\n<li><strong>Tampa de garrafa com textura de madeira:<\/strong> A tampa de madeira confere um toque de classe e requinte ao produto, transmitindo uma sensa\u00e7\u00e3o natural e ecol\u00f3gica, al\u00e9m de ser a forma mais herm\u00e9tica e segura de manter o perfume fresco.<\/li>\n<\/ol>\n<h2>Especifica\u00e7\u00f5es principais<\/h2>\n<table style=\"border-collapse: collapse; width: 80%; margin-left: auto; margin-right: auto;\" border=\"0\" width=\"288\" cellspacing=\"0\" cellpadding=\"0\">\n<tbody>\n<tr style=\"height: 13.50pt;\">\n<td style=\"height: 13.5pt; width: 54pt; text-align: center;\" width=\"72\" height=\"18\">Capacidade (ml)<\/td>\n<td style=\"width: 54pt; text-align: center;\" width=\"72\">Tamanho (mm)<\/td>\n<td style=\"width: 54pt; text-align: center;\" width=\"72\">Di\u00e2metro do pesco\u00e7o<\/td>\n<td style=\"width: 54pt; text-align: center;\" width=\"72\">Op\u00e7\u00f5es de cores<\/td>\n<\/tr>\n<tr style=\"height: 13.50pt;\">\n<td style=\"height: 13.5pt; text-align: center;\" align=\"right\" height=\"18\">30<\/td>\n<td style=\"text-align: center;\">45 x 56<\/td>\n<td class=\"et2\" style=\"text-align: center;\" rowspan=\"3\">15 mm<\/td>\n<td class=\"et2\" style=\"text-align: center;\" rowspan=\"3\">Personalizado (somente vidro)<\/td>\n<\/tr>\n<tr style=\"height: 13.50pt;\">\n<td style=\"height: 13.5pt; text-align: center;\" align=\"right\" height=\"18\">50<\/td>\n<td style=\"text-align: center;\">51 x 72<\/td>\n<\/tr>\n<tr style=\"height: 13.50pt;\">\n<td style=\"height: 13.5pt; text-align: center;\" align=\"right\" height=\"18\">100<\/td>\n<td style=\"text-align: center;\">57 x 84<\/td>\n<\/tr>\n<\/tbody>\n<\/table>\n<h2>Caso de sucesso<\/h2>\n<p>Uma das marcas de perfumes mais renomadas decidiu usar este frasco de col\u00f4nia vazio de 50ml com tampa de madeira para sua nova linha de fragr\u00e2ncias. A marca queria expressar uma mistura de natureza e luxo, e os frascos de col\u00f4nia, juntamente com a bela tampa de madeira, foram a combina\u00e7\u00e3o ideal para essa ideia. O design minimalista do frasco e o uso de materiais de alta qualidade elevaram o produto a um novo patamar, tornando o principal diferencial da marca o seu cerne.<\/p>\n<p>Com o relan\u00e7amento da marca, o volume de vendas aumentou 22% e os consumidores elogiaram bastante a embalagem do produto e o uso de materiais ecol\u00f3gicos.<\/p>\n<h2>Dicas de personaliza\u00e7\u00e3o<\/h2>\n<p>Ao personalizar este frasco de perfume, considere diversas ideias de personaliza\u00e7\u00e3o exclusivas para refor\u00e7ar o reconhecimento da marca. Uma delas \u00e9 experimentar a adi\u00e7\u00e3o de texturas ou padr\u00f5es \u00fanicos \u00e0 embalagem, por exemplo, atrav\u00e9s de grava\u00e7\u00f5es ou relevos. Al\u00e9m de aprimorar a experi\u00eancia t\u00e1til, isso tamb\u00e9m torna o frasco mais criativo. Outra op\u00e7\u00e3o \u00e9 utilizar vidro colorido degrad\u00ea, um design que cria um efeito degrad\u00ea da base ao topo do frasco, proporcionando impacto visual e maior profundidade. Quanto \u00e0 tampa, voc\u00ea pode optar por um acabamento diferenciado, como fosco ou brilhante, que n\u00e3o s\u00f3 comunica a singularidade da marca, mas tamb\u00e9m contribui para refor\u00e7ar sua imagem de sustentabilidade, luxo e respeito ao meio ambiente. Para intensificar a sensa\u00e7\u00e3o de luxo, considere tamb\u00e9m incrusta\u00e7\u00f5es de metal ou aplica\u00e7\u00f5es de pedras preciosas.<\/p>","protected":false},"excerpt":{"rendered":"<p>Descubra frascos de col\u00f4nia vazios premium no atacado para suas necessidades de embalagem de fragr\u00e2ncias e oferecemos servi\u00e7os de personaliza\u00e7\u00e3o em grandes quantidades. Aguardamos seu contato.<\/p>","protected":false},"featured_media":4129,"template":"","meta":{"postBodyCss":"","postBodyMargin":[],"postBodyPadding":[],"postBodyBackground":{"backgroundType":"classic","gradient":""}},"product_brand":[],"product_cat":[15,16,62],"product_tag":[],"class_list":{"0":"post-4121","1":"product","2":"type-product","3":"status-publish","4":"has-post-thumbnail","6":"product_cat-glass-containers","7":"product_cat-glass-bottles","8":"product_cat-perfume-bottles","10":"first","11":"instock","12":"shipping-taxable","13":"product-type-simple"},"jetpack_sharing_enabled":true,"_links":{"self":[{"href":"https:\/\/minghanggroup.com\/pt\/wp-json\/wp\/v2\/product\/4121","targetHints":{"allow":["GET"]}}],"collection":[{"href":"https:\/\/minghanggroup.com\/pt\/wp-json\/wp\/v2\/product"}],"about":[{"href":"https:\/\/minghanggroup.com\/pt\/wp-json\/wp\/v2\/types\/product"}],"wp:featuredmedia":[{"embeddable":true,"href":"https:\/\/minghanggroup.com\/pt\/wp-json\/wp\/v2\/media\/4129"}],"wp:attachment":[{"href":"https:\/\/minghanggroup.com\/pt\/wp-json\/wp\/v2\/media?parent=4121"}],"wp:term":[{"taxonomy":"product_brand","embeddable":true,"href":"https:\/\/minghanggroup.com\/pt\/wp-json\/wp\/v2\/product_brand?post=4121"},{"taxonomy":"product_cat","embeddable":true,"href":"https:\/\/minghanggroup.com\/pt\/wp-json\/wp\/v2\/product_cat?post=4121"},{"taxonomy":"product_tag","embeddable":true,"href":"https:\/\/minghanggroup.com\/pt\/wp-json\/wp\/v2\/product_tag?post=4121"}],"curies":[{"name":"wp","href":"https:\/\/api.w.org\/{rel}","templated":true}]}}