{"id":4112,"date":"2025-12-26T14:23:16","date_gmt":"2025-12-26T06:23:16","guid":{"rendered":"https:\/\/minghanggroup.com\/?post_type=product&#038;p=4112"},"modified":"2025-12-26T15:30:50","modified_gmt":"2025-12-26T07:30:50","slug":"custom-10ml-small-vintage-perfume-bottles-bulk","status":"publish","type":"product","link":"https:\/\/minghanggroup.com\/pt\/produto\/custom-10ml-small-vintage-perfume-bottles-bulk\/","title":{"rendered":"Frascos de perfume vintage personalizados de 10ml em grande quantidade"},"content":{"rendered":"<p>Este frasco de perfume vintage apresenta um design geom\u00e9trico muito simples, com um corpo de vidro quadrado e de paredes retas. O bocal de metal \u00e9 banhado a ouro e possui um detalhe esf\u00e9rico na borla, que confere um toque de eleg\u00e2ncia e antiguidade \u00e0 pe\u00e7a.<\/p>\n<h2>Caracter\u00edsticas do produto<\/h2>\n<ul>\n<li><strong>Tamanho de viagem vintage de 10ml:<\/strong> O frasco reto de tamanho m\u00e9dio (10ml) \u00e9 ideal para amostras de luxo ou perfumes de viagem.<\/li>\n<li><strong>Pulverizador decorativo em formato de girino:<\/strong> A ador\u00e1vel guirlanda \u00e9 feita de uma malha colorida e o bico dourado imita o formato de um antigo frasco de perfume vintage, sendo n\u00e3o apenas bonita, mas tamb\u00e9m \u00fatil.<\/li>\n<li><strong>Garrafa de vidro quadrada:<\/strong> O formato geom\u00e9trico confere-lhe uma apar\u00eancia moderna e organizada, tornando-a um complemento espetacular para qualquer penteadeira.<\/li>\n<\/ul>\n<h2 style=\"text-align: left;\">Especifica\u00e7\u00f5es principais<\/h2>\n<table class=\"aligncenter\" style=\"border-collapse: collapse; width: 398.27pt;\" border=\"0\" width=\"531\" cellspacing=\"0\" cellpadding=\"0\">\n<tbody>\n<tr style=\"height: 13.50pt;\">\n<td style=\"height: 13.50pt; width: 111.75pt;\" width=\"149\" height=\"18\">Especifica\u00e7\u00e3o<\/td>\n<td style=\"width: 286.50pt;\" width=\"382\">Detalhes<\/td>\n<\/tr>\n<tr style=\"height: 13.50pt;\">\n<td style=\"height: 13.50pt;\" height=\"18\">Capacidade<\/td>\n<td>10ml<\/td>\n<\/tr>\n<tr style=\"height: 13.50pt;\">\n<td style=\"height: 13.50pt;\" height=\"18\">Dimens\u00f5es (L x A)<\/td>\n<td>1,7\u00d711,2cm<\/td>\n<\/tr>\n<tr style=\"height: 13.50pt;\">\n<td style=\"height: 13.50pt;\" height=\"18\">Material<\/td>\n<td>Vidro transparente, componentes met\u00e1licos<\/td>\n<\/tr>\n<tr style=\"height: 13.50pt;\">\n<td style=\"height: 13.50pt;\" height=\"18\">Formato de garrafa<\/td>\n<td>Prisma quadrado<\/td>\n<\/tr>\n<tr style=\"height: 13.50pt;\">\n<td style=\"height: 13.50pt;\" height=\"18\">Detalhes em cores<\/td>\n<td>Corpo em vidro transparente, pintura dourada.<\/td>\n<\/tr>\n<tr style=\"height: 13.50pt;\">\n<td style=\"height: 13.50pt;\" height=\"18\">Caracter\u00edstica do material<\/td>\n<td>Acabamento decorativo de alta qualidade<\/td>\n<\/tr>\n<tr style=\"height: 13.50pt;\">\n<td style=\"height: 13.50pt;\" height=\"18\">Ideal para<\/td>\n<td>Frascos de perfume vintage, frascos de perfume de luxo<\/td>\n<\/tr>\n<\/tbody>\n<\/table>\n<h2>Caso de sucesso: o lan\u00e7amento de um novo produto ic\u00f4nico em uma marca de luxo.<\/h2>\n<p>Uma nova marca de perfumes de luxo lan\u00e7ou tr\u00eas fragr\u00e2ncias exclusivas, comercializadas em frascos de 10ml com pingentes em diversas cores. O frasco quadrado com pingentes, que se tornou sua marca registrada, alcan\u00e7ou 90% do p\u00fablico-alvo em apenas seis meses. A apar\u00eancia sofisticada do frasco tamb\u00e9m contribuiu para o sucesso, com 30% dos clientes optando por presentear os perfumes. Diante desse enorme sucesso, a marca encomendou mais 250.000 frascos.<\/p>\n<h2>Personaliza\u00e7\u00e3o de frascos de perfume Vantage<\/h2>\n<ul>\n<li>Op\u00e7\u00f5es de cores do vidro \u2013 As garrafas de vidro quadradas est\u00e3o dispon\u00edveis em diferentes cores, como \u00e2mbar, cinza fum\u00ea ou rosa claro.<\/li>\n<li>Serigrafia em Vidro \u2013 Imprima um logotipo minimalista da marca, um gr\u00e1fico ou o nome do perfume diretamente no frasco de vidro.<\/li>\n<li>Revestimento personalizado por pulveriza\u00e7\u00e3o \u2013 Acabamento do bico de pulveriza\u00e7\u00e3o que remete aos demais elementos da marca (ex.: ouro rosa, n\u00edquel escovado).<\/li>\n<li>Pain\u00e9is de vidro fosco \u2013 Use uma decora\u00e7\u00e3o de vidro fosco em um ou ambos os lados da garrafa de vidro quadrada para dar um aspecto sofisticado.<\/li>\n<\/ul>","protected":false},"excerpt":{"rendered":"<p>Este frasco de perfume de 10ml combina design cl\u00e1ssico com funcionalidade moderna. Um frasco de perfume vintage refinado, ideal para sprays de viagem e amostras de fragr\u00e2ncias. Envio r\u00e1pido.<\/p>","protected":false},"featured_media":4118,"template":"","meta":{"postBodyCss":"","postBodyMargin":[],"postBodyPadding":[],"postBodyBackground":{"backgroundType":"classic","gradient":""}},"product_brand":[],"product_cat":[15,16,62],"product_tag":[],"class_list":{"0":"post-4112","1":"product","2":"type-product","3":"status-publish","4":"has-post-thumbnail","6":"product_cat-glass-containers","7":"product_cat-glass-bottles","8":"product_cat-perfume-bottles","10":"first","11":"instock","12":"shipping-taxable","13":"product-type-simple"},"jetpack_sharing_enabled":true,"_links":{"self":[{"href":"https:\/\/minghanggroup.com\/pt\/wp-json\/wp\/v2\/product\/4112","targetHints":{"allow":["GET"]}}],"collection":[{"href":"https:\/\/minghanggroup.com\/pt\/wp-json\/wp\/v2\/product"}],"about":[{"href":"https:\/\/minghanggroup.com\/pt\/wp-json\/wp\/v2\/types\/product"}],"wp:featuredmedia":[{"embeddable":true,"href":"https:\/\/minghanggroup.com\/pt\/wp-json\/wp\/v2\/media\/4118"}],"wp:attachment":[{"href":"https:\/\/minghanggroup.com\/pt\/wp-json\/wp\/v2\/media?parent=4112"}],"wp:term":[{"taxonomy":"product_brand","embeddable":true,"href":"https:\/\/minghanggroup.com\/pt\/wp-json\/wp\/v2\/product_brand?post=4112"},{"taxonomy":"product_cat","embeddable":true,"href":"https:\/\/minghanggroup.com\/pt\/wp-json\/wp\/v2\/product_cat?post=4112"},{"taxonomy":"product_tag","embeddable":true,"href":"https:\/\/minghanggroup.com\/pt\/wp-json\/wp\/v2\/product_tag?post=4112"}],"curies":[{"name":"wp","href":"https:\/\/api.w.org\/{rel}","templated":true}]}}