{"id":4111,"date":"2025-12-26T15:07:33","date_gmt":"2025-12-26T07:07:33","guid":{"rendered":"https:\/\/minghanggroup.com\/?post_type=product&#038;p=4111"},"modified":"2025-12-29T11:48:50","modified_gmt":"2025-12-29T03:48:50","slug":"custom-perfume-spray-bottles-with-metallic-lids-bulk","status":"publish","type":"product","link":"https:\/\/minghanggroup.com\/pt\/produto\/custom-perfume-spray-bottles-with-metallic-lids-bulk\/","title":{"rendered":"Frascos de perfume personalizados em spray, com tampas met\u00e1licas, nos tamanhos 30ml, 55ml e 100ml (em grande quantidade)."},"content":{"rendered":"<p>Sua fragr\u00e2ncia merece uma embalagem que a fa\u00e7a brilhar. Criamos frascos de perfume premium com spray, projetados para o sucesso da embalagem de fragr\u00e2ncias \u2014 onde cada frasco de 30 ml eleva a hist\u00f3ria do seu produto.<\/p>\n<h2>Caracter\u00edsticas do produto<\/h2>\n<ol>\n<li><strong>Eleg\u00e2ncia transparente: <\/strong>Com um visual contempor\u00e2neo, nosso frasco de perfume em cristal \u00e9 a maneira perfeita de exibir a cor real da sua fragr\u00e2ncia.<\/li>\n<li><strong>Excelente veda\u00e7\u00e3o, sem risco de vazamentos: <\/strong>Para garantir o melhor desempenho de veda\u00e7\u00e3o, o gargalo prensado \u00e9 estruturado de forma a proporcionar um acabamento de primeira qualidade.<\/li>\n<li><strong>Design de base est\u00e1vel: <\/strong>O design exclusivo da base do frasco de perfume proporciona grande estabilidade mesmo quando colocado sobre um piso ou mesa de vidro ou m\u00e1rmore.<\/li>\n<\/ol>\n<h2>Especifica\u00e7\u00f5es principais<\/h2>\n<table style=\"border-collapse: collapse; width: 80%; margin-left: auto; margin-right: auto;\" border=\"0\" width=\"360\" cellspacing=\"0\" cellpadding=\"0\">\n<tbody>\n<tr style=\"height: 13.50pt;\">\n<td style=\"height: 13.5pt; width: 54pt; text-align: center;\" width=\"72\" height=\"18\">Capacidade (ml)<\/td>\n<td style=\"width: 54pt; text-align: center;\" width=\"72\">Tamanho (mm)<\/td>\n<td style=\"width: 54pt; text-align: center;\" width=\"72\">Di\u00e2metro do pesco\u00e7o<\/td>\n<td style=\"width: 54pt; text-align: center;\" width=\"72\">Tipo de fechamento<\/td>\n<td style=\"width: 54pt; text-align: center;\" width=\"72\">Material<\/td>\n<\/tr>\n<tr style=\"height: 13.50pt;\">\n<td style=\"height: 13.5pt; text-align: center;\" align=\"right\" height=\"18\">30<\/td>\n<td style=\"text-align: center;\">45 x 76<\/td>\n<td class=\"et2\" style=\"text-align: center;\" rowspan=\"3\">15 mm<\/td>\n<td class=\"et2\" style=\"text-align: center;\" rowspan=\"3\">Gargalo de crimpagem + pulverizador<\/td>\n<td class=\"et2\" style=\"text-align: center;\" rowspan=\"3\">Vidro de cristal<\/td>\n<\/tr>\n<tr style=\"height: 13.50pt;\">\n<td style=\"height: 13.5pt; text-align: center;\" align=\"right\" height=\"18\">55<\/td>\n<td style=\"text-align: center;\">46 x 91,4<\/td>\n<\/tr>\n<tr style=\"height: 13.50pt;\">\n<td style=\"height: 13.5pt; text-align: center;\" align=\"right\" height=\"18\">100<\/td>\n<td style=\"text-align: center;\">45 x 126<\/td>\n<\/tr>\n<\/tbody>\n<\/table>\n<h2>Caso de sucesso<\/h2>\n<p>Uma empresa de perfumes de alta gama utilizou este frasco de 30 ml para apresentar sua nova linha de produtos. A marca desejava transmitir uma imagem luxuosa e sofisticada atrav\u00e9s do design simples, por\u00e9m contempor\u00e2neo, do frasco. O frasco transparente com spray permitiu que a bela cor do perfume fosse apreciada, e a tampa met\u00e1lica conferiu um toque de requinte, em conson\u00e2ncia com seu posicionamento de mercado premium.<\/p>\n<p>Ap\u00f3s o lan\u00e7amento da linha de perfumes, a empresa registrou um aumento de 20% nas vendas em tr\u00eas meses. Os clientes elogiaram o belo design do frasco e o mecanismo de spray de alta qualidade.<\/p>\n<h2>Dicas de personaliza\u00e7\u00e3o<\/h2>\n<p>O estilo da sua marca e as caracter\u00edsticas do seu produto determinar\u00e3o as diferentes op\u00e7\u00f5es dispon\u00edveis para a personaliza\u00e7\u00e3o de um frasco de perfume spray. Uma op\u00e7\u00e3o \u00e9 optar por um frasco de vidro transparente para real\u00e7ar a cor e a textura do perfume, tornando-o visualmente mais atraente. Para um toque de luxo, uma tampa met\u00e1lica personalizada pode ser escolhida em diversas cores, como prata, dourado ou escuro, conferindo um ar sofisticado ao frasco. Al\u00e9m disso, o bico spray pode ser adaptado para garantir uma aplica\u00e7\u00e3o uniforme e eficiente, economizando produto. O design do frasco tamb\u00e9m pode ser pensado de forma criativa, com formatos ou padr\u00f5es diferenciados para personalizar o produto e aumentar sua competitividade no mercado. Outra op\u00e7\u00e3o \u00e9 refor\u00e7ar o reconhecimento da marca com a inclus\u00e3o do logotipo ou r\u00f3tulos personalizados, transformando o frasco de perfume n\u00e3o apenas em um acess\u00f3rio, mas em um poderoso representante da sua marca.<\/p>","protected":false},"excerpt":{"rendered":"<p>Descubra frascos de perfume premium de 30ml. Oferecemos op\u00e7\u00f5es de frascos spray para perfumes que atendem \u00e0s suas necessidades de embalagens personalizadas para fragr\u00e2ncias. Vendas diretas da f\u00e1brica.<\/p>","protected":false},"featured_media":4120,"template":"","meta":{"postBodyCss":"","postBodyMargin":[],"postBodyPadding":[],"postBodyBackground":{"backgroundType":"classic","gradient":""}},"product_brand":[],"product_cat":[15,16,62],"product_tag":[],"class_list":{"0":"post-4111","1":"product","2":"type-product","3":"status-publish","4":"has-post-thumbnail","6":"product_cat-glass-containers","7":"product_cat-glass-bottles","8":"product_cat-perfume-bottles","10":"first","11":"instock","12":"shipping-taxable","13":"product-type-simple"},"jetpack_sharing_enabled":true,"_links":{"self":[{"href":"https:\/\/minghanggroup.com\/pt\/wp-json\/wp\/v2\/product\/4111","targetHints":{"allow":["GET"]}}],"collection":[{"href":"https:\/\/minghanggroup.com\/pt\/wp-json\/wp\/v2\/product"}],"about":[{"href":"https:\/\/minghanggroup.com\/pt\/wp-json\/wp\/v2\/types\/product"}],"wp:featuredmedia":[{"embeddable":true,"href":"https:\/\/minghanggroup.com\/pt\/wp-json\/wp\/v2\/media\/4120"}],"wp:attachment":[{"href":"https:\/\/minghanggroup.com\/pt\/wp-json\/wp\/v2\/media?parent=4111"}],"wp:term":[{"taxonomy":"product_brand","embeddable":true,"href":"https:\/\/minghanggroup.com\/pt\/wp-json\/wp\/v2\/product_brand?post=4111"},{"taxonomy":"product_cat","embeddable":true,"href":"https:\/\/minghanggroup.com\/pt\/wp-json\/wp\/v2\/product_cat?post=4111"},{"taxonomy":"product_tag","embeddable":true,"href":"https:\/\/minghanggroup.com\/pt\/wp-json\/wp\/v2\/product_tag?post=4111"}],"curies":[{"name":"wp","href":"https:\/\/api.w.org\/{rel}","templated":true}]}}