{"id":4106,"date":"2025-12-26T13:46:59","date_gmt":"2025-12-26T05:46:59","guid":{"rendered":"https:\/\/minghanggroup.com\/?post_type=product&#038;p=4106"},"modified":"2025-12-26T14:21:29","modified_gmt":"2025-12-26T06:21:29","slug":"small-gold-antique-perfume-bottles-bulk","status":"publish","type":"product","link":"https:\/\/minghanggroup.com\/pt\/produto\/small-gold-antique-perfume-bottles-bulk\/","title":{"rendered":"Frascos de perfume antigos dourados pequenos de 10ml (em atacado)"},"content":{"rendered":"<p><span class=\"inline cursor-pointer rounded\" data-state=\"closed\"><span class=\"rounded transition-colors hover:bg-yellow-200\/20\">Esses\u00a0<span class=\"text-[#00CEC8]\">antigo<\/span>\u00a0frascos de perfume s\u00e3o\u00a0<span class=\"text-[#00CEC8]\">feito de material transparente<\/span>\u00a0copo com\u00a0<span class=\"text-[#00CEC8]\">Corpos bonitos, redondos, em forma de ma\u00e7\u00e3.<\/span>\u00a0<\/span><\/span><span class=\"inline cursor-pointer rounded\" data-state=\"closed\"><span class=\"rounded transition-colors hover:bg-yellow-200\/20\"><span class=\"text-[#00CEC8]\">Eles t\u00eam bicos de malha delicados e<\/span>\u00a0s\u00e3o\u00a0<span class=\"text-[#00CEC8]\">embelezado<\/span>\u00a0com\u00a0<span class=\"text-[#00CEC8]\">Detalhes em ouro fino e desenhos florais.<\/span><\/span><\/span><\/p>\n<h2>Caracter\u00edsticas do produto<\/h2>\n<ul>\n<li><strong>Formato de garrafa de ma\u00e7\u00e3 vintage:<\/strong> O elegante frasco tem o formato arredondado de uma ma\u00e7\u00e3, o que demonstra plenamente a forma graciosa de um frasco de perfume vintage cl\u00e1ssico e o representa de uma forma facilmente reconhec\u00edvel.<\/li>\n<li><strong>Detalhes em dourado:<\/strong> A garrafa possui detalhes em dourado e delicados desenhos em ouro que acentuam o luxo vintage e a beleza art\u00edstica.<\/li>\n<li><strong>Bocal de pulveriza\u00e7\u00e3o tipo taboa:<\/strong> O bico de pulveriza\u00e7\u00e3o em malha vintage n\u00e3o s\u00f3 proporciona uma pulveriza\u00e7\u00e3o eficaz, como tamb\u00e9m confere um toque retr\u00f4 elegante ao ambiente.<\/li>\n<\/ul>\n<h2 style=\"text-align: left;\">Especifica\u00e7\u00f5es principais<\/h2>\n<table class=\"aligncenter\" style=\"border-collapse: collapse; width: 411.02pt;\" border=\"0\" width=\"548\" cellspacing=\"0\" cellpadding=\"0\">\n<tbody>\n<tr style=\"height: 13.50pt;\">\n<td style=\"height: 13.50pt; width: 111.75pt;\" width=\"149\" height=\"18\">Especifica\u00e7\u00e3o<\/td>\n<td style=\"width: 299.25pt;\" width=\"399\">Detalhes<\/td>\n<\/tr>\n<tr style=\"height: 13.50pt;\">\n<td style=\"height: 13.50pt;\" height=\"18\">Capacidade<\/td>\n<td>10ml<\/td>\n<\/tr>\n<tr style=\"height: 13.50pt;\">\n<td style=\"height: 13.50pt;\" height=\"18\">Dimens\u00f5es (\u00d8 x A)<\/td>\n<td>4\u00d77,1cm<\/td>\n<\/tr>\n<tr style=\"height: 13.50pt;\">\n<td style=\"height: 13.50pt;\" height=\"18\">Material<\/td>\n<td>Vidro transparente com detalhes dourados.<\/td>\n<\/tr>\n<tr style=\"height: 13.50pt;\">\n<td style=\"height: 13.50pt;\" height=\"18\">Formato de garrafa<\/td>\n<td>Ma\u00e7\u00e3 arredondada<\/td>\n<\/tr>\n<tr style=\"height: 13.50pt;\">\n<td style=\"height: 13.50pt;\" height=\"18\">Tipo de fechamento<\/td>\n<td>Tampa decorativa dourada<\/td>\n<\/tr>\n<tr style=\"height: 13.50pt;\">\n<td style=\"height: 13.50pt;\" height=\"18\">Caracter\u00edstica do material<\/td>\n<td>Decorativo, Acabamento Premium, Apelo Visual Elegante<\/td>\n<\/tr>\n<tr style=\"height: 13.50pt;\">\n<td style=\"height: 13.50pt;\" height=\"18\">Ideal para<\/td>\n<td>Frascos de perfume antigos, frascos de perfume vintage<\/td>\n<\/tr>\n<\/tbody>\n<\/table>\n<h2>Caso de sucesso: Relan\u00e7amento de uma famosa empresa de perfumes<\/h2>\n<p>Uma das marcas de perfumes mais antigas decidiu repaginar seu cl\u00e1ssico perfume da d\u00e9cada de 1930. Para a embalagem exclusiva, foram escolhidos frascos vintage em formato de ma\u00e7\u00e3, com capacidade para 10ml. O belo acabamento em ouro e o design especial transformaram o produto imediatamente em uma pe\u00e7a de colecionador, com o primeiro lote esgotado em 48 horas. A repercuss\u00e3o nas redes sociais foi enorme, com mais de 2 milh\u00f5es de coment\u00e1rios e ampla cobertura da m\u00eddia. Aproveitando o sucesso estrondoso, a marca encomendou mais 100 mil frascos para integrar a linha permanente do produto.<\/p>\n<h2>Requisitos para personaliza\u00e7\u00e3o de frascos de perfume vintage<\/h2>\n<ul>\n<li>Personaliza\u00e7\u00e3o com Hot Stamping \u2013 Crie seu pr\u00f3prio design ou monograma com hot stamping para a garrafa.<\/li>\n<li>Garrafa de vitral \u2013 As garrafas de vitral t\u00eam o formato de uma ma\u00e7\u00e3 e podem ser encontradas nas seguintes cores: verde esmeralda, azul cobalto ou ametista.<\/li>\n<li>Detalhes em Esmalte \u2013 Aplique o desenho de estampagem a quente para adicionar profundidade e cor com esmaltes pintados \u00e0 m\u00e3o.<\/li>\n<li>Design personalizado de borlas \u2013 Edite a cor, o material e o comprimento das borlas que adornam o frasco de spray.<\/li>\n<\/ul>","protected":false},"excerpt":{"rendered":"<p>D\u00ea um toque de sofistica\u00e7\u00e3o \u00e0 sua marca com frascos de perfume antigos. Cada frasco vintage apresenta detalhes intrincados em dourado e um bulbo com tela. Op\u00e7\u00f5es totalmente personaliz\u00e1veis.<\/p>","protected":false},"featured_media":4107,"template":"","meta":{"postBodyCss":"","postBodyMargin":[],"postBodyPadding":[],"postBodyBackground":{"backgroundType":"classic","gradient":""}},"product_brand":[],"product_cat":[15,16,62],"product_tag":[],"class_list":{"0":"post-4106","1":"product","2":"type-product","3":"status-publish","4":"has-post-thumbnail","6":"product_cat-glass-containers","7":"product_cat-glass-bottles","8":"product_cat-perfume-bottles","10":"first","11":"instock","12":"shipping-taxable","13":"product-type-simple"},"jetpack_sharing_enabled":true,"_links":{"self":[{"href":"https:\/\/minghanggroup.com\/pt\/wp-json\/wp\/v2\/product\/4106","targetHints":{"allow":["GET"]}}],"collection":[{"href":"https:\/\/minghanggroup.com\/pt\/wp-json\/wp\/v2\/product"}],"about":[{"href":"https:\/\/minghanggroup.com\/pt\/wp-json\/wp\/v2\/types\/product"}],"wp:featuredmedia":[{"embeddable":true,"href":"https:\/\/minghanggroup.com\/pt\/wp-json\/wp\/v2\/media\/4107"}],"wp:attachment":[{"href":"https:\/\/minghanggroup.com\/pt\/wp-json\/wp\/v2\/media?parent=4106"}],"wp:term":[{"taxonomy":"product_brand","embeddable":true,"href":"https:\/\/minghanggroup.com\/pt\/wp-json\/wp\/v2\/product_brand?post=4106"},{"taxonomy":"product_cat","embeddable":true,"href":"https:\/\/minghanggroup.com\/pt\/wp-json\/wp\/v2\/product_cat?post=4106"},{"taxonomy":"product_tag","embeddable":true,"href":"https:\/\/minghanggroup.com\/pt\/wp-json\/wp\/v2\/product_tag?post=4106"}],"curies":[{"name":"wp","href":"https:\/\/api.w.org\/{rel}","templated":true}]}}