{"id":4092,"date":"2025-12-26T11:58:18","date_gmt":"2025-12-26T03:58:18","guid":{"rendered":"https:\/\/minghanggroup.com\/?post_type=product&#038;p=4092"},"modified":"2025-12-26T16:58:40","modified_gmt":"2025-12-26T08:58:40","slug":"glass-round-perfume-bottle-with-marble-ball-lids-wholesale","status":"publish","type":"product","link":"https:\/\/minghanggroup.com\/pt\/produto\/glass-round-perfume-bottle-with-marble-ball-lids-wholesale\/","title":{"rendered":"Frasco de perfume redondo de vidro de 30ml, 50ml e 100ml com tampa em formato de bola de m\u00e1rmore - Atacado"},"content":{"rendered":"<p>Sua fragr\u00e2ncia merece uma embalagem t\u00e3o excepcional quanto o seu aroma. Criamos solu\u00e7\u00f5es de frascos de perfume redondos, projetadas para o sucesso da embalagem de fragr\u00e2ncias \u2014 onde cada frasco de perfume se torna a assinatura da sua marca.<\/p>\n<h2>Caracter\u00edsticas do produto<\/h2>\n<ol>\n<li><strong>Design cil\u00edndrico elegante: <\/strong>Temos um frasco de perfume circular com linhas simples e elegantes e uma tampa texturizada em m\u00e1rmore que proporciona um belo contraste.<\/li>\n<li><strong>Sistema de pulveriza\u00e7\u00e3o de precis\u00e3o: <\/strong>A bomba integrada \u00e9 muito eficiente para fornecer uma n\u00e9voa fina, garantindo uma aplica\u00e7\u00e3o uniforme da fragr\u00e2ncia e tornando seus frascos de spray de perfume muito mais atraentes.<\/li>\n<li><strong>Constru\u00e7\u00e3o de base est\u00e1vel: <\/strong>O desempenho do seu frasco de perfume redondo \u00e9 garantido pela base espessa que proporciona estabilidade, seja para exibi\u00e7\u00e3o ou uso regular.<\/li>\n<\/ol>\n<h2>Especifica\u00e7\u00f5es principais<\/h2>\n<table style=\"border-collapse: collapse; width: 80%; margin-left: auto; margin-right: auto;\" border=\"0\" width=\"360\" cellspacing=\"0\" cellpadding=\"0\">\n<tbody>\n<tr style=\"height: 13.50pt;\">\n<td style=\"height: 13.5pt; width: 54pt; text-align: center;\" width=\"72\" height=\"18\">Capacidade (ml)<\/td>\n<td style=\"width: 54pt; text-align: center;\" width=\"72\">Tamanho (mm)<\/td>\n<td style=\"width: 54pt; text-align: center;\" width=\"72\">Di\u00e2metro do pesco\u00e7o<\/td>\n<td style=\"width: 54pt; text-align: center;\" width=\"72\">Material<\/td>\n<td style=\"width: 54pt; text-align: center;\" width=\"72\">Op\u00e7\u00f5es de cores<\/td>\n<\/tr>\n<tr style=\"height: 13.50pt;\">\n<td style=\"height: 13.5pt; text-align: center;\" align=\"right\" height=\"18\">30<\/td>\n<td style=\"text-align: center;\">40 \u00d7 82<\/td>\n<td class=\"et2\" style=\"text-align: center;\" rowspan=\"3\">15 mm<\/td>\n<td class=\"et2\" style=\"text-align: center;\" rowspan=\"3\">Vidro de cristal<\/td>\n<td class=\"et2\" style=\"text-align: center;\" rowspan=\"3\">Personaliz\u00e1vel<\/td>\n<\/tr>\n<tr style=\"height: 13.50pt;\">\n<td style=\"height: 13.5pt; text-align: center;\" align=\"right\" height=\"18\">50<\/td>\n<td style=\"text-align: center;\">45 \u00d7 92<\/td>\n<\/tr>\n<tr style=\"height: 13.50pt;\">\n<td style=\"height: 13.5pt; text-align: center;\" align=\"right\" height=\"18\">100<\/td>\n<td style=\"text-align: center;\">53 \u00d7 110<\/td>\n<\/tr>\n<\/tbody>\n<\/table>\n<h2>Caso de sucesso<\/h2>\n<p>Uma empresa de perfumes escolheu esses frascos circulares em grande quantidade para apresentar sua nova fragr\u00e2ncia exclusiva. A empresa queria elevar o n\u00edvel de luxo do produto e, ao mesmo tempo, garantir sua seguran\u00e7a e otimizar a distribui\u00e7\u00e3o. Os frascos transparentes com spray, combinados com uma tampa redonda exclusiva, s\u00e3o o que realmente atrai os clientes, revelando a pureza e a cor do perfume e, consequentemente, aumentando o reconhecimento da marca e a visibilidade nas prateleiras. O mecanismo de spray integrado proporciona uma n\u00e9voa fina e uniforme, agradando o usu\u00e1rio e minimizando o desperd\u00edcio de produto.<\/p>\n<p>Ap\u00f3s o lan\u00e7amento do produto e a promo\u00e7\u00e3o de mercado, a empresa registrou um aumento de 20% nas vendas da linha de fragr\u00e2ncias em poucos meses.<\/p>\n<h2>Dicas de personaliza\u00e7\u00e3o<\/h2>\n<p>Em termos de personaliza\u00e7\u00e3o, os frascos cil\u00edndricos de spray para fragr\u00e2ncias deste modelo podem ser adaptados para refletir as expectativas de diversas marcas, modificando o acabamento da superf\u00edcie do vidro ou incorporando logotipos personalizados por meio de serigrafia ou grava\u00e7\u00e3o. Diferentes tipos de bombas de spray e estilos de tampas tamb\u00e9m podem ser selecionados pelas marcas para destacar o desempenho e o apelo do produto, tornando a embalagem da fragr\u00e2ncia n\u00e3o apenas compat\u00edvel com os requisitos de uma aplica\u00e7\u00e3o luxuosa, sofisticada e f\u00e1cil de usar, mas tamb\u00e9m funcional e visualmente atraente.<\/p>","protected":false},"excerpt":{"rendered":"<p>Frasco de perfume redondo feito de vidro premium. Frascos de spray para fragr\u00e2ncias direto da f\u00e1brica, personaliza\u00e7\u00e3o em grande quantidade dispon\u00edvel, entrega r\u00e1pida para compradores.<\/p>","protected":false},"featured_media":4098,"template":"","meta":{"postBodyCss":"","postBodyMargin":[],"postBodyPadding":[],"postBodyBackground":{"backgroundType":"classic","gradient":""}},"product_brand":[],"product_cat":[15,16,62],"product_tag":[],"class_list":{"0":"post-4092","1":"product","2":"type-product","3":"status-publish","4":"has-post-thumbnail","6":"product_cat-glass-containers","7":"product_cat-glass-bottles","8":"product_cat-perfume-bottles","10":"first","11":"instock","12":"shipping-taxable","13":"product-type-simple"},"jetpack_sharing_enabled":true,"_links":{"self":[{"href":"https:\/\/minghanggroup.com\/pt\/wp-json\/wp\/v2\/product\/4092","targetHints":{"allow":["GET"]}}],"collection":[{"href":"https:\/\/minghanggroup.com\/pt\/wp-json\/wp\/v2\/product"}],"about":[{"href":"https:\/\/minghanggroup.com\/pt\/wp-json\/wp\/v2\/types\/product"}],"wp:featuredmedia":[{"embeddable":true,"href":"https:\/\/minghanggroup.com\/pt\/wp-json\/wp\/v2\/media\/4098"}],"wp:attachment":[{"href":"https:\/\/minghanggroup.com\/pt\/wp-json\/wp\/v2\/media?parent=4092"}],"wp:term":[{"taxonomy":"product_brand","embeddable":true,"href":"https:\/\/minghanggroup.com\/pt\/wp-json\/wp\/v2\/product_brand?post=4092"},{"taxonomy":"product_cat","embeddable":true,"href":"https:\/\/minghanggroup.com\/pt\/wp-json\/wp\/v2\/product_cat?post=4092"},{"taxonomy":"product_tag","embeddable":true,"href":"https:\/\/minghanggroup.com\/pt\/wp-json\/wp\/v2\/product_tag?post=4092"}],"curies":[{"name":"wp","href":"https:\/\/api.w.org\/{rel}","templated":true}]}}