{"id":4087,"date":"2025-12-26T10:40:12","date_gmt":"2025-12-26T02:40:12","guid":{"rendered":"https:\/\/minghanggroup.com\/?post_type=product&#038;p=4087"},"modified":"2026-04-14T10:04:14","modified_gmt":"2026-04-14T02:04:14","slug":"custom-glass-perfume-bottles-with-elegant-metal-lids-bulk","status":"publish","type":"product","link":"https:\/\/minghanggroup.com\/pt\/produto\/custom-glass-perfume-bottles-with-elegant-metal-lids-bulk\/","title":{"rendered":"30ml 50ml 100ml Custom Glass Perfume Bottles with Metal Lids Bulk"},"content":{"rendered":"<p>Sua fragr\u00e2ncia merece uma embalagem que fale por si. Criamos frascos de vidro para perfumes projetados para o sucesso da embalagem de fragr\u00e2ncias \u2014 onde cada frasco de 50ml se torna a assinatura da sua marca.<\/p>\n<h2>Caracter\u00edsticas do produto<\/h2>\n<ol>\n<li><strong>Design minimalista moderno: <\/strong>O design dos nossos frascos de perfume em cristal \u00e9 muito simples e moderno, ideal para exibir a sua fragr\u00e2ncia.<\/li>\n<li><strong>Material: Cristal de alta qualidade <\/strong>Os materiais utilizados na fabrica\u00e7\u00e3o destes recipientes s\u00e3o de cristal da mais alta qualidade, resistente, capaz de suportar altas temperaturas e perfeito para o armazenamento de \u00f3leos essenciais ou qualquer tipo de fragr\u00e2ncia.<\/li>\n<li><strong>Diversas op\u00e7\u00f5es de tamanho: <\/strong>Voc\u00ea pode escolher entre os tamanhos de 30ml, 50ml e 100ml para atender \u00e0s suas necessidades de embalagem de fragr\u00e2ncias personalizadas para diversas linhas de produtos.<\/li>\n<\/ol>\n<h2>Especifica\u00e7\u00f5es principais<\/h2>\n<table style=\"border-collapse: collapse; width: 80%; margin-left: auto; margin-right: auto;\" border=\"0\" width=\"432\" cellspacing=\"0\" cellpadding=\"0\">\n<tbody>\n<tr style=\"height: 13.50pt;\">\n<td style=\"height: 13.5pt; width: 54pt; text-align: center;\" width=\"72\" height=\"18\">Capacidade (ml)<\/td>\n<td style=\"width: 54pt; text-align: center;\" width=\"72\">Tamanho (mm)<\/td>\n<td style=\"width: 54pt; text-align: center;\" width=\"72\">Di\u00e2metro do pesco\u00e7o<\/td>\n<td style=\"width: 54pt; text-align: center;\" width=\"72\">Tipo de fechamento<\/td>\n<td style=\"width: 54pt; text-align: center;\" width=\"72\">Material<\/td>\n<td style=\"width: 54pt; text-align: center;\" width=\"72\">Op\u00e7\u00f5es de cores<\/td>\n<\/tr>\n<tr style=\"height: 13.50pt;\">\n<td style=\"height: 13.5pt; text-align: center;\" align=\"right\" height=\"18\">30<\/td>\n<td style=\"text-align: center;\">32 x 98<\/td>\n<td class=\"et2\" style=\"text-align: center;\" rowspan=\"3\">18 mm<\/td>\n<td class=\"et2\" style=\"text-align: center;\" rowspan=\"3\">Rosca no pesco\u00e7o + bomba pulverizadora<\/td>\n<td class=\"et2\" style=\"text-align: center;\" rowspan=\"3\">Vidro de cristal<\/td>\n<td class=\"et2\" style=\"text-align: center;\" rowspan=\"3\">Personaliz\u00e1vel<\/td>\n<\/tr>\n<tr style=\"height: 13.50pt;\">\n<td style=\"height: 13.5pt; text-align: center;\" align=\"right\" height=\"18\">50<\/td>\n<td style=\"text-align: center;\">32 x 122<\/td>\n<\/tr>\n<tr style=\"height: 13.50pt;\">\n<td style=\"height: 13.5pt; text-align: center;\" align=\"right\" height=\"18\">100<\/td>\n<td style=\"text-align: center;\">40 x 167<\/td>\n<\/tr>\n<\/tbody>\n<\/table>\n<h2>Caso de sucesso<\/h2>\n<p>Nossos frascos de perfume de 50ml foram escolhidos por uma marca de perfumes como embalagem para o lan\u00e7amento de sua nova linha de fragr\u00e2ncias. A marca estabeleceu padr\u00f5es extremamente elevados para a embalagem, com foco especial em aprimorar a imagem do produto e a experi\u00eancia do consumidor. A imagem da marca estava perfeitamente alinhada com o nosso frasco de perfume, que apresenta um design elegante e contempor\u00e2neo, \u00e9 feito de vidro transparente e possui uma sofisticada tampa prateada. Al\u00e9m disso, o design do bico spray facilita o uso, proporcionando uma pulveriza\u00e7\u00e3o uniforme e simplificando a aplica\u00e7\u00e3o.<\/p>\n<p>Apenas tr\u00eas meses ap\u00f3s a marca come\u00e7ar a usar nossas embalagens, as vendas da linha de perfumes aumentaram 15%, e as taxas de recompra tamb\u00e9m cresceram.<\/p>\n<h2>Dicas de personaliza\u00e7\u00e3o<\/h2>\n<p>Ao personalizar este frasco de perfume de vidro, voc\u00ea tamb\u00e9m pode optar por um design exclusivo que represente o estilo \u00fanico da sua marca. O recipiente de vidro transparente certamente chama a aten\u00e7\u00e3o pela cor e textura do perfume, enquanto a tampa met\u00e1lica pode ser escolhida em diferentes tonalidades, como o tradicional prata, o elegante dourado ou o moderno preto, refor\u00e7ando ainda mais a sensa\u00e7\u00e3o de luxo. Para garantir um uso pr\u00e1tico e preciso, tamb\u00e9m \u00e9 poss\u00edvel personalizar o bico spray, assegurando uma pulveriza\u00e7\u00e3o uniforme e fina em todas as aplica\u00e7\u00f5es.<\/p>\n<p>O frasco tamb\u00e9m pode ser personalizado figurativamente com a hist\u00f3ria da sua marca; um formato circular, retangular ou inusitado comunicar\u00e1 a personalidade da sua marca. Al\u00e9m disso, voc\u00ea pode colocar o logotipo exclusivo da sua marca ou a ilustra\u00e7\u00e3o do seu artista no frasco, tornando o produto mais reconhec\u00edvel para os compradores e transformando cada frasco de perfume em uma obra de arte.<\/p>","protected":false},"excerpt":{"rendered":"<p>Discover the stylish glass perfume bottles, choose 30ml 100ml and 50ml perfume bottles for brands and wholesalers. Factory direct supply, bulk customization.<\/p>","protected":false},"featured_media":4091,"template":"","meta":{"postBodyCss":"","postBodyMargin":[],"postBodyPadding":[],"postBodyBackground":{"backgroundType":"classic","gradient":""}},"product_brand":[],"product_cat":[15,16,62],"product_tag":[111],"class_list":{"0":"post-4087","1":"product","2":"type-product","3":"status-publish","4":"has-post-thumbnail","6":"product_cat-glass-containers","7":"product_cat-glass-bottles","8":"product_cat-perfume-bottles","9":"product_tag-glass-mist-bottles","11":"first","12":"instock","13":"shipping-taxable","14":"product-type-simple"},"jetpack_sharing_enabled":true,"_links":{"self":[{"href":"https:\/\/minghanggroup.com\/pt\/wp-json\/wp\/v2\/product\/4087","targetHints":{"allow":["GET"]}}],"collection":[{"href":"https:\/\/minghanggroup.com\/pt\/wp-json\/wp\/v2\/product"}],"about":[{"href":"https:\/\/minghanggroup.com\/pt\/wp-json\/wp\/v2\/types\/product"}],"wp:featuredmedia":[{"embeddable":true,"href":"https:\/\/minghanggroup.com\/pt\/wp-json\/wp\/v2\/media\/4091"}],"wp:attachment":[{"href":"https:\/\/minghanggroup.com\/pt\/wp-json\/wp\/v2\/media?parent=4087"}],"wp:term":[{"taxonomy":"product_brand","embeddable":true,"href":"https:\/\/minghanggroup.com\/pt\/wp-json\/wp\/v2\/product_brand?post=4087"},{"taxonomy":"product_cat","embeddable":true,"href":"https:\/\/minghanggroup.com\/pt\/wp-json\/wp\/v2\/product_cat?post=4087"},{"taxonomy":"product_tag","embeddable":true,"href":"https:\/\/minghanggroup.com\/pt\/wp-json\/wp\/v2\/product_tag?post=4087"}],"curies":[{"name":"wp","href":"https:\/\/api.w.org\/{rel}","templated":true}]}}