{"id":4086,"date":"2025-12-25T17:56:05","date_gmt":"2025-12-25T09:56:05","guid":{"rendered":"https:\/\/minghanggroup.com\/?post_type=product&#038;p=4086"},"modified":"2025-12-26T11:17:07","modified_gmt":"2025-12-26T03:17:07","slug":"miniature-perfume-bottles-with-gold-spray-lids-bulk","status":"publish","type":"product","link":"https:\/\/minghanggroup.com\/pt\/produto\/miniature-perfume-bottles-with-gold-spray-lids-bulk\/","title":{"rendered":"Frascos de perfume em miniatura de 2ml, 3ml, 5ml e 10ml com tampas spray douradas (em grande quantidade)"},"content":{"rendered":"<p>Esses frascos de perfume em miniatura t\u00eam um corpo liso e reto, com vidro transparente, em quatro tamanhos, ideais para exibir amostras de perfume, perfumes de viagem ou sprays de \u00f3leos essenciais.<\/p>\n<h2>Caracter\u00edsticas do produto<\/h2>\n<ul>\n<li><strong>V\u00e1rios tamanhos mini:<\/strong> Existem quatro alturas que podem ser usadas para acomodar diversos volumes de perfumes, \u00f3leos essenciais e outros produtos.<\/li>\n<li><strong>Copo de vidro transparente luxuoso com tampa dourada:<\/strong> O corpo totalmente em vidro transparente com tampa de metal dourado reflete claramente o conte\u00fado, conferindo um ar sofisticado e luxuoso.<\/li>\n<li><strong>Design simples de cilindro reto:<\/strong> Este \u00e9 o design cil\u00edndrico reto mais simples, cujo formato permite f\u00e1cil armazenamento e transporte, o que \u00e9 muito conveniente ao viajar e para fazer retoques em qualquer lugar.<\/li>\n<\/ul>\n<h2 style=\"text-align: left;\">Especifica\u00e7\u00f5es principais<\/h2>\n<table class=\"aligncenter\" style=\"border-collapse: collapse; width: 482.27pt;\" border=\"0\" width=\"643\" cellspacing=\"0\" cellpadding=\"0\">\n<tbody>\n<tr style=\"height: 13.50pt;\">\n<td style=\"height: 13.50pt; width: 111.75pt;\" width=\"149\" height=\"18\">Especifica\u00e7\u00e3o<\/td>\n<td style=\"width: 370.50pt;\" width=\"494\">Detalhes<\/td>\n<\/tr>\n<tr style=\"height: 13.50pt;\">\n<td style=\"height: 13.50pt;\" height=\"18\">Dimens\u00f5es (\u00d8 x A)<\/td>\n<td>2ml: 1,4\u00d73cm; 3ml: 1,4\u00d74cm; 5ml: 1,4\u00d75,5cm; 10ml: 1,4\u00d710cm<\/td>\n<\/tr>\n<tr style=\"height: 13.50pt;\">\n<td style=\"height: 13.50pt;\" height=\"18\">Material<\/td>\n<td>Corpo em vidro transparente, tampa met\u00e1lica dourada.<\/td>\n<\/tr>\n<tr style=\"height: 13.50pt;\">\n<td style=\"height: 13.50pt;\" height=\"18\">Formato de garrafa<\/td>\n<td>Cilindro de parede reta<\/td>\n<\/tr>\n<tr style=\"height: 13.50pt;\">\n<td style=\"height: 13.50pt;\" height=\"18\">Caracter\u00edstica do material<\/td>\n<td>Dur\u00e1vel, recarreg\u00e1vel, acabamento premium<\/td>\n<\/tr>\n<tr style=\"height: 13.50pt;\">\n<td style=\"height: 13.50pt;\" height=\"18\">Ideal para<\/td>\n<td>Frascos de amostra de perfume, mini frascos de perfume<\/td>\n<\/tr>\n<\/tbody>\n<\/table>\n<h2>Hist\u00f3ria de sucesso<\/h2>\n<p>Nossos frascos de amostra de perfume de 5 ml foram usados \u200b\u200bcomo embalagem padr\u00e3o para todos os produtos de uma empresa de servi\u00e7os de experi\u00eancia de perfumes por assinatura. O design tradicional recebeu muitos elogios, com um feedback positivo de 95% nas pesquisas com os membros. A resist\u00eancia a vazamentos tamb\u00e9m proporcionou uma taxa de sucesso de entrega de 99,9%, em um momento em que os produtos estavam quase quebrados. Com base nesse sucesso, a empresa encomendou 500.000 frascos adicionais para atender \u00e0 crescente demanda em dois anos.<\/p>\n<h2>Personaliza\u00e7\u00e3o de frascos de perfume em miniatura<\/h2>\n<ul>\n<li>Tampa met\u00e1lica personalizada \u2013 Ouro rosa, prata ou preto com diversos acabamentos PVD.<\/li>\n<li>Cores das garrafas de vidro: \u00e2mbar, azul cobalto ou verde (com prote\u00e7\u00e3o UV).<\/li>\n<li>Serigrafia em vidro \u2013 Este processo consiste em imprimir seu logotipo, nome do perfume ou design no vidro.<\/li>\n<li>Grava\u00e7\u00e3o a laser \u2013 Marque desenhos complexos, n\u00fameros de lote ou monogramas na superf\u00edcie do vidro.<\/li>\n<li>Pulverizadores personalizados \u2013 Tenha bicos de pulveriza\u00e7\u00e3o projetados para combinar com a sua marca.<\/li>\n<\/ul>","protected":false},"excerpt":{"rendered":"<p>Frascos de perfume em miniatura e frascos de amostra de perfume em vidro transparente com tampas de spray douradas. Envio r\u00e1pido dispon\u00edvel para amostras e viagens. Amostras gr\u00e1tis.<\/p>","protected":false},"featured_media":4096,"template":"","meta":{"postBodyCss":"","postBodyMargin":[],"postBodyPadding":[],"postBodyBackground":{"backgroundType":"classic","gradient":""}},"product_brand":[],"product_cat":[15,16,62],"product_tag":[],"class_list":{"0":"post-4086","1":"product","2":"type-product","3":"status-publish","4":"has-post-thumbnail","6":"product_cat-glass-containers","7":"product_cat-glass-bottles","8":"product_cat-perfume-bottles","10":"first","11":"instock","12":"shipping-taxable","13":"product-type-simple"},"jetpack_sharing_enabled":true,"_links":{"self":[{"href":"https:\/\/minghanggroup.com\/pt\/wp-json\/wp\/v2\/product\/4086","targetHints":{"allow":["GET"]}}],"collection":[{"href":"https:\/\/minghanggroup.com\/pt\/wp-json\/wp\/v2\/product"}],"about":[{"href":"https:\/\/minghanggroup.com\/pt\/wp-json\/wp\/v2\/types\/product"}],"wp:featuredmedia":[{"embeddable":true,"href":"https:\/\/minghanggroup.com\/pt\/wp-json\/wp\/v2\/media\/4096"}],"wp:attachment":[{"href":"https:\/\/minghanggroup.com\/pt\/wp-json\/wp\/v2\/media?parent=4086"}],"wp:term":[{"taxonomy":"product_brand","embeddable":true,"href":"https:\/\/minghanggroup.com\/pt\/wp-json\/wp\/v2\/product_brand?post=4086"},{"taxonomy":"product_cat","embeddable":true,"href":"https:\/\/minghanggroup.com\/pt\/wp-json\/wp\/v2\/product_cat?post=4086"},{"taxonomy":"product_tag","embeddable":true,"href":"https:\/\/minghanggroup.com\/pt\/wp-json\/wp\/v2\/product_tag?post=4086"}],"curies":[{"name":"wp","href":"https:\/\/api.w.org\/{rel}","templated":true}]}}