{"id":4076,"date":"2025-12-25T16:33:30","date_gmt":"2025-12-25T08:33:30","guid":{"rendered":"https:\/\/minghanggroup.com\/?post_type=product&#038;p=4076"},"modified":"2025-12-26T09:48:59","modified_gmt":"2025-12-26T01:48:59","slug":"small-refillable-perfume-bottles-bulk","status":"publish","type":"product","link":"https:\/\/minghanggroup.com\/pt\/produto\/small-refillable-perfume-bottles-bulk\/","title":{"rendered":"Frascos de perfume pequenos e recarreg\u00e1veis \u200b\u200bde 8ml (em grande quantidade)"},"content":{"rendered":"<p>Este \u00e9 um lindo frasco de perfume recarreg\u00e1vel de 8ml, feito de vidro transparente e cil\u00edndrico com uma tampa met\u00e1lica brilhante. O sistema de enchimento pela parte inferior facilita o reabastecimento, e seu tamanho compacto permite que seja facilmente guardado em uma bolsa ou bolso, tornando-o elegante e pr\u00e1tico para transportar.<\/p>\n<h2>Caracter\u00edsticas do produto<\/h2>\n<ul>\n<li><strong>Sistema de pulveriza\u00e7\u00e3o de n\u00e9voa fina integrado:<\/strong> Possui uma boa bomba de pulveriza\u00e7\u00e3o que proporciona uma pulveriza\u00e7\u00e3o instant\u00e2nea e uniforme.<\/li>\n<li><strong>Design de preenchimento superior:<\/strong> O mecanismo de enchimento pela parte inferior \u00e9 conveniente no design da garrafa, pois facilita o seu enchimento e a reutiliza\u00e7\u00e3o da mesma.<\/li>\n<li><strong>Pequeno e leve:<\/strong> Seu tamanho de 8ml e o formato de frasco duradouro fazem dele o item ideal para levar em viagens, julgamentos ou simplesmente para usar no dia a dia.<\/li>\n<\/ul>\n<h2 style=\"text-align: left;\">Especifica\u00e7\u00f5es principais<\/h2>\n<table class=\"aligncenter\" style=\"border-collapse: collapse; width: 405.02pt;\" border=\"0\" width=\"540\" cellspacing=\"0\" cellpadding=\"0\">\n<tbody>\n<tr style=\"height: 13.50pt;\">\n<td style=\"height: 13.50pt; width: 109.50pt;\" width=\"146\" height=\"18\">Especifica\u00e7\u00e3o<\/td>\n<td style=\"width: 295.50pt;\" width=\"394\">Detalhes<\/td>\n<\/tr>\n<tr style=\"height: 13.50pt;\">\n<td style=\"height: 13.50pt;\" height=\"18\">Capacidade<\/td>\n<td>8ml<\/td>\n<\/tr>\n<tr style=\"height: 13.50pt;\">\n<td style=\"height: 13.50pt;\" height=\"18\">Dimens\u00f5es (\u00d8 x A)<\/td>\n<td>1,7 \u00d7 8,4 cm<\/td>\n<\/tr>\n<tr style=\"height: 13.50pt;\">\n<td style=\"height: 13.50pt;\" height=\"18\">Material<\/td>\n<td>Corpo em vidro transparente, tampa de metal<\/td>\n<\/tr>\n<tr style=\"height: 13.50pt;\">\n<td style=\"height: 13.50pt;\" height=\"18\">Caracter\u00edstica do material<\/td>\n<td>Dur\u00e1vel, recarreg\u00e1vel, acabamento premium<\/td>\n<\/tr>\n<tr style=\"height: 13.50pt;\">\n<td style=\"height: 13.50pt;\" height=\"18\">Ideal para<\/td>\n<td>Frascos de perfume recarreg\u00e1veis, frascos de perfume pequenos<\/td>\n<\/tr>\n<\/tbody>\n<\/table>\n<h2>Caso de sucesso: um programa de fideliza\u00e7\u00e3o de uma marca de fragr\u00e2ncias<\/h2>\n<p>Nossos frascos de perfume recarreg\u00e1veis \u200b\u200bde 8 ml foram encomendados por uma marca de fragr\u00e2ncias que vende diretamente ao consumidor. O formato recarreg\u00e1vel foi um sucesso, j\u00e1 que 3 quartos dos clientes optaram por comprar os refis mais baratos em vez de frascos novos, aumentando o valor vital\u00edcio do cliente em 40%. O mecanismo \u00e9 f\u00e1cil de operar e o reabastecimento pela parte inferior \u00e9 feito sem derramamentos, o que significa que 95% dos usu\u00e1rios conseguem recarreg\u00e1-lo facilmente. A marca ficou t\u00e3o satisfeita que, posteriormente, encomendou mais 180.000 frascos para expandir o programa.<\/p>\n<h2>Personaliza\u00e7\u00e3o de Frascos de Perfume Pequenos<\/h2>\n<ul>\n<li>Escolha da cor das garrafas de vidro \u2013 Op\u00e7\u00f5es de cores de vidro, incluindo \u00e2mbar, verde ou transparente fosco.<\/li>\n<li>Serigrafia em vidro \u2013 O logotipo ou desenho \u00e9 impresso na superf\u00edcie do vidro.<\/li>\n<li>Grava\u00e7\u00e3o a laser \u2013 Obtenha um acabamento sofisticado, gravando desenhos ou escrevendo em vidro.<\/li>\n<li>Pulverizadores personalizados \u2013 Desenvolva pulverizadores com formatos ou cores exclusivos.<\/li>\n<\/ul>","protected":false},"excerpt":{"rendered":"<p>Descubra frascos de perfume compactos com design de cintura curva e tampas met\u00e1licas. Este frasco de perfume recarreg\u00e1vel \u00e9 extremamente port\u00e1til. Solicite amostras gr\u00e1tis hoje mesmo!<\/p>","protected":false},"featured_media":4079,"template":"","meta":{"postBodyCss":"","postBodyMargin":[],"postBodyPadding":[],"postBodyBackground":{"backgroundType":"classic","gradient":""}},"product_brand":[],"product_cat":[15,16,62],"product_tag":[],"class_list":{"0":"post-4076","1":"product","2":"type-product","3":"status-publish","4":"has-post-thumbnail","6":"product_cat-glass-containers","7":"product_cat-glass-bottles","8":"product_cat-perfume-bottles","10":"first","11":"instock","12":"shipping-taxable","13":"product-type-simple"},"jetpack_sharing_enabled":true,"_links":{"self":[{"href":"https:\/\/minghanggroup.com\/pt\/wp-json\/wp\/v2\/product\/4076","targetHints":{"allow":["GET"]}}],"collection":[{"href":"https:\/\/minghanggroup.com\/pt\/wp-json\/wp\/v2\/product"}],"about":[{"href":"https:\/\/minghanggroup.com\/pt\/wp-json\/wp\/v2\/types\/product"}],"wp:featuredmedia":[{"embeddable":true,"href":"https:\/\/minghanggroup.com\/pt\/wp-json\/wp\/v2\/media\/4079"}],"wp:attachment":[{"href":"https:\/\/minghanggroup.com\/pt\/wp-json\/wp\/v2\/media?parent=4076"}],"wp:term":[{"taxonomy":"product_brand","embeddable":true,"href":"https:\/\/minghanggroup.com\/pt\/wp-json\/wp\/v2\/product_brand?post=4076"},{"taxonomy":"product_cat","embeddable":true,"href":"https:\/\/minghanggroup.com\/pt\/wp-json\/wp\/v2\/product_cat?post=4076"},{"taxonomy":"product_tag","embeddable":true,"href":"https:\/\/minghanggroup.com\/pt\/wp-json\/wp\/v2\/product_tag?post=4076"}],"curies":[{"name":"wp","href":"https:\/\/api.w.org\/{rel}","templated":true}]}}