{"id":4071,"date":"2025-12-25T16:49:20","date_gmt":"2025-12-25T08:49:20","guid":{"rendered":"https:\/\/minghanggroup.com\/?post_type=product&#038;p=4071"},"modified":"2025-12-25T17:13:24","modified_gmt":"2025-12-25T09:13:24","slug":"100ml-perfume-bottles-with-spray-lids-bulk","status":"publish","type":"product","link":"https:\/\/minghanggroup.com\/pt\/produto\/100ml-perfume-bottles-with-spray-lids-bulk\/","title":{"rendered":"Frascos de perfume de 30ml, 50ml e 100ml com tampa spray (em grande quantidade)"},"content":{"rendered":"<p>Sua fragr\u00e2ncia merece brilhar ainda mais. Projetamos frascos de perfume de 100ml para compradores no atacado \u2014 onde cada pedido em grande quantidade se torna a assinatura da sua marca.<\/p>\n<h2>Caracter\u00edsticas do produto<\/h2>\n<ol>\n<li><strong>Bocal de pulveriza\u00e7\u00e3o: <\/strong>O bocal de pulveriza\u00e7\u00e3o integrado permite que o perfume se espalhe uniformemente em poucos segundos, possibilitando ao usu\u00e1rio controlar facilmente a quantidade utilizada e reduzindo o desperd\u00edcio.<\/li>\n<li><strong>Apar\u00eancia simples e moderna: <\/strong>O design cil\u00edndrico minimalista pode ser a solu\u00e7\u00e3o perfeita para qualquer marca de perfume, conferindo um ar sofisticado e elegante quando exposto.<\/li>\n<li><strong>Design \u00e0 prova de vazamentos: <\/strong>A abertura hermeticamente fechada do frasco, juntamente com uma tampa de alta qualidade, s\u00e3o os principais fatores que impedem o vazamento do l\u00edquido e, ao mesmo tempo, garantem a conserva\u00e7\u00e3o do perfume por um longo per\u00edodo.<\/li>\n<\/ol>\n<h2>Especifica\u00e7\u00f5es principais<\/h2>\n<table style=\"border-collapse: collapse; width: 80%; margin-left: auto; margin-right: auto;\" border=\"0\" width=\"360\" cellspacing=\"0\" cellpadding=\"0\">\n<tbody>\n<tr style=\"height: 13.50pt;\">\n<td style=\"height: 13.5pt; width: 54pt; text-align: center;\" width=\"72\" height=\"18\">Capacidade (ml)<\/td>\n<td style=\"width: 54pt; text-align: center;\" width=\"72\">Tamanho (mm)<\/td>\n<td style=\"width: 54pt; text-align: center;\" width=\"72\">M\u00e9todo de veda\u00e7\u00e3o<\/td>\n<td style=\"width: 54pt; text-align: center;\" width=\"72\">Material<\/td>\n<td style=\"width: 54pt; text-align: center;\" width=\"72\">Op\u00e7\u00f5es de cores<\/td>\n<\/tr>\n<tr style=\"height: 13.50pt;\">\n<td style=\"height: 13.5pt; text-align: center;\" align=\"right\" height=\"18\">30<\/td>\n<td style=\"text-align: center;\">36*72<\/td>\n<td class=\"et2\" style=\"text-align: center;\" rowspan=\"3\">Gargalo de crimpagem + pulverizador<\/td>\n<td class=\"et2\" style=\"text-align: center;\" rowspan=\"3\">Vidro de cristal<\/td>\n<td class=\"et2\" style=\"text-align: center;\" rowspan=\"3\">Personaliz\u00e1vel<\/td>\n<\/tr>\n<tr style=\"height: 13.50pt;\">\n<td style=\"height: 13.5pt; text-align: center;\" align=\"right\" height=\"18\">50<\/td>\n<td style=\"text-align: center;\">43.5*85<\/td>\n<\/tr>\n<tr style=\"height: 13.50pt;\">\n<td style=\"height: 13.5pt; text-align: center;\" align=\"right\" height=\"18\">100<\/td>\n<td style=\"text-align: center;\">51.4*100<\/td>\n<\/tr>\n<\/tbody>\n<\/table>\n<h2>Caso de sucesso<\/h2>\n<p>Uma marca de perfumes decidiu usar frascos de 100ml em grande quantidade para embalar sua nova linha de fragr\u00e2ncias. A marca pretende aprimorar a experi\u00eancia premium do produto com um design deslumbrante, mantendo tamb\u00e9m o armazenamento e a distribui\u00e7\u00e3o dos perfumes no mais alto n\u00edvel poss\u00edvel. A combina\u00e7\u00e3o do frasco de vidro transparente com a tampa preta revela a cor e o brilho do perfume, contribuindo, assim, para a atratividade de toda a embalagem. O bico spray no frasco \u00e9 a maneira mais eficiente de distribuir o perfume e tamb\u00e9m evita desperd\u00edcios.<\/p>\n<p>Ap\u00f3s alguns meses de promo\u00e7\u00e3o de mercado, a marca registrou um aumento de 20% nas vendas dessa linha de fragr\u00e2ncias.<\/p>\n<h2>Dicas de personaliza\u00e7\u00e3o<\/h2>\n<p>Ao personalizar este frasco de perfume, voc\u00ea pode escolher alternativas individualizadas que estejam alinhadas com o posicionamento da sua marca e as caracter\u00edsticas do seu produto. Para come\u00e7ar, o frasco pode ser feito de vidro transparente para exibir a cor e a textura do perfume, embelezando assim o seu aspecto visual.<\/p>\n<p>Caso deseje um frasco de perfume que reflita mais o seu estilo, voc\u00ea pode personalizar o logotipo da marca, o padr\u00e3o ou o r\u00f3tulo do frasco para criar uma imagem consistente. O design da tampa tamb\u00e9m \u00e9 uma parte importante da personaliza\u00e7\u00e3o; \u00e9 poss\u00edvel optar por uma tampa preta, dourada ou prateada, ou ainda uma de madeira com um aspecto mais natural, para atender \u00e0s diferentes necessidades e estilos do mercado.<\/p>","protected":false},"excerpt":{"rendered":"<p>Frasco de perfume elegante de 100ml com tampa preta, ideal para fragr\u00e2ncias. Perfeito para encomendas em grande quantidade de frascos de perfume, com amostras gr\u00e1tis e personaliza\u00e7\u00e3o direta da f\u00e1brica.<\/p>","protected":false},"featured_media":4084,"template":"","meta":{"postBodyCss":"","postBodyMargin":[],"postBodyPadding":[],"postBodyBackground":{"backgroundType":"classic","gradient":""}},"product_brand":[],"product_cat":[15,16,62],"product_tag":[],"class_list":{"0":"post-4071","1":"product","2":"type-product","3":"status-publish","4":"has-post-thumbnail","6":"product_cat-glass-containers","7":"product_cat-glass-bottles","8":"product_cat-perfume-bottles","10":"first","11":"instock","12":"shipping-taxable","13":"product-type-simple"},"jetpack_sharing_enabled":true,"_links":{"self":[{"href":"https:\/\/minghanggroup.com\/pt\/wp-json\/wp\/v2\/product\/4071","targetHints":{"allow":["GET"]}}],"collection":[{"href":"https:\/\/minghanggroup.com\/pt\/wp-json\/wp\/v2\/product"}],"about":[{"href":"https:\/\/minghanggroup.com\/pt\/wp-json\/wp\/v2\/types\/product"}],"wp:featuredmedia":[{"embeddable":true,"href":"https:\/\/minghanggroup.com\/pt\/wp-json\/wp\/v2\/media\/4084"}],"wp:attachment":[{"href":"https:\/\/minghanggroup.com\/pt\/wp-json\/wp\/v2\/media?parent=4071"}],"wp:term":[{"taxonomy":"product_brand","embeddable":true,"href":"https:\/\/minghanggroup.com\/pt\/wp-json\/wp\/v2\/product_brand?post=4071"},{"taxonomy":"product_cat","embeddable":true,"href":"https:\/\/minghanggroup.com\/pt\/wp-json\/wp\/v2\/product_cat?post=4071"},{"taxonomy":"product_tag","embeddable":true,"href":"https:\/\/minghanggroup.com\/pt\/wp-json\/wp\/v2\/product_tag?post=4071"}],"curies":[{"name":"wp","href":"https:\/\/api.w.org\/{rel}","templated":true}]}}