{"id":4067,"date":"2025-12-25T15:10:01","date_gmt":"2025-12-25T07:10:01","guid":{"rendered":"https:\/\/minghanggroup.com\/?post_type=product&#038;p=4067"},"modified":"2025-12-25T17:16:54","modified_gmt":"2025-12-25T09:16:54","slug":"mini-capsule-travel-perfume-bottles-bulk","status":"publish","type":"product","link":"https:\/\/minghanggroup.com\/pt\/produto\/mini-capsule-travel-perfume-bottles-bulk\/","title":{"rendered":"Frascos de perfume de viagem em formato de mini c\u00e1psula de 5ml (em grande quantidade)"},"content":{"rendered":"<p>Esses mini frascos de perfume t\u00eam o formato de c\u00e1psulas lisas e arredondadas, com acabamento met\u00e1lico brilhante. Os frascos t\u00eam capacidade para 5 ml, sendo, portanto, pequenos e port\u00e1teis, pois cabem facilmente em uma bolsa, carteira ou at\u00e9 mesmo no bolso.<\/p>\n<h2>Caracter\u00edsticas do produto<\/h2>\n<ul>\n<li><strong>Miniatura de 5 ml para maior portabilidade:<\/strong> Com capacidade de 5 ml e formato de c\u00e1psula, cabem perfeitamente em um bolso ou bolsa, sendo ideais para uso di\u00e1rio em retoques ocasionais.<\/li>\n<li><strong>Diversas cores met\u00e1licas:<\/strong> Al\u00e9m disso, podemos observar diferentes cores met\u00e1licas, como roxo, preto e v\u00e1rias outras, que n\u00e3o s\u00f3 s\u00e3o visualmente mais sofisticadas, como tamb\u00e9m atendem a diferentes gostos da moda.<\/li>\n<li><strong>Formato de c\u00e1psula arredondada:<\/strong> O formato arredondado da c\u00e1psula torna o produto confort\u00e1vel de usar, mantendo ao mesmo tempo um visual elegante e minimalista.<\/li>\n<\/ul>\n<h2 style=\"text-align: left;\">Especifica\u00e7\u00f5es principais<\/h2>\n<table class=\"aligncenter\" style=\"border-collapse: collapse; width: 485.27pt;\" border=\"0\" width=\"647\" cellspacing=\"0\" cellpadding=\"0\">\n<tbody>\n<tr style=\"height: 13.50pt;\">\n<td style=\"height: 13.50pt; width: 109.50pt;\" width=\"146\" height=\"18\">Especifica\u00e7\u00e3o<\/td>\n<td style=\"width: 375.75pt;\" width=\"501\">Detalhes<\/td>\n<\/tr>\n<tr style=\"height: 13.50pt;\">\n<td style=\"height: 13.50pt;\" height=\"18\">Capacidade<\/td>\n<td>5ml<\/td>\n<\/tr>\n<tr style=\"height: 13.50pt;\">\n<td style=\"height: 13.50pt;\" height=\"18\">Dimens\u00f5es (\u00d8 x A)<\/td>\n<td>1,7\u00d77,5cm<\/td>\n<\/tr>\n<tr style=\"height: 13.50pt;\">\n<td style=\"height: 13.50pt;\" height=\"18\">Material<\/td>\n<td>Frasco interno de vidro, revestimento externo de metal.<\/td>\n<\/tr>\n<tr style=\"height: 13.50pt;\">\n<td style=\"height: 13.50pt;\" height=\"18\">Formato de garrafa<\/td>\n<td>C\u00e1psula arredondada<\/td>\n<\/tr>\n<tr style=\"height: 13.50pt;\">\n<td style=\"height: 13.50pt;\" height=\"18\">Ideal para<\/td>\n<td>Amostras de fragr\u00e2ncias, frascos de perfume em miniatura, frasco de perfume para viagem<\/td>\n<\/tr>\n<\/tbody>\n<\/table>\n<h2>Hist\u00f3ria de Sucesso: O Kit de Descoberta de um Perfumista de Nicho<\/h2>\n<p>Nossos frascos de perfume em miniatura de 5 ml foram encomendados por um fabricante australiano de perfumes. Cada fragr\u00e2ncia foi escolhida para ser apresentada em frascos met\u00e1licos de cores variadas. O tamanho reduzido tamb\u00e9m contribuiu com 40% para as vendas, j\u00e1 que os produtos adicionados \u00e0s compras por impulso em viagens foram adicionados ao carrinho de compras. Essa cole\u00e7\u00e3o de perfumes foi um sucesso de vendas e a marca conquistou 60% dos novos clientes, que compraram o conjunto. Diante desse sucesso, o fabricante encomendou mais 150.000 frascos para lan\u00e7ar a nova cole\u00e7\u00e3o.<\/p>\n<h2>Frascos de perfume de viagem personaliz\u00e1veis<\/h2>\n<ul>\n<li>Cor do metal personalizada \u2013 O revestimento PVD da carca\u00e7a met\u00e1lica deve ter as mesmas cores da sua marca.<\/li>\n<li>Grava\u00e7\u00e3o a laser na embalagem \u2013 Imprima seu logotipo, design ou nome de perfume na superf\u00edcie met\u00e1lica.<\/li>\n<li>Formato de janela personalizado: escolha o contorno da janela transparente (por exemplo, oval, em forma de l\u00e1grima).<\/li>\n<li>Anel antiderrapante texturizado: Um anel fino texturizado \u00e9 fornecido \u00e0 tampa de metal para proporcionar melhor ader\u00eancia.<\/li>\n<\/ul>","protected":false},"excerpt":{"rendered":"<p>Descubra frascos de perfume em miniatura com um elegante anel prateado. Este frasco de perfume de viagem de 5ml est\u00e1 dispon\u00edvel em rosa, dourado e outras cores. Envio r\u00e1pido dispon\u00edvel para todas as cores.<\/p>","protected":false},"featured_media":4074,"template":"","meta":{"postBodyCss":"","postBodyMargin":[],"postBodyPadding":[],"postBodyBackground":{"backgroundType":"classic","gradient":""}},"product_brand":[],"product_cat":[15,16,62],"product_tag":[],"class_list":{"0":"post-4067","1":"product","2":"type-product","3":"status-publish","4":"has-post-thumbnail","6":"product_cat-glass-containers","7":"product_cat-glass-bottles","8":"product_cat-perfume-bottles","10":"first","11":"instock","12":"shipping-taxable","13":"product-type-simple"},"jetpack_sharing_enabled":true,"_links":{"self":[{"href":"https:\/\/minghanggroup.com\/pt\/wp-json\/wp\/v2\/product\/4067","targetHints":{"allow":["GET"]}}],"collection":[{"href":"https:\/\/minghanggroup.com\/pt\/wp-json\/wp\/v2\/product"}],"about":[{"href":"https:\/\/minghanggroup.com\/pt\/wp-json\/wp\/v2\/types\/product"}],"wp:featuredmedia":[{"embeddable":true,"href":"https:\/\/minghanggroup.com\/pt\/wp-json\/wp\/v2\/media\/4074"}],"wp:attachment":[{"href":"https:\/\/minghanggroup.com\/pt\/wp-json\/wp\/v2\/media?parent=4067"}],"wp:term":[{"taxonomy":"product_brand","embeddable":true,"href":"https:\/\/minghanggroup.com\/pt\/wp-json\/wp\/v2\/product_brand?post=4067"},{"taxonomy":"product_cat","embeddable":true,"href":"https:\/\/minghanggroup.com\/pt\/wp-json\/wp\/v2\/product_cat?post=4067"},{"taxonomy":"product_tag","embeddable":true,"href":"https:\/\/minghanggroup.com\/pt\/wp-json\/wp\/v2\/product_tag?post=4067"}],"curies":[{"name":"wp","href":"https:\/\/api.w.org\/{rel}","templated":true}]}}